{"id":8411,"date":"2021-12-01T20:47:14","date_gmt":"2021-12-02T00:47:14","guid":{"rendered":"https:\/\/arubasportsmedicine.org\/evaluaciones-funcionales\/"},"modified":"2025-02-10T17:28:58","modified_gmt":"2025-02-10T21:28:58","slug":"evaluaciones-funcionales","status":"publish","type":"page","link":"https:\/\/arubasportsmedicine.org\/es\/servicios\/evaluaciones-funcionales\/","title":{"rendered":"Evaluaciones funcionales"},"content":{"rendered":"<div id=\"pl-8411\"  class=\"panel-layout\" ><div id=\"pg-8411-0\"  class=\"panel-grid panel-no-style\" ><div id=\"pgc-8411-0-0\"  class=\"panel-grid-cell\" ><div id=\"panel-8411-0-0-0\" class=\"so-panel widget widget_sow-editor panel-first-child panel-last-child\" data-index=\"0\" ><div\n\t\t\t\n\t\t\tclass=\"so-widget-sow-editor so-widget-sow-editor-base\"\n\t\t\t\n\t\t>\n<div class=\"siteorigin-widget-tinymce textwidget\">\n\t<p><!-- wp:paragraph --><\/p>\n<p>Se ofrecen servicios de valoraci\u00f3n y diagn\u00f3stico de patolog\u00edas traum\u00e1ticas, ya sean deportivas o no, en el servicio existe una amplia experiencia laboral con lesiones en deportes de combate. Se realizan evaluaciones ecogr\u00e1ficas para esclarecer el diagn\u00f3stico y se realizan tratamientos guiados por ecograf\u00eda, se dosifican tratamientos de fisioterapia con indicaciones precisas para patolog\u00edas agudas o cr\u00f3nicas.<br \/> Se realiza evaluaci\u00f3n e indica planes de rehabilitaci\u00f3n postraum\u00e1tica o despu\u00e9s de cirug\u00eda musculoesquel\u00e9tica.<\/p>\n<p><!-- \/wp:paragraph --><\/p>\n<\/div>\n<\/div><\/div><\/div><\/div><div id=\"pg-8411-1\"  class=\"panel-grid panel-no-style\" ><div id=\"pgc-8411-1-0\"  class=\"panel-grid-cell\" ><div id=\"panel-8411-1-0-0\" class=\"so-panel widget widget_media_image panel-first-child panel-last-child\" data-index=\"1\" ><img decoding=\"async\" width=\"300\" height=\"150\" src=\"https:\/\/arubasportsmedicine.org\/wp-content\/uploads\/2020\/09\/Physical_Therapy_Can_Prevent_Injuries-300x150.jpg\" class=\"image wp-image-7958  attachment-medium size-medium\" alt=\"\" style=\"max-width: 100%; height: auto;\" srcset=\"https:\/\/arubasportsmedicine.org\/wp-content\/uploads\/2020\/09\/Physical_Therapy_Can_Prevent_Injuries-300x150.jpg 300w, https:\/\/arubasportsmedicine.org\/wp-content\/uploads\/2020\/09\/Physical_Therapy_Can_Prevent_Injuries-600x300.jpg 600w, https:\/\/arubasportsmedicine.org\/wp-content\/uploads\/2020\/09\/Physical_Therapy_Can_Prevent_Injuries-768x384.jpg 768w, https:\/\/arubasportsmedicine.org\/wp-content\/uploads\/2020\/09\/Physical_Therapy_Can_Prevent_Injuries-848x425.jpg 848w, https:\/\/arubasportsmedicine.org\/wp-content\/uploads\/2020\/09\/Physical_Therapy_Can_Prevent_Injuries-360x180.jpg 360w, https:\/\/arubasportsmedicine.org\/wp-content\/uploads\/2020\/09\/Physical_Therapy_Can_Prevent_Injuries.jpg 851w\" sizes=\"(max-width: 300px) 100vw, 300px\" \/><\/div><\/div><div id=\"pgc-8411-1-1\"  class=\"panel-grid-cell\" ><div id=\"panel-8411-1-1-0\" class=\"so-panel widget widget_media_image panel-first-child panel-last-child\" data-index=\"2\" ><img fetchpriority=\"high\" decoding=\"async\" width=\"300\" height=\"225\" src=\"https:\/\/arubasportsmedicine.org\/wp-content\/uploads\/2022\/02\/20210918_095028-300x225.jpg\" class=\"image wp-image-8891  attachment-medium size-medium\" alt=\"\" style=\"max-width: 100%; height: auto;\" srcset=\"https:\/\/arubasportsmedicine.org\/wp-content\/uploads\/2022\/02\/20210918_095028-300x225.jpg 300w, https:\/\/arubasportsmedicine.org\/wp-content\/uploads\/2022\/02\/20210918_095028-600x450.jpg 600w, https:\/\/arubasportsmedicine.org\/wp-content\/uploads\/2022\/02\/20210918_095028-1024x768.jpg 1024w, https:\/\/arubasportsmedicine.org\/wp-content\/uploads\/2022\/02\/20210918_095028-768x576.jpg 768w, https:\/\/arubasportsmedicine.org\/wp-content\/uploads\/2022\/02\/20210918_095028-1536x1152.jpg 1536w, https:\/\/arubasportsmedicine.org\/wp-content\/uploads\/2022\/02\/20210918_095028-2048x1536.jpg 2048w\" sizes=\"(max-width: 300px) 100vw, 300px\" \/><\/div><\/div><div id=\"pgc-8411-1-2\"  class=\"panel-grid-cell\" ><div id=\"panel-8411-1-2-0\" class=\"so-panel widget widget_media_image panel-first-child panel-last-child\" data-index=\"3\" ><img decoding=\"async\" width=\"300\" height=\"225\" src=\"https:\/\/arubasportsmedicine.org\/wp-content\/uploads\/2022\/02\/20210918_094803-300x225.jpg\" class=\"image wp-image-8887  attachment-medium size-medium\" alt=\"\" style=\"max-width: 100%; height: auto;\" srcset=\"https:\/\/arubasportsmedicine.org\/wp-content\/uploads\/2022\/02\/20210918_094803-300x225.jpg 300w, https:\/\/arubasportsmedicine.org\/wp-content\/uploads\/2022\/02\/20210918_094803-600x450.jpg 600w, https:\/\/arubasportsmedicine.org\/wp-content\/uploads\/2022\/02\/20210918_094803-1024x768.jpg 1024w, https:\/\/arubasportsmedicine.org\/wp-content\/uploads\/2022\/02\/20210918_094803-768x576.jpg 768w, https:\/\/arubasportsmedicine.org\/wp-content\/uploads\/2022\/02\/20210918_094803-1536x1152.jpg 1536w, https:\/\/arubasportsmedicine.org\/wp-content\/uploads\/2022\/02\/20210918_094803-2048x1536.jpg 2048w\" sizes=\"(max-width: 300px) 100vw, 300px\" \/><\/div><\/div><\/div><\/div>","protected":false},"excerpt":{"rendered":"<p>Se ofrecen servicios de valoraci\u00f3n y diagn\u00f3stico de patolog\u00edas traum\u00e1ticas, ya sean deportivas o no, en el servicio existe una amplia experiencia laboral con lesiones en deportes de combate. Se realizan evaluaciones ecogr\u00e1ficas para esclarecer el diagn\u00f3stico y se realizan tratamientos guiados por ecograf\u00eda, se dosifican tratamientos de fisioterapia con indicaciones precisas para patolog\u00edas agudas [&hellip;]<\/p>\n","protected":false},"author":1,"featured_media":0,"parent":8499,"menu_order":5,"comment_status":"closed","ping_status":"closed","template":"","meta":{"_acf_changed":false,"footnotes":""},"class_list":["post-8411","page","type-page","status-publish","hentry"],"acf":[],"yoast_head":"<!-- This site is optimized with the Yoast SEO Premium plugin v24.4 (Yoast SEO v27.2) - https:\/\/yoast.com\/product\/yoast-seo-premium-wordpress\/ -->\n<title>Evaluaciones funcionales - Fundacion CEMEDAR Centro Medico Deportivo Aruba<\/title>\n<meta name=\"robots\" content=\"index, follow, max-snippet:-1, max-image-preview:large, max-video-preview:-1\" \/>\n<link rel=\"canonical\" href=\"https:\/\/arubasportsmedicine.org\/es\/servicios\/evaluaciones-funcionales\/\" \/>\n<meta property=\"og:locale\" content=\"es_ES\" \/>\n<meta property=\"og:type\" content=\"article\" \/>\n<meta property=\"og:title\" content=\"Evaluaciones funcionales\" \/>\n<meta property=\"og:description\" content=\"Se ofrecen servicios de valoraci\u00f3n y diagn\u00f3stico de patolog\u00edas traum\u00e1ticas, ya sean deportivas o no, en el servicio existe una amplia experiencia laboral con lesiones en deportes de combate. Se realizan evaluaciones ecogr\u00e1ficas para esclarecer el diagn\u00f3stico y se realizan tratamientos guiados por ecograf\u00eda, se dosifican tratamientos de fisioterapia con indicaciones precisas para patolog\u00edas agudas [&hellip;]\" \/>\n<meta property=\"og:url\" content=\"https:\/\/arubasportsmedicine.org\/es\/servicios\/evaluaciones-funcionales\/\" \/>\n<meta property=\"og:site_name\" content=\"Fundacion CEMEDAR Centro Medico Deportivo Aruba\" \/>\n<meta property=\"article:publisher\" content=\"https:\/\/www.facebook.com\/CEMEDARCentroMedicoDeportivoAruba\" \/>\n<meta property=\"article:modified_time\" content=\"2025-02-10T21:28:58+00:00\" \/>\n<meta property=\"og:image\" content=\"https:\/\/arubasportsmedicine.org\/wp-content\/uploads\/2022\/02\/20210918_100304-1024x768.jpg\" \/>\n<meta name=\"twitter:card\" content=\"summary_large_image\" \/>\n<meta name=\"twitter:site\" content=\"@CEMEDAR\" \/>\n<meta name=\"twitter:label1\" content=\"Tiempo de lectura\" \/>\n\t<meta name=\"twitter:data1\" content=\"3 minutos\" \/>\n<script type=\"application\/ld+json\" class=\"yoast-schema-graph\">{\"@context\":\"https:\/\/schema.org\",\"@graph\":[{\"@type\":\"WebPage\",\"@id\":\"https:\/\/arubasportsmedicine.org\/es\/servicios\/evaluaciones-funcionales\/\",\"url\":\"https:\/\/arubasportsmedicine.org\/es\/servicios\/evaluaciones-funcionales\/\",\"name\":\"Evaluaciones funcionales - Fundacion CEMEDAR Centro Medico Deportivo Aruba\",\"isPartOf\":{\"@id\":\"https:\/\/arubasportsmedicine.org\/es\/#website\"},\"primaryImageOfPage\":{\"@id\":\"https:\/\/arubasportsmedicine.org\/es\/servicios\/evaluaciones-funcionales\/#primaryimage\"},\"image\":{\"@id\":\"https:\/\/arubasportsmedicine.org\/es\/servicios\/evaluaciones-funcionales\/#primaryimage\"},\"thumbnailUrl\":\"https:\/\/arubasportsmedicine.org\/wp-content\/uploads\/2022\/02\/20210918_100304-1024x768.jpg\",\"datePublished\":\"2021-12-02T00:47:14+00:00\",\"dateModified\":\"2025-02-10T21:28:58+00:00\",\"breadcrumb\":{\"@id\":\"https:\/\/arubasportsmedicine.org\/es\/servicios\/evaluaciones-funcionales\/#breadcrumb\"},\"inLanguage\":\"es\",\"potentialAction\":[{\"@type\":\"ReadAction\",\"target\":[\"https:\/\/arubasportsmedicine.org\/es\/servicios\/evaluaciones-funcionales\/\"]}]},{\"@type\":\"ImageObject\",\"inLanguage\":\"es\",\"@id\":\"https:\/\/arubasportsmedicine.org\/es\/servicios\/evaluaciones-funcionales\/#primaryimage\",\"url\":\"https:\/\/arubasportsmedicine.org\/wp-content\/uploads\/2022\/02\/20210918_100304-1024x768.jpg\",\"contentUrl\":\"https:\/\/arubasportsmedicine.org\/wp-content\/uploads\/2022\/02\/20210918_100304-1024x768.jpg\"},{\"@type\":\"BreadcrumbList\",\"@id\":\"https:\/\/arubasportsmedicine.org\/es\/servicios\/evaluaciones-funcionales\/#breadcrumb\",\"itemListElement\":[{\"@type\":\"ListItem\",\"position\":1,\"name\":\"Home\",\"item\":\"https:\/\/arubasportsmedicine.org\/es\/\"},{\"@type\":\"ListItem\",\"position\":2,\"name\":\"Servicios\",\"item\":\"https:\/\/arubasportsmedicine.org\/es\/servicios\/\"},{\"@type\":\"ListItem\",\"position\":3,\"name\":\"Evaluaciones funcionales\"}]},{\"@type\":\"WebSite\",\"@id\":\"https:\/\/arubasportsmedicine.org\/es\/#website\",\"url\":\"https:\/\/arubasportsmedicine.org\/es\/\",\"name\":\"Fundacion CEMEDAR Centro Medico Deportivo Aruba\",\"description\":\"Medicina Deportiva, Fisioterapia y Masajes Aruba\",\"publisher\":{\"@id\":\"https:\/\/arubasportsmedicine.org\/es\/#organization\"},\"potentialAction\":[{\"@type\":\"SearchAction\",\"target\":{\"@type\":\"EntryPoint\",\"urlTemplate\":\"https:\/\/arubasportsmedicine.org\/es\/?s={search_term_string}\"},\"query-input\":{\"@type\":\"PropertyValueSpecification\",\"valueRequired\":true,\"valueName\":\"search_term_string\"}}],\"inLanguage\":\"es\"},{\"@type\":\"Organization\",\"@id\":\"https:\/\/arubasportsmedicine.org\/es\/#organization\",\"name\":\"Fundacion Cemedar Centro Medico Deportivo Aruba\",\"url\":\"https:\/\/arubasportsmedicine.org\/es\/\",\"logo\":{\"@type\":\"ImageObject\",\"inLanguage\":\"es\",\"@id\":\"https:\/\/arubasportsmedicine.org\/es\/#\/schema\/logo\/image\/\",\"url\":\"https:\/\/arubasportsmedicine.org\/wp-content\/uploads\/2020\/09\/cemedar_logo_wp.png\",\"contentUrl\":\"https:\/\/arubasportsmedicine.org\/wp-content\/uploads\/2020\/09\/cemedar_logo_wp.png\",\"width\":332,\"height\":90,\"caption\":\"Fundacion Cemedar Centro Medico Deportivo Aruba\"},\"image\":{\"@id\":\"https:\/\/arubasportsmedicine.org\/es\/#\/schema\/logo\/image\/\"},\"sameAs\":[\"https:\/\/www.facebook.com\/CEMEDARCentroMedicoDeportivoAruba\",\"https:\/\/x.com\/CEMEDAR\",\"https:\/\/www.instagram.com\/cemedaruba\"]}]}<\/script>\n<!-- \/ Yoast SEO Premium plugin. -->","yoast_head_json":{"title":"Evaluaciones funcionales - Fundacion CEMEDAR Centro Medico Deportivo Aruba","robots":{"index":"index","follow":"follow","max-snippet":"max-snippet:-1","max-image-preview":"max-image-preview:large","max-video-preview":"max-video-preview:-1"},"canonical":"https:\/\/arubasportsmedicine.org\/es\/servicios\/evaluaciones-funcionales\/","og_locale":"es_ES","og_type":"article","og_title":"Evaluaciones funcionales","og_description":"Se ofrecen servicios de valoraci\u00f3n y diagn\u00f3stico de patolog\u00edas traum\u00e1ticas, ya sean deportivas o no, en el servicio existe una amplia experiencia laboral con lesiones en deportes de combate. Se realizan evaluaciones ecogr\u00e1ficas para esclarecer el diagn\u00f3stico y se realizan tratamientos guiados por ecograf\u00eda, se dosifican tratamientos de fisioterapia con indicaciones precisas para patolog\u00edas agudas [&hellip;]","og_url":"https:\/\/arubasportsmedicine.org\/es\/servicios\/evaluaciones-funcionales\/","og_site_name":"Fundacion CEMEDAR Centro Medico Deportivo Aruba","article_publisher":"https:\/\/www.facebook.com\/CEMEDARCentroMedicoDeportivoAruba","article_modified_time":"2025-02-10T21:28:58+00:00","og_image":[{"url":"https:\/\/arubasportsmedicine.org\/wp-content\/uploads\/2022\/02\/20210918_100304-1024x768.jpg","type":"","width":"","height":""}],"twitter_card":"summary_large_image","twitter_site":"@CEMEDAR","twitter_misc":{"Tiempo de lectura":"3 minutos"},"schema":{"@context":"https:\/\/schema.org","@graph":[{"@type":"WebPage","@id":"https:\/\/arubasportsmedicine.org\/es\/servicios\/evaluaciones-funcionales\/","url":"https:\/\/arubasportsmedicine.org\/es\/servicios\/evaluaciones-funcionales\/","name":"Evaluaciones funcionales - Fundacion CEMEDAR Centro Medico Deportivo Aruba","isPartOf":{"@id":"https:\/\/arubasportsmedicine.org\/es\/#website"},"primaryImageOfPage":{"@id":"https:\/\/arubasportsmedicine.org\/es\/servicios\/evaluaciones-funcionales\/#primaryimage"},"image":{"@id":"https:\/\/arubasportsmedicine.org\/es\/servicios\/evaluaciones-funcionales\/#primaryimage"},"thumbnailUrl":"https:\/\/arubasportsmedicine.org\/wp-content\/uploads\/2022\/02\/20210918_100304-1024x768.jpg","datePublished":"2021-12-02T00:47:14+00:00","dateModified":"2025-02-10T21:28:58+00:00","breadcrumb":{"@id":"https:\/\/arubasportsmedicine.org\/es\/servicios\/evaluaciones-funcionales\/#breadcrumb"},"inLanguage":"es","potentialAction":[{"@type":"ReadAction","target":["https:\/\/arubasportsmedicine.org\/es\/servicios\/evaluaciones-funcionales\/"]}]},{"@type":"ImageObject","inLanguage":"es","@id":"https:\/\/arubasportsmedicine.org\/es\/servicios\/evaluaciones-funcionales\/#primaryimage","url":"https:\/\/arubasportsmedicine.org\/wp-content\/uploads\/2022\/02\/20210918_100304-1024x768.jpg","contentUrl":"https:\/\/arubasportsmedicine.org\/wp-content\/uploads\/2022\/02\/20210918_100304-1024x768.jpg"},{"@type":"BreadcrumbList","@id":"https:\/\/arubasportsmedicine.org\/es\/servicios\/evaluaciones-funcionales\/#breadcrumb","itemListElement":[{"@type":"ListItem","position":1,"name":"Home","item":"https:\/\/arubasportsmedicine.org\/es\/"},{"@type":"ListItem","position":2,"name":"Servicios","item":"https:\/\/arubasportsmedicine.org\/es\/servicios\/"},{"@type":"ListItem","position":3,"name":"Evaluaciones funcionales"}]},{"@type":"WebSite","@id":"https:\/\/arubasportsmedicine.org\/es\/#website","url":"https:\/\/arubasportsmedicine.org\/es\/","name":"Fundacion CEMEDAR Centro Medico Deportivo Aruba","description":"Medicina Deportiva, Fisioterapia y Masajes Aruba","publisher":{"@id":"https:\/\/arubasportsmedicine.org\/es\/#organization"},"potentialAction":[{"@type":"SearchAction","target":{"@type":"EntryPoint","urlTemplate":"https:\/\/arubasportsmedicine.org\/es\/?s={search_term_string}"},"query-input":{"@type":"PropertyValueSpecification","valueRequired":true,"valueName":"search_term_string"}}],"inLanguage":"es"},{"@type":"Organization","@id":"https:\/\/arubasportsmedicine.org\/es\/#organization","name":"Fundacion Cemedar Centro Medico Deportivo Aruba","url":"https:\/\/arubasportsmedicine.org\/es\/","logo":{"@type":"ImageObject","inLanguage":"es","@id":"https:\/\/arubasportsmedicine.org\/es\/#\/schema\/logo\/image\/","url":"https:\/\/arubasportsmedicine.org\/wp-content\/uploads\/2020\/09\/cemedar_logo_wp.png","contentUrl":"https:\/\/arubasportsmedicine.org\/wp-content\/uploads\/2020\/09\/cemedar_logo_wp.png","width":332,"height":90,"caption":"Fundacion Cemedar Centro Medico Deportivo Aruba"},"image":{"@id":"https:\/\/arubasportsmedicine.org\/es\/#\/schema\/logo\/image\/"},"sameAs":["https:\/\/www.facebook.com\/CEMEDARCentroMedicoDeportivoAruba","https:\/\/x.com\/CEMEDAR","https:\/\/www.instagram.com\/cemedaruba"]}]}},"_links":{"self":[{"href":"https:\/\/arubasportsmedicine.org\/es\/wp-json\/wp\/v2\/pages\/8411","targetHints":{"allow":["GET"]}}],"collection":[{"href":"https:\/\/arubasportsmedicine.org\/es\/wp-json\/wp\/v2\/pages"}],"about":[{"href":"https:\/\/arubasportsmedicine.org\/es\/wp-json\/wp\/v2\/types\/page"}],"author":[{"embeddable":true,"href":"https:\/\/arubasportsmedicine.org\/es\/wp-json\/wp\/v2\/users\/1"}],"replies":[{"embeddable":true,"href":"https:\/\/arubasportsmedicine.org\/es\/wp-json\/wp\/v2\/comments?post=8411"}],"version-history":[{"count":15,"href":"https:\/\/arubasportsmedicine.org\/es\/wp-json\/wp\/v2\/pages\/8411\/revisions"}],"predecessor-version":[{"id":9373,"href":"https:\/\/arubasportsmedicine.org\/es\/wp-json\/wp\/v2\/pages\/8411\/revisions\/9373"}],"up":[{"embeddable":true,"href":"https:\/\/arubasportsmedicine.org\/es\/wp-json\/wp\/v2\/pages\/8499"}],"wp:attachment":[{"href":"https:\/\/arubasportsmedicine.org\/es\/wp-json\/wp\/v2\/media?parent=8411"}],"curies":[{"name":"wp","href":"https:\/\/api.w.org\/{rel}","templated":true}]}}