{"id":8424,"date":"2021-12-01T20:47:20","date_gmt":"2021-12-02T00:47:20","guid":{"rendered":"https:\/\/arubasportsmedicine.org\/terapia-de-masajes\/"},"modified":"2025-02-18T12:26:46","modified_gmt":"2025-02-18T16:26:46","slug":"terapia-de-masajes","status":"publish","type":"page","link":"https:\/\/arubasportsmedicine.org\/es\/terapia-de-masajes\/","title":{"rendered":"Terapia de Masajes"},"content":{"rendered":"<div id=\"pl-8424\"  class=\"panel-layout\" ><div id=\"pg-8424-0\"  class=\"panel-grid panel-no-style\" ><div id=\"pgc-8424-0-0\"  class=\"panel-grid-cell\" ><div id=\"panel-8424-0-0-0\" class=\"so-panel widget widget_sow-editor panel-first-child panel-last-child\" data-index=\"0\" ><div\n\t\t\t\n\t\t\tclass=\"so-widget-sow-editor so-widget-sow-editor-base\"\n\t\t\t\n\t\t>\n<div class=\"siteorigin-widget-tinymce textwidget\">\n\t<p>La terapia de masaje es una combinaci\u00f3n de diferentes t\u00e9cnicas que manipulan los tejidos blandos y las articulaciones para mejorar la salud general de su cuerpo. El masaje aumenta el ox\u00edgeno y los nutrientes en sus m\u00fasculos. Tambi\u00e9n ayuda a eliminar los desechos de sus tejidos. El masaje acelera la capacidad natural del cuerpo para curarse a s\u00ed mismo.<\/p>\n<\/div>\n<\/div><\/div><\/div><\/div><div id=\"pg-8424-1\"  class=\"panel-grid panel-no-style\" ><div id=\"pgc-8424-1-0\"  class=\"panel-grid-cell\" ><div id=\"panel-8424-1-0-0\" class=\"so-panel widget widget_sow-editor panel-first-child panel-last-child\" data-index=\"1\" ><div\n\t\t\t\n\t\t\tclass=\"so-widget-sow-editor so-widget-sow-editor-base\"\n\t\t\t\n\t\t>\n<div class=\"siteorigin-widget-tinymce textwidget\">\n\t<p><strong><img fetchpriority=\"high\" fetchpriority=\"high\" decoding=\"async\" class=\"alignnone wp-image-9277 size-large\" src=\"https:\/\/arubasportsmedicine.org\/wp-content\/uploads\/2025\/02\/IMG_0660-768x1024.jpg\" alt=\"\" width=\"768\" height=\"1024\" srcset=\"https:\/\/arubasportsmedicine.org\/wp-content\/uploads\/2025\/02\/IMG_0660-768x1024.jpg 768w, https:\/\/arubasportsmedicine.org\/wp-content\/uploads\/2025\/02\/IMG_0660-225x300.jpg 225w, https:\/\/arubasportsmedicine.org\/wp-content\/uploads\/2025\/02\/IMG_0660-1152x1536.jpg 1152w, https:\/\/arubasportsmedicine.org\/wp-content\/uploads\/2025\/02\/IMG_0660-1536x2048.jpg 1536w, https:\/\/arubasportsmedicine.org\/wp-content\/uploads\/2025\/02\/IMG_0660-scaled.jpg 1920w\" sizes=\"(max-width: 768px) 100vw, 768px\" \/><\/strong><\/p>\n<\/div>\n<\/div><\/div><\/div><div id=\"pgc-8424-1-1\"  class=\"panel-grid-cell\" ><div id=\"panel-8424-1-1-0\" class=\"so-panel widget widget_sow-editor panel-first-child panel-last-child\" data-index=\"2\" ><div\n\t\t\t\n\t\t\tclass=\"so-widget-sow-editor so-widget-sow-editor-base\"\n\t\t\t\n\t\t>\n<div class=\"siteorigin-widget-tinymce textwidget\">\n\t<p><img decoding=\"async\" class=\"alignnone wp-image-9279 size-large\" src=\"https:\/\/arubasportsmedicine.org\/wp-content\/uploads\/2025\/02\/IMG_0652-768x1024.jpg\" alt=\"\" width=\"768\" height=\"1024\" srcset=\"https:\/\/arubasportsmedicine.org\/wp-content\/uploads\/2025\/02\/IMG_0652-768x1024.jpg 768w, https:\/\/arubasportsmedicine.org\/wp-content\/uploads\/2025\/02\/IMG_0652-225x300.jpg 225w, https:\/\/arubasportsmedicine.org\/wp-content\/uploads\/2025\/02\/IMG_0652-1152x1536.jpg 1152w, https:\/\/arubasportsmedicine.org\/wp-content\/uploads\/2025\/02\/IMG_0652-1536x2048.jpg 1536w, https:\/\/arubasportsmedicine.org\/wp-content\/uploads\/2025\/02\/IMG_0652-scaled.jpg 1920w\" sizes=\"(max-width: 768px) 100vw, 768px\" \/><\/p>\n<\/div>\n<\/div><\/div><\/div><\/div><div id=\"pg-8424-2\"  class=\"panel-grid panel-no-style\" ><div id=\"pgc-8424-2-0\"  class=\"panel-grid-cell\" ><div id=\"panel-8424-2-0-0\" class=\"so-panel widget widget_sow-editor panel-first-child panel-last-child\" data-index=\"3\" ><div\n\t\t\t\n\t\t\tclass=\"so-widget-sow-editor so-widget-sow-editor-base\"\n\t\t\t\n\t\t>\n<div class=\"siteorigin-widget-tinymce textwidget\">\n\t<p><strong><span style=\"color: #56afd5; font-size: 15px;\">Relajaci\u00f3n y Bienestar Total<\/span><\/strong><\/p>\n<p><span class=\"wordai-block rewrite-block enable-highlight\" data-id=\"5\">La terapia de masaje consiste en la evaluaci\u00f3n y el tratamiento de la disfunci\u00f3n de los tejidos blandos y las articulaciones.<\/span> <span class=\"wordai-block rewrite-block enable-highlight\" data-id=\"4\">El masaje puede aumentar la flexibilidad y el rango de movimiento, as\u00ed como una sensaci\u00f3n general de bienestar y relajaci\u00f3n.<\/span><\/p>\n<\/div>\n<\/div><\/div><\/div><div id=\"pgc-8424-2-1\"  class=\"panel-grid-cell\" ><div id=\"panel-8424-2-1-0\" class=\"so-panel widget widget_sow-editor panel-first-child panel-last-child\" data-index=\"4\" ><div\n\t\t\t\n\t\t\tclass=\"so-widget-sow-editor so-widget-sow-editor-base\"\n\t\t\t\n\t\t>\n<div class=\"siteorigin-widget-tinymce textwidget\">\n\t<p><strong><span style=\"color: #56afd5; font-size: 15px;\">Todo tipo de terapias de masajes<\/span><\/strong><\/p>\n<p>Tambi\u00e9n puede recibir tratamientos miofasciales y electroacupuntura, acupuntura \/ acupuntura, ultrasonido \/ vendaje terap\u00e9utico, IFC, as\u00ed como movilizaci\u00f3n de articulaciones, ejercicios en el hogar y terapia de ventosas.<\/p>\n<\/div>\n<\/div><\/div><\/div><\/div><div id=\"pg-8424-3\"  class=\"panel-grid panel-no-style\" ><div id=\"pgc-8424-3-0\"  class=\"panel-grid-cell\" ><div id=\"panel-8424-3-0-0\" class=\"so-panel widget widget_sow-editor panel-first-child panel-last-child\" data-index=\"5\" ><div\n\t\t\t\n\t\t\tclass=\"so-widget-sow-editor so-widget-sow-editor-base\"\n\t\t\t\n\t\t>\n<div class=\"siteorigin-widget-tinymce textwidget\">\n\t<h3>Los beneficios del masaje<\/h3>\n<p>Todos los que aman el ejercicio deber\u00edan considerar seriamente la terapia de masaje como una opci\u00f3n de estilo de vida. Es una forma ideal de agregar alivio del estr\u00e9s a su plan de ejercicios. Sin embargo, tiene otros beneficios clave.<\/p>\n<p>La terapia de masaje deportivo en realidad utiliza una combinaci\u00f3n de varias t\u00e9cnicas diferentes. El masaje tiene dos prop\u00f3sitos principales. <strong>Ayuda a relajar los m\u00fasculos<\/strong> y <strong>alivia la tensi\u00f3n<\/strong> mediante el uso de una combinaci\u00f3n de movimientos de la mano. Otros beneficios incluyen los siguientes:<\/p>\n<ul>\n<li><strong>Circulaci\u00f3n mejorada<\/strong> . La estimulaci\u00f3n de las c\u00e9lulas de los tejidos y la sangre mediante masajes suele ir seguida o acompa\u00f1ada de un aumento del intercambio de sustancias, lo que mejora el metabolismo de los tejidos. <strong>El masaje aumenta el suministro de ox\u00edgeno<\/strong> y los nutrientes. Esto permite que el cuerpo se reconstruya a s\u00ed mismo.<\/li>\n<li><strong>Alcance y flexibilidad mejorados<\/strong> Esto dar\u00e1 como resultado una mayor potencia y rendimiento. Tambi\u00e9n le permite trabajar de manera eficiente, con la intensidad adecuada, y facilita la respuesta de desarrollo muscular del cuerpo.<\/li>\n<li>Ayuda a <strong>disminuir el tiempo de recuperaci\u00f3n<\/strong> entre entrenamientos. Despu\u00e9s del ejercicio, los m\u00fasculos pueden acumular productos de desecho como los \u00e1cidos l\u00e1ctico y carb\u00f3nico. El aumento de la circulaci\u00f3n ayuda a estos m\u00fasculos a deshacerse de los productos de desecho t\u00f3xicos y acelera la recuperaci\u00f3n.<\/li>\n<li>Puede ayudar <strong>a prevenir el sobreentrenamiento<\/strong> . El masaje tiene un efecto relajante y sedante sobre su sistema nervioso. Esto se puede utilizar para evitar el s\u00edndrome de sobreentrenamiento. Tiene un efecto limitado sobre el desarrollo muscular.<\/li>\n<li>Ayuda <strong>a tratar y prevenir lesiones<\/strong> . El masaje puede aumentar la circulaci\u00f3n para prevenir adherencias y romperlas estirando el tejido conectivo. El masaje tiene la capacidad de influir en la liberaci\u00f3n de ciertos fluidos como el f\u00f3sforo o el nitr\u00f3geno que son necesarios para la curaci\u00f3n de los tejidos.<\/li>\n<\/ul>\n<\/div>\n<\/div><\/div><\/div><\/div><\/div>","protected":false},"excerpt":{"rendered":"<p>La terapia de masaje es un tratamiento pr\u00e1ctico que implica la manipulaci\u00f3n de las estructuras de los tejidos blandos del cuerpo para prevenir y aliviar el dolor, la incomodidad y los espasmos musculares. La terapia de masaje tambi\u00e9n promueve la salud y el bienestar.<\/p>\n","protected":false},"author":1,"featured_media":0,"parent":0,"menu_order":10,"comment_status":"closed","ping_status":"closed","template":"","meta":{"_acf_changed":false,"footnotes":""},"class_list":["post-8424","page","type-page","status-publish","hentry"],"acf":[],"yoast_head":"<!-- This site is optimized with the Yoast SEO Premium plugin v24.4 (Yoast SEO v27.2) - https:\/\/yoast.com\/product\/yoast-seo-premium-wordpress\/ -->\n<title>Terapia de Masajes - Fundacion CEMEDAR Centro Medico Deportivo Aruba<\/title>\n<meta name=\"robots\" content=\"index, follow, max-snippet:-1, max-image-preview:large, max-video-preview:-1\" \/>\n<link rel=\"canonical\" href=\"https:\/\/arubasportsmedicine.org\/es\/terapia-de-masajes\/\" \/>\n<meta property=\"og:locale\" content=\"es_ES\" \/>\n<meta property=\"og:type\" content=\"article\" \/>\n<meta property=\"og:title\" content=\"Terapia de Masajes\" \/>\n<meta property=\"og:description\" content=\"La terapia de masaje es un tratamiento pr\u00e1ctico que implica la manipulaci\u00f3n de las estructuras de los tejidos blandos del cuerpo para prevenir y aliviar el dolor, la incomodidad y los espasmos musculares. La terapia de masaje tambi\u00e9n promueve la salud y el bienestar.\" \/>\n<meta property=\"og:url\" content=\"https:\/\/arubasportsmedicine.org\/es\/terapia-de-masajes\/\" \/>\n<meta property=\"og:site_name\" content=\"Fundacion CEMEDAR Centro Medico Deportivo Aruba\" \/>\n<meta property=\"article:publisher\" content=\"https:\/\/www.facebook.com\/CEMEDARCentroMedicoDeportivoAruba\" \/>\n<meta property=\"article:modified_time\" content=\"2025-02-18T16:26:46+00:00\" \/>\n<meta property=\"og:image\" content=\"https:\/\/arubasportsmedicine.org\/wp-content\/uploads\/2021\/03\/Aruba-Massage-Sport-HalfBody.jpg\" \/>\n<meta name=\"twitter:card\" content=\"summary_large_image\" \/>\n<meta name=\"twitter:site\" content=\"@CEMEDAR\" \/>\n<meta name=\"twitter:label1\" content=\"Tiempo de lectura\" \/>\n\t<meta name=\"twitter:data1\" content=\"2 minutos\" \/>\n<script type=\"application\/ld+json\" class=\"yoast-schema-graph\">{\"@context\":\"https:\/\/schema.org\",\"@graph\":[{\"@type\":\"WebPage\",\"@id\":\"https:\/\/arubasportsmedicine.org\/es\/terapia-de-masajes\/\",\"url\":\"https:\/\/arubasportsmedicine.org\/es\/terapia-de-masajes\/\",\"name\":\"Terapia de Masajes - Fundacion CEMEDAR Centro Medico Deportivo Aruba\",\"isPartOf\":{\"@id\":\"https:\/\/arubasportsmedicine.org\/es\/#website\"},\"primaryImageOfPage\":{\"@id\":\"https:\/\/arubasportsmedicine.org\/es\/terapia-de-masajes\/#primaryimage\"},\"image\":{\"@id\":\"https:\/\/arubasportsmedicine.org\/es\/terapia-de-masajes\/#primaryimage\"},\"thumbnailUrl\":\"https:\/\/arubasportsmedicine.org\/wp-content\/uploads\/2021\/03\/Aruba-Massage-Sport-HalfBody.jpg\",\"datePublished\":\"2021-12-02T00:47:20+00:00\",\"dateModified\":\"2025-02-18T16:26:46+00:00\",\"breadcrumb\":{\"@id\":\"https:\/\/arubasportsmedicine.org\/es\/terapia-de-masajes\/#breadcrumb\"},\"inLanguage\":\"es\",\"potentialAction\":[{\"@type\":\"ReadAction\",\"target\":[\"https:\/\/arubasportsmedicine.org\/es\/terapia-de-masajes\/\"]}]},{\"@type\":\"ImageObject\",\"inLanguage\":\"es\",\"@id\":\"https:\/\/arubasportsmedicine.org\/es\/terapia-de-masajes\/#primaryimage\",\"url\":\"https:\/\/arubasportsmedicine.org\/wp-content\/uploads\/2021\/03\/Aruba-Massage-Sport-HalfBody.jpg\",\"contentUrl\":\"https:\/\/arubasportsmedicine.org\/wp-content\/uploads\/2021\/03\/Aruba-Massage-Sport-HalfBody.jpg\"},{\"@type\":\"BreadcrumbList\",\"@id\":\"https:\/\/arubasportsmedicine.org\/es\/terapia-de-masajes\/#breadcrumb\",\"itemListElement\":[{\"@type\":\"ListItem\",\"position\":1,\"name\":\"Home\",\"item\":\"https:\/\/arubasportsmedicine.org\/es\/\"},{\"@type\":\"ListItem\",\"position\":2,\"name\":\"Terapia de Masajes\"}]},{\"@type\":\"WebSite\",\"@id\":\"https:\/\/arubasportsmedicine.org\/es\/#website\",\"url\":\"https:\/\/arubasportsmedicine.org\/es\/\",\"name\":\"Fundacion CEMEDAR Centro Medico Deportivo Aruba\",\"description\":\"Medicina Deportiva, Fisioterapia y Masajes Aruba\",\"publisher\":{\"@id\":\"https:\/\/arubasportsmedicine.org\/es\/#organization\"},\"potentialAction\":[{\"@type\":\"SearchAction\",\"target\":{\"@type\":\"EntryPoint\",\"urlTemplate\":\"https:\/\/arubasportsmedicine.org\/es\/?s={search_term_string}\"},\"query-input\":{\"@type\":\"PropertyValueSpecification\",\"valueRequired\":true,\"valueName\":\"search_term_string\"}}],\"inLanguage\":\"es\"},{\"@type\":\"Organization\",\"@id\":\"https:\/\/arubasportsmedicine.org\/es\/#organization\",\"name\":\"Fundacion Cemedar Centro Medico Deportivo Aruba\",\"url\":\"https:\/\/arubasportsmedicine.org\/es\/\",\"logo\":{\"@type\":\"ImageObject\",\"inLanguage\":\"es\",\"@id\":\"https:\/\/arubasportsmedicine.org\/es\/#\/schema\/logo\/image\/\",\"url\":\"https:\/\/arubasportsmedicine.org\/wp-content\/uploads\/2020\/09\/cemedar_logo_wp.png\",\"contentUrl\":\"https:\/\/arubasportsmedicine.org\/wp-content\/uploads\/2020\/09\/cemedar_logo_wp.png\",\"width\":332,\"height\":90,\"caption\":\"Fundacion Cemedar Centro Medico Deportivo Aruba\"},\"image\":{\"@id\":\"https:\/\/arubasportsmedicine.org\/es\/#\/schema\/logo\/image\/\"},\"sameAs\":[\"https:\/\/www.facebook.com\/CEMEDARCentroMedicoDeportivoAruba\",\"https:\/\/x.com\/CEMEDAR\",\"https:\/\/www.instagram.com\/cemedaruba\"]}]}<\/script>\n<!-- \/ Yoast SEO Premium plugin. -->","yoast_head_json":{"title":"Terapia de Masajes - Fundacion CEMEDAR Centro Medico Deportivo Aruba","robots":{"index":"index","follow":"follow","max-snippet":"max-snippet:-1","max-image-preview":"max-image-preview:large","max-video-preview":"max-video-preview:-1"},"canonical":"https:\/\/arubasportsmedicine.org\/es\/terapia-de-masajes\/","og_locale":"es_ES","og_type":"article","og_title":"Terapia de Masajes","og_description":"La terapia de masaje es un tratamiento pr\u00e1ctico que implica la manipulaci\u00f3n de las estructuras de los tejidos blandos del cuerpo para prevenir y aliviar el dolor, la incomodidad y los espasmos musculares. La terapia de masaje tambi\u00e9n promueve la salud y el bienestar.","og_url":"https:\/\/arubasportsmedicine.org\/es\/terapia-de-masajes\/","og_site_name":"Fundacion CEMEDAR Centro Medico Deportivo Aruba","article_publisher":"https:\/\/www.facebook.com\/CEMEDARCentroMedicoDeportivoAruba","article_modified_time":"2025-02-18T16:26:46+00:00","og_image":[{"url":"https:\/\/arubasportsmedicine.org\/wp-content\/uploads\/2021\/03\/Aruba-Massage-Sport-HalfBody.jpg","type":"","width":"","height":""}],"twitter_card":"summary_large_image","twitter_site":"@CEMEDAR","twitter_misc":{"Tiempo de lectura":"2 minutos"},"schema":{"@context":"https:\/\/schema.org","@graph":[{"@type":"WebPage","@id":"https:\/\/arubasportsmedicine.org\/es\/terapia-de-masajes\/","url":"https:\/\/arubasportsmedicine.org\/es\/terapia-de-masajes\/","name":"Terapia de Masajes - Fundacion CEMEDAR Centro Medico Deportivo Aruba","isPartOf":{"@id":"https:\/\/arubasportsmedicine.org\/es\/#website"},"primaryImageOfPage":{"@id":"https:\/\/arubasportsmedicine.org\/es\/terapia-de-masajes\/#primaryimage"},"image":{"@id":"https:\/\/arubasportsmedicine.org\/es\/terapia-de-masajes\/#primaryimage"},"thumbnailUrl":"https:\/\/arubasportsmedicine.org\/wp-content\/uploads\/2021\/03\/Aruba-Massage-Sport-HalfBody.jpg","datePublished":"2021-12-02T00:47:20+00:00","dateModified":"2025-02-18T16:26:46+00:00","breadcrumb":{"@id":"https:\/\/arubasportsmedicine.org\/es\/terapia-de-masajes\/#breadcrumb"},"inLanguage":"es","potentialAction":[{"@type":"ReadAction","target":["https:\/\/arubasportsmedicine.org\/es\/terapia-de-masajes\/"]}]},{"@type":"ImageObject","inLanguage":"es","@id":"https:\/\/arubasportsmedicine.org\/es\/terapia-de-masajes\/#primaryimage","url":"https:\/\/arubasportsmedicine.org\/wp-content\/uploads\/2021\/03\/Aruba-Massage-Sport-HalfBody.jpg","contentUrl":"https:\/\/arubasportsmedicine.org\/wp-content\/uploads\/2021\/03\/Aruba-Massage-Sport-HalfBody.jpg"},{"@type":"BreadcrumbList","@id":"https:\/\/arubasportsmedicine.org\/es\/terapia-de-masajes\/#breadcrumb","itemListElement":[{"@type":"ListItem","position":1,"name":"Home","item":"https:\/\/arubasportsmedicine.org\/es\/"},{"@type":"ListItem","position":2,"name":"Terapia de Masajes"}]},{"@type":"WebSite","@id":"https:\/\/arubasportsmedicine.org\/es\/#website","url":"https:\/\/arubasportsmedicine.org\/es\/","name":"Fundacion CEMEDAR Centro Medico Deportivo Aruba","description":"Medicina Deportiva, Fisioterapia y Masajes Aruba","publisher":{"@id":"https:\/\/arubasportsmedicine.org\/es\/#organization"},"potentialAction":[{"@type":"SearchAction","target":{"@type":"EntryPoint","urlTemplate":"https:\/\/arubasportsmedicine.org\/es\/?s={search_term_string}"},"query-input":{"@type":"PropertyValueSpecification","valueRequired":true,"valueName":"search_term_string"}}],"inLanguage":"es"},{"@type":"Organization","@id":"https:\/\/arubasportsmedicine.org\/es\/#organization","name":"Fundacion Cemedar Centro Medico Deportivo Aruba","url":"https:\/\/arubasportsmedicine.org\/es\/","logo":{"@type":"ImageObject","inLanguage":"es","@id":"https:\/\/arubasportsmedicine.org\/es\/#\/schema\/logo\/image\/","url":"https:\/\/arubasportsmedicine.org\/wp-content\/uploads\/2020\/09\/cemedar_logo_wp.png","contentUrl":"https:\/\/arubasportsmedicine.org\/wp-content\/uploads\/2020\/09\/cemedar_logo_wp.png","width":332,"height":90,"caption":"Fundacion Cemedar Centro Medico Deportivo Aruba"},"image":{"@id":"https:\/\/arubasportsmedicine.org\/es\/#\/schema\/logo\/image\/"},"sameAs":["https:\/\/www.facebook.com\/CEMEDARCentroMedicoDeportivoAruba","https:\/\/x.com\/CEMEDAR","https:\/\/www.instagram.com\/cemedaruba"]}]}},"_links":{"self":[{"href":"https:\/\/arubasportsmedicine.org\/es\/wp-json\/wp\/v2\/pages\/8424","targetHints":{"allow":["GET"]}}],"collection":[{"href":"https:\/\/arubasportsmedicine.org\/es\/wp-json\/wp\/v2\/pages"}],"about":[{"href":"https:\/\/arubasportsmedicine.org\/es\/wp-json\/wp\/v2\/types\/page"}],"author":[{"embeddable":true,"href":"https:\/\/arubasportsmedicine.org\/es\/wp-json\/wp\/v2\/users\/1"}],"replies":[{"embeddable":true,"href":"https:\/\/arubasportsmedicine.org\/es\/wp-json\/wp\/v2\/comments?post=8424"}],"version-history":[{"count":3,"href":"https:\/\/arubasportsmedicine.org\/es\/wp-json\/wp\/v2\/pages\/8424\/revisions"}],"predecessor-version":[{"id":8875,"href":"https:\/\/arubasportsmedicine.org\/es\/wp-json\/wp\/v2\/pages\/8424\/revisions\/8875"}],"wp:attachment":[{"href":"https:\/\/arubasportsmedicine.org\/es\/wp-json\/wp\/v2\/media?parent=8424"}],"curies":[{"name":"wp","href":"https:\/\/api.w.org\/{rel}","templated":true}]}}