{"id":8454,"date":"2021-12-01T20:47:27","date_gmt":"2021-12-02T00:47:27","guid":{"rendered":"https:\/\/arubasportsmedicine.org\/medicina-deportiva\/"},"modified":"2022-02-01T17:57:38","modified_gmt":"2022-02-01T21:57:38","slug":"medicina-deportiva","status":"publish","type":"page","link":"https:\/\/arubasportsmedicine.org\/es\/servicios\/medicina-deportiva\/","title":{"rendered":"Medicina deportiva"},"content":{"rendered":"<div id=\"pl-8454\"  class=\"panel-layout\" ><div id=\"pg-8454-0\"  class=\"panel-grid panel-no-style\" ><div id=\"pgc-8454-0-0\"  class=\"panel-grid-cell\" ><div id=\"panel-8454-0-0-0\" class=\"so-panel widget widget_sow-editor panel-first-child panel-last-child\" data-index=\"0\" ><div\n\t\t\t\n\t\t\tclass=\"so-widget-sow-editor so-widget-sow-editor-base\"\n\t\t\t\n\t\t>\n<div class=\"siteorigin-widget-tinymce textwidget\">\n\t<p>El servicio de Medicina del Deporte cuenta con un especialista, altamente calificado y con experiencia de m\u00e1s de 20 a\u00f1os de trabajo, atendiendo a todo tipo de deportistas profesionales, deportistas aficionados y recreativos, tanto j\u00f3venes como adultos. Se realizan evaluaciones peri\u00f3dicas para mantener y mejorar el rendimiento deportivo, evaluar el estado general del deportista antes de las competiciones, realizar un seguimiento biom\u00e9dico del entrenamiento y reducir el riesgo de eventos cardiovasculares y muerte s\u00fabita. Se ofrecen orientaciones individualizadas seg\u00fan la disciplina y caracter\u00edsticas espec\u00edficas del deportista, sobre un amplio abanico de aspectos esenciales en la pr\u00e1ctica de un deporte como son la alimentaci\u00f3n, hidrataci\u00f3n, complementos nutricionales, prevenci\u00f3n de lesiones, control f\u00edsico y deportivo.<\/p>\n<hr>\n<\/div>\n<\/div><\/div><\/div><\/div><div id=\"pg-8454-1\"  class=\"panel-grid panel-no-style\" ><div id=\"pgc-8454-1-0\"  class=\"panel-grid-cell\" ><div id=\"panel-8454-1-0-0\" class=\"so-panel widget widget_sow-editor panel-first-child panel-last-child\" data-index=\"1\" ><div\n\t\t\t\n\t\t\tclass=\"so-widget-sow-editor so-widget-sow-editor-base\"\n\t\t\t\n\t\t>\n<div class=\"siteorigin-widget-tinymce textwidget\">\n\t<p><img fetchpriority=\"high\" fetchpriority=\"high\" decoding=\"async\" class=\"alignnone wp-image-8882 size-large\" src=\"https:\/\/arubasportsmedicine.org\/wp-content\/uploads\/2022\/02\/20200921_152028-768x1024.jpg\" alt=\"\" width=\"768\" height=\"1024\" srcset=\"https:\/\/arubasportsmedicine.org\/wp-content\/uploads\/2022\/02\/20200921_152028-768x1024.jpg 768w, https:\/\/arubasportsmedicine.org\/wp-content\/uploads\/2022\/02\/20200921_152028-600x800.jpg 600w, https:\/\/arubasportsmedicine.org\/wp-content\/uploads\/2022\/02\/20200921_152028-225x300.jpg 225w, https:\/\/arubasportsmedicine.org\/wp-content\/uploads\/2022\/02\/20200921_152028-1152x1536.jpg 1152w, https:\/\/arubasportsmedicine.org\/wp-content\/uploads\/2022\/02\/20200921_152028-1536x2048.jpg 1536w, https:\/\/arubasportsmedicine.org\/wp-content\/uploads\/2022\/02\/20200921_152028-scaled.jpg 1920w\" sizes=\"(max-width: 768px) 100vw, 768px\" \/><img decoding=\"async\" class=\"alignnone wp-image-8900 \" src=\"https:\/\/arubasportsmedicine.org\/wp-content\/uploads\/2022\/02\/20210918_095303-1024x768.jpg\" alt=\"\" width=\"762\" height=\"572\" srcset=\"https:\/\/arubasportsmedicine.org\/wp-content\/uploads\/2022\/02\/20210918_095303-1024x768.jpg 1024w, https:\/\/arubasportsmedicine.org\/wp-content\/uploads\/2022\/02\/20210918_095303-600x450.jpg 600w, https:\/\/arubasportsmedicine.org\/wp-content\/uploads\/2022\/02\/20210918_095303-300x225.jpg 300w, https:\/\/arubasportsmedicine.org\/wp-content\/uploads\/2022\/02\/20210918_095303-768x576.jpg 768w, https:\/\/arubasportsmedicine.org\/wp-content\/uploads\/2022\/02\/20210918_095303-1536x1152.jpg 1536w, https:\/\/arubasportsmedicine.org\/wp-content\/uploads\/2022\/02\/20210918_095303-2048x1536.jpg 2048w\" sizes=\"(max-width: 762px) 100vw, 762px\" \/><\/p>\n<\/div>\n<\/div><\/div><\/div><div id=\"pgc-8454-1-1\"  class=\"panel-grid-cell\" ><div id=\"panel-8454-1-1-0\" class=\"so-panel widget widget_sow-editor panel-first-child panel-last-child\" data-index=\"2\" ><div\n\t\t\t\n\t\t\tclass=\"so-widget-sow-editor so-widget-sow-editor-base\"\n\t\t\t\n\t\t>\n<div class=\"siteorigin-widget-tinymce textwidget\">\n\t<p>La Medicina del Deporte cierra la brecha entre la ciencia y la pr\u00e1ctica en la promoci\u00f3n del ejercicio y la salud, y en la evaluaci\u00f3n cient\u00edfica, el estudio y la comprensi\u00f3n del rendimiento deportivo. Las caracter\u00edsticas habituales incluyen<\/p>\n<ul>\n<li>Prevenci\u00f3n y tratamiento de lesiones deportivas<\/li>\n<li>Ejercicio para la salud<\/li>\n<li>Drogas en el deporte<\/li>\n<li>Recomendaciones para la formaci\u00f3n<\/li>\n<li>Nutrici\u00f3n<\/li>\n<\/ul>\n<p>Dise\u00f1ada como una excelente fuente de referencia para m\u00e9dicos, especialistas en medicina deportiva, fisioterapeutas, fisi\u00f3logos del ejercicio, m\u00e9dicos de equipo y entrenadores por igual, la Medicina deportiva se centra en art\u00edculos de revisi\u00f3n completos y definitivos que interpretan y eval\u00faan la literatura actual para proporcionar la justificaci\u00f3n y la aplicaci\u00f3n de , resultados de la investigaci\u00f3n.<\/p>\n<\/div>\n<\/div><\/div><\/div><\/div><\/div>","protected":false},"excerpt":{"rendered":"<p>El servicio de Medicina del Deporte cuenta con un especialista, altamente calificado y con experiencia de m\u00e1s de 20 a\u00f1os de trabajo, atendiendo a todo tipo de deportistas profesionales, deportistas aficionados y recreativos, tanto j\u00f3venes como adultos. Se realizan evaluaciones peri\u00f3dicas para mantener y mejorar el rendimiento deportivo, evaluar el estado general del deportista antes [&hellip;]<\/p>\n","protected":false},"author":1,"featured_media":0,"parent":8499,"menu_order":2,"comment_status":"closed","ping_status":"closed","template":"","meta":{"_acf_changed":false,"footnotes":""},"class_list":["post-8454","page","type-page","status-publish","hentry"],"acf":[],"yoast_head":"<!-- This site is optimized with the Yoast SEO Premium plugin v24.4 (Yoast SEO v27.2) - https:\/\/yoast.com\/product\/yoast-seo-premium-wordpress\/ -->\n<title>Medicina deportiva - Fundacion CEMEDAR Centro Medico Deportivo Aruba<\/title>\n<meta name=\"robots\" content=\"index, follow, max-snippet:-1, max-image-preview:large, max-video-preview:-1\" \/>\n<link rel=\"canonical\" href=\"https:\/\/arubasportsmedicine.org\/es\/servicios\/medicina-deportiva\/\" \/>\n<meta property=\"og:locale\" content=\"es_ES\" \/>\n<meta property=\"og:type\" content=\"article\" \/>\n<meta property=\"og:title\" content=\"Medicina deportiva\" \/>\n<meta property=\"og:description\" content=\"El servicio de Medicina del Deporte cuenta con un especialista, altamente calificado y con experiencia de m\u00e1s de 20 a\u00f1os de trabajo, atendiendo a todo tipo de deportistas profesionales, deportistas aficionados y recreativos, tanto j\u00f3venes como adultos. Se realizan evaluaciones peri\u00f3dicas para mantener y mejorar el rendimiento deportivo, evaluar el estado general del deportista antes [&hellip;]\" \/>\n<meta property=\"og:url\" content=\"https:\/\/arubasportsmedicine.org\/es\/servicios\/medicina-deportiva\/\" \/>\n<meta property=\"og:site_name\" content=\"Fundacion CEMEDAR Centro Medico Deportivo Aruba\" \/>\n<meta property=\"article:publisher\" content=\"https:\/\/www.facebook.com\/CEMEDARCentroMedicoDeportivoAruba\" \/>\n<meta property=\"article:modified_time\" content=\"2022-02-01T21:57:38+00:00\" \/>\n<meta property=\"og:image\" content=\"https:\/\/arubasportsmedicine.org\/wp-content\/uploads\/2022\/02\/20200921_152028-scaled.jpg\" \/>\n\t<meta property=\"og:image:width\" content=\"1920\" \/>\n\t<meta property=\"og:image:height\" content=\"2560\" \/>\n\t<meta property=\"og:image:type\" content=\"image\/jpeg\" \/>\n<meta name=\"twitter:card\" content=\"summary_large_image\" \/>\n<meta name=\"twitter:site\" content=\"@CEMEDAR\" \/>\n<meta name=\"twitter:label1\" content=\"Tiempo de lectura\" \/>\n\t<meta name=\"twitter:data1\" content=\"1 minuto\" \/>\n<script type=\"application\/ld+json\" class=\"yoast-schema-graph\">{\"@context\":\"https:\/\/schema.org\",\"@graph\":[{\"@type\":\"WebPage\",\"@id\":\"https:\/\/arubasportsmedicine.org\/es\/servicios\/medicina-deportiva\/\",\"url\":\"https:\/\/arubasportsmedicine.org\/es\/servicios\/medicina-deportiva\/\",\"name\":\"Medicina deportiva - Fundacion CEMEDAR Centro Medico Deportivo Aruba\",\"isPartOf\":{\"@id\":\"https:\/\/arubasportsmedicine.org\/es\/#website\"},\"primaryImageOfPage\":{\"@id\":\"https:\/\/arubasportsmedicine.org\/es\/servicios\/medicina-deportiva\/#primaryimage\"},\"image\":{\"@id\":\"https:\/\/arubasportsmedicine.org\/es\/servicios\/medicina-deportiva\/#primaryimage\"},\"thumbnailUrl\":\"https:\/\/arubasportsmedicine.org\/wp-content\/uploads\/2022\/02\/20200921_152028-768x1024.jpg\",\"datePublished\":\"2021-12-02T00:47:27+00:00\",\"dateModified\":\"2022-02-01T21:57:38+00:00\",\"breadcrumb\":{\"@id\":\"https:\/\/arubasportsmedicine.org\/es\/servicios\/medicina-deportiva\/#breadcrumb\"},\"inLanguage\":\"es\",\"potentialAction\":[{\"@type\":\"ReadAction\",\"target\":[\"https:\/\/arubasportsmedicine.org\/es\/servicios\/medicina-deportiva\/\"]}]},{\"@type\":\"ImageObject\",\"inLanguage\":\"es\",\"@id\":\"https:\/\/arubasportsmedicine.org\/es\/servicios\/medicina-deportiva\/#primaryimage\",\"url\":\"https:\/\/arubasportsmedicine.org\/wp-content\/uploads\/2022\/02\/20200921_152028-768x1024.jpg\",\"contentUrl\":\"https:\/\/arubasportsmedicine.org\/wp-content\/uploads\/2022\/02\/20200921_152028-768x1024.jpg\"},{\"@type\":\"BreadcrumbList\",\"@id\":\"https:\/\/arubasportsmedicine.org\/es\/servicios\/medicina-deportiva\/#breadcrumb\",\"itemListElement\":[{\"@type\":\"ListItem\",\"position\":1,\"name\":\"Home\",\"item\":\"https:\/\/arubasportsmedicine.org\/es\/\"},{\"@type\":\"ListItem\",\"position\":2,\"name\":\"Servicios\",\"item\":\"https:\/\/arubasportsmedicine.org\/es\/servicios\/\"},{\"@type\":\"ListItem\",\"position\":3,\"name\":\"Medicina deportiva\"}]},{\"@type\":\"WebSite\",\"@id\":\"https:\/\/arubasportsmedicine.org\/es\/#website\",\"url\":\"https:\/\/arubasportsmedicine.org\/es\/\",\"name\":\"Fundacion CEMEDAR Centro Medico Deportivo Aruba\",\"description\":\"Medicina Deportiva, Fisioterapia y Masajes Aruba\",\"publisher\":{\"@id\":\"https:\/\/arubasportsmedicine.org\/es\/#organization\"},\"potentialAction\":[{\"@type\":\"SearchAction\",\"target\":{\"@type\":\"EntryPoint\",\"urlTemplate\":\"https:\/\/arubasportsmedicine.org\/es\/?s={search_term_string}\"},\"query-input\":{\"@type\":\"PropertyValueSpecification\",\"valueRequired\":true,\"valueName\":\"search_term_string\"}}],\"inLanguage\":\"es\"},{\"@type\":\"Organization\",\"@id\":\"https:\/\/arubasportsmedicine.org\/es\/#organization\",\"name\":\"Fundacion Cemedar Centro Medico Deportivo Aruba\",\"url\":\"https:\/\/arubasportsmedicine.org\/es\/\",\"logo\":{\"@type\":\"ImageObject\",\"inLanguage\":\"es\",\"@id\":\"https:\/\/arubasportsmedicine.org\/es\/#\/schema\/logo\/image\/\",\"url\":\"https:\/\/arubasportsmedicine.org\/wp-content\/uploads\/2020\/09\/cemedar_logo_wp.png\",\"contentUrl\":\"https:\/\/arubasportsmedicine.org\/wp-content\/uploads\/2020\/09\/cemedar_logo_wp.png\",\"width\":332,\"height\":90,\"caption\":\"Fundacion Cemedar Centro Medico Deportivo Aruba\"},\"image\":{\"@id\":\"https:\/\/arubasportsmedicine.org\/es\/#\/schema\/logo\/image\/\"},\"sameAs\":[\"https:\/\/www.facebook.com\/CEMEDARCentroMedicoDeportivoAruba\",\"https:\/\/x.com\/CEMEDAR\",\"https:\/\/www.instagram.com\/cemedaruba\"]}]}<\/script>\n<!-- \/ Yoast SEO Premium plugin. -->","yoast_head_json":{"title":"Medicina deportiva - Fundacion CEMEDAR Centro Medico Deportivo Aruba","robots":{"index":"index","follow":"follow","max-snippet":"max-snippet:-1","max-image-preview":"max-image-preview:large","max-video-preview":"max-video-preview:-1"},"canonical":"https:\/\/arubasportsmedicine.org\/es\/servicios\/medicina-deportiva\/","og_locale":"es_ES","og_type":"article","og_title":"Medicina deportiva","og_description":"El servicio de Medicina del Deporte cuenta con un especialista, altamente calificado y con experiencia de m\u00e1s de 20 a\u00f1os de trabajo, atendiendo a todo tipo de deportistas profesionales, deportistas aficionados y recreativos, tanto j\u00f3venes como adultos. Se realizan evaluaciones peri\u00f3dicas para mantener y mejorar el rendimiento deportivo, evaluar el estado general del deportista antes [&hellip;]","og_url":"https:\/\/arubasportsmedicine.org\/es\/servicios\/medicina-deportiva\/","og_site_name":"Fundacion CEMEDAR Centro Medico Deportivo Aruba","article_publisher":"https:\/\/www.facebook.com\/CEMEDARCentroMedicoDeportivoAruba","article_modified_time":"2022-02-01T21:57:38+00:00","og_image":[{"width":1920,"height":2560,"url":"https:\/\/arubasportsmedicine.org\/wp-content\/uploads\/2022\/02\/20200921_152028-scaled.jpg","type":"image\/jpeg"}],"twitter_card":"summary_large_image","twitter_site":"@CEMEDAR","twitter_misc":{"Tiempo de lectura":"1 minuto"},"schema":{"@context":"https:\/\/schema.org","@graph":[{"@type":"WebPage","@id":"https:\/\/arubasportsmedicine.org\/es\/servicios\/medicina-deportiva\/","url":"https:\/\/arubasportsmedicine.org\/es\/servicios\/medicina-deportiva\/","name":"Medicina deportiva - Fundacion CEMEDAR Centro Medico Deportivo Aruba","isPartOf":{"@id":"https:\/\/arubasportsmedicine.org\/es\/#website"},"primaryImageOfPage":{"@id":"https:\/\/arubasportsmedicine.org\/es\/servicios\/medicina-deportiva\/#primaryimage"},"image":{"@id":"https:\/\/arubasportsmedicine.org\/es\/servicios\/medicina-deportiva\/#primaryimage"},"thumbnailUrl":"https:\/\/arubasportsmedicine.org\/wp-content\/uploads\/2022\/02\/20200921_152028-768x1024.jpg","datePublished":"2021-12-02T00:47:27+00:00","dateModified":"2022-02-01T21:57:38+00:00","breadcrumb":{"@id":"https:\/\/arubasportsmedicine.org\/es\/servicios\/medicina-deportiva\/#breadcrumb"},"inLanguage":"es","potentialAction":[{"@type":"ReadAction","target":["https:\/\/arubasportsmedicine.org\/es\/servicios\/medicina-deportiva\/"]}]},{"@type":"ImageObject","inLanguage":"es","@id":"https:\/\/arubasportsmedicine.org\/es\/servicios\/medicina-deportiva\/#primaryimage","url":"https:\/\/arubasportsmedicine.org\/wp-content\/uploads\/2022\/02\/20200921_152028-768x1024.jpg","contentUrl":"https:\/\/arubasportsmedicine.org\/wp-content\/uploads\/2022\/02\/20200921_152028-768x1024.jpg"},{"@type":"BreadcrumbList","@id":"https:\/\/arubasportsmedicine.org\/es\/servicios\/medicina-deportiva\/#breadcrumb","itemListElement":[{"@type":"ListItem","position":1,"name":"Home","item":"https:\/\/arubasportsmedicine.org\/es\/"},{"@type":"ListItem","position":2,"name":"Servicios","item":"https:\/\/arubasportsmedicine.org\/es\/servicios\/"},{"@type":"ListItem","position":3,"name":"Medicina deportiva"}]},{"@type":"WebSite","@id":"https:\/\/arubasportsmedicine.org\/es\/#website","url":"https:\/\/arubasportsmedicine.org\/es\/","name":"Fundacion CEMEDAR Centro Medico Deportivo Aruba","description":"Medicina Deportiva, Fisioterapia y Masajes Aruba","publisher":{"@id":"https:\/\/arubasportsmedicine.org\/es\/#organization"},"potentialAction":[{"@type":"SearchAction","target":{"@type":"EntryPoint","urlTemplate":"https:\/\/arubasportsmedicine.org\/es\/?s={search_term_string}"},"query-input":{"@type":"PropertyValueSpecification","valueRequired":true,"valueName":"search_term_string"}}],"inLanguage":"es"},{"@type":"Organization","@id":"https:\/\/arubasportsmedicine.org\/es\/#organization","name":"Fundacion Cemedar Centro Medico Deportivo Aruba","url":"https:\/\/arubasportsmedicine.org\/es\/","logo":{"@type":"ImageObject","inLanguage":"es","@id":"https:\/\/arubasportsmedicine.org\/es\/#\/schema\/logo\/image\/","url":"https:\/\/arubasportsmedicine.org\/wp-content\/uploads\/2020\/09\/cemedar_logo_wp.png","contentUrl":"https:\/\/arubasportsmedicine.org\/wp-content\/uploads\/2020\/09\/cemedar_logo_wp.png","width":332,"height":90,"caption":"Fundacion Cemedar Centro Medico Deportivo Aruba"},"image":{"@id":"https:\/\/arubasportsmedicine.org\/es\/#\/schema\/logo\/image\/"},"sameAs":["https:\/\/www.facebook.com\/CEMEDARCentroMedicoDeportivoAruba","https:\/\/x.com\/CEMEDAR","https:\/\/www.instagram.com\/cemedaruba"]}]}},"_links":{"self":[{"href":"https:\/\/arubasportsmedicine.org\/es\/wp-json\/wp\/v2\/pages\/8454","targetHints":{"allow":["GET"]}}],"collection":[{"href":"https:\/\/arubasportsmedicine.org\/es\/wp-json\/wp\/v2\/pages"}],"about":[{"href":"https:\/\/arubasportsmedicine.org\/es\/wp-json\/wp\/v2\/types\/page"}],"author":[{"embeddable":true,"href":"https:\/\/arubasportsmedicine.org\/es\/wp-json\/wp\/v2\/users\/1"}],"replies":[{"embeddable":true,"href":"https:\/\/arubasportsmedicine.org\/es\/wp-json\/wp\/v2\/comments?post=8454"}],"version-history":[{"count":4,"href":"https:\/\/arubasportsmedicine.org\/es\/wp-json\/wp\/v2\/pages\/8454\/revisions"}],"predecessor-version":[{"id":8918,"href":"https:\/\/arubasportsmedicine.org\/es\/wp-json\/wp\/v2\/pages\/8454\/revisions\/8918"}],"up":[{"embeddable":true,"href":"https:\/\/arubasportsmedicine.org\/es\/wp-json\/wp\/v2\/pages\/8499"}],"wp:attachment":[{"href":"https:\/\/arubasportsmedicine.org\/es\/wp-json\/wp\/v2\/media?parent=8454"}],"curies":[{"name":"wp","href":"https:\/\/api.w.org\/{rel}","templated":true}]}}