{"id":8493,"date":"2021-12-01T20:47:40","date_gmt":"2021-12-02T00:47:40","guid":{"rendered":"https:\/\/arubasportsmedicine.org\/psicologia-deportiva\/"},"modified":"2022-05-12T11:07:17","modified_gmt":"2022-05-12T15:07:17","slug":"psicologia-deportiva","status":"publish","type":"page","link":"https:\/\/arubasportsmedicine.org\/es\/servicios\/psicologia-deportiva\/","title":{"rendered":"Psicolog\u00eda deportiva"},"content":{"rendered":"<div id=\"pl-16\" class=\"panel-layout\">\r\n<div id=\"pg-16-0\" class=\"panel-grid panel-no-style\" data-style=\"{&quot;background_image_attachment&quot;:false,&quot;background_display&quot;:&quot;tile&quot;,&quot;cell_alignment&quot;:&quot;flex-start&quot;}\" data-ratio=\"0.33333333\" data-ratio-direction=\"left\">\r\n<div id=\"pgc-16-0-0\" class=\"panel-grid-cell\" data-weight=\"0.249999998125\">\r\n<div id=\"panel-16-0-0-0\" class=\"so-panel widget widget_sow-image panel-first-child panel-last-child\" data-index=\"0\" data-style=\"{\"><div\n\t\t\t\n\t\t\tclass=\"so-widget-sow-image so-widget-sow-image-default-8b5b6f678277\"\n\t\t\t\n\t\t><\/div><\/div>\r\n<\/div>\r\n<div id=\"pgc-16-0-1\" class=\"panel-grid-cell\" data-weight=\"0.750000001875\">\r\n<div id=\"panel-16-0-1-0\" class=\"so-panel widget widget_sow-editor panel-first-child panel-last-child\" data-index=\"1\">\r\n<div class=\"so-widget-sow-editor so-widget-sow-editor-base\">\r\n<div class=\"siteorigin-widget-tinymce textwidget\">\r\n<p><span style=\"color: #464646; font-family: Nunito, Helvetica, Arial, sans-serif; font-size: 24px; font-weight: bold;\">Psicolog\u00eda del deporte: beneficios para los deportistas<\/span><\/p>\r\n<\/div>\r\n<\/div>\r\n<\/div>\r\n<\/div>\r\n<\/div>\r\n<div id=\"pg-16-1\" class=\"panel-grid panel-no-style\" data-style=\"{\" data-ratio=\"1\" data-ratio-direction=\"right\">\r\n<div id=\"pgc-16-1-0\" class=\"panel-grid-cell\" data-weight=\"1\">\r\n<div id=\"panel-16-1-0-0\" class=\"so-panel widget widget_text panel-first-child panel-last-child\" data-index=\"2\" data-style=\"{\">\r\n<div class=\"textwidget\">\r\n<ul>\r\n<li><span class=\"wordai-block rewrite-block enable-highlight active\" data-id=\"3\">Conc\u00e9ntrese y gestione mejor las distracciones<\/span> <span class=\"wordai-block rewrite-block enable-highlight\" data-id=\"6\">Aprenda a &#8230;<\/span><\/li>\r\n<li><span class=\"wordai-block rewrite-block enable-highlight\" data-id=\"8\">Los atletas que no est\u00e1n seguros de s\u00ed mismos pueden ganar confianza.<\/span><\/li>\r\n<li><span class=\"wordai-block rewrite-block enable-highlight\" data-id=\"10\">Aprenda habilidades de afrontamiento para superar contratiempos y errores.<\/span> <span class=\"wordai-block rewrite-block enable-highlight\" data-id=\"2\">Desarrollar habilidades de afrontamiento para lidiar con contratiempos y errores.<\/span><\/li>\r\n<li><span class=\"wordai-block rewrite-block enable-highlight\" data-id=\"5\">Encuentra el nivel de intensidad adecuado para tu deporte.<\/span> <span class=\"wordai-block rewrite-block enable-highlight\" data-id=\"4\">Encuentra la intensidad adecuada para tu deporte.<\/span><\/li>\r\n<li>Facilitar la comunicaci\u00f3n y la cohesi\u00f3n del equipo.<\/li>\r\n<\/ul>\r\n<\/div>\r\n<\/div>\r\n<\/div>\r\n<\/div>\r\n<\/div>","protected":false},"excerpt":{"rendered":"<p>Psicolog\u00eda del deporte: beneficios para los deportistas Conc\u00e9ntrese y gestione mejor las distracciones Aprenda a &#8230; Los atletas que no est\u00e1n seguros de s\u00ed mismos pueden ganar confianza. Aprenda habilidades de afrontamiento para superar contratiempos y errores. Desarrollar habilidades de afrontamiento para lidiar con contratiempos y errores. Encuentra el nivel de intensidad adecuado para tu [&hellip;]<\/p>\n","protected":false},"author":1,"featured_media":0,"parent":8499,"menu_order":0,"comment_status":"closed","ping_status":"closed","template":"","meta":{"_acf_changed":false,"footnotes":""},"class_list":["post-8493","page","type-page","status-publish","hentry"],"acf":[],"yoast_head":"<!-- This site is optimized with the Yoast SEO Premium plugin v24.4 (Yoast SEO v27.2) - https:\/\/yoast.com\/product\/yoast-seo-premium-wordpress\/ -->\n<title>Psicolog\u00eda deportiva - Fundacion CEMEDAR Centro Medico Deportivo Aruba<\/title>\n<meta name=\"robots\" content=\"index, follow, max-snippet:-1, max-image-preview:large, max-video-preview:-1\" \/>\n<link rel=\"canonical\" href=\"https:\/\/arubasportsmedicine.org\/es\/servicios\/psicologia-deportiva\/\" \/>\n<meta property=\"og:locale\" content=\"es_ES\" \/>\n<meta property=\"og:type\" content=\"article\" \/>\n<meta property=\"og:title\" content=\"Psicolog\u00eda deportiva\" \/>\n<meta property=\"og:description\" content=\"Psicolog\u00eda del deporte: beneficios para los deportistas Conc\u00e9ntrese y gestione mejor las distracciones Aprenda a &#8230; Los atletas que no est\u00e1n seguros de s\u00ed mismos pueden ganar confianza. Aprenda habilidades de afrontamiento para superar contratiempos y errores. Desarrollar habilidades de afrontamiento para lidiar con contratiempos y errores. Encuentra el nivel de intensidad adecuado para tu [&hellip;]\" \/>\n<meta property=\"og:url\" content=\"https:\/\/arubasportsmedicine.org\/es\/servicios\/psicologia-deportiva\/\" \/>\n<meta property=\"og:site_name\" content=\"Fundacion CEMEDAR Centro Medico Deportivo Aruba\" \/>\n<meta property=\"article:publisher\" content=\"https:\/\/www.facebook.com\/CEMEDARCentroMedicoDeportivoAruba\" \/>\n<meta property=\"article:modified_time\" content=\"2022-05-12T15:07:17+00:00\" \/>\n<meta name=\"twitter:card\" content=\"summary_large_image\" \/>\n<meta name=\"twitter:site\" content=\"@CEMEDAR\" \/>\n<meta name=\"twitter:label1\" content=\"Tiempo de lectura\" \/>\n\t<meta name=\"twitter:data1\" content=\"1 minuto\" \/>\n<script type=\"application\/ld+json\" class=\"yoast-schema-graph\">{\"@context\":\"https:\/\/schema.org\",\"@graph\":[{\"@type\":\"WebPage\",\"@id\":\"https:\/\/arubasportsmedicine.org\/es\/servicios\/psicologia-deportiva\/\",\"url\":\"https:\/\/arubasportsmedicine.org\/es\/servicios\/psicologia-deportiva\/\",\"name\":\"Psicolog\u00eda deportiva - Fundacion CEMEDAR Centro Medico Deportivo Aruba\",\"isPartOf\":{\"@id\":\"https:\/\/arubasportsmedicine.org\/es\/#website\"},\"datePublished\":\"2021-12-02T00:47:40+00:00\",\"dateModified\":\"2022-05-12T15:07:17+00:00\",\"breadcrumb\":{\"@id\":\"https:\/\/arubasportsmedicine.org\/es\/servicios\/psicologia-deportiva\/#breadcrumb\"},\"inLanguage\":\"es\",\"potentialAction\":[{\"@type\":\"ReadAction\",\"target\":[\"https:\/\/arubasportsmedicine.org\/es\/servicios\/psicologia-deportiva\/\"]}]},{\"@type\":\"BreadcrumbList\",\"@id\":\"https:\/\/arubasportsmedicine.org\/es\/servicios\/psicologia-deportiva\/#breadcrumb\",\"itemListElement\":[{\"@type\":\"ListItem\",\"position\":1,\"name\":\"Home\",\"item\":\"https:\/\/arubasportsmedicine.org\/es\/\"},{\"@type\":\"ListItem\",\"position\":2,\"name\":\"Servicios\",\"item\":\"https:\/\/arubasportsmedicine.org\/es\/servicios\/\"},{\"@type\":\"ListItem\",\"position\":3,\"name\":\"Psicolog\u00eda deportiva\"}]},{\"@type\":\"WebSite\",\"@id\":\"https:\/\/arubasportsmedicine.org\/es\/#website\",\"url\":\"https:\/\/arubasportsmedicine.org\/es\/\",\"name\":\"Fundacion CEMEDAR Centro Medico Deportivo Aruba\",\"description\":\"Medicina Deportiva, Fisioterapia y Masajes Aruba\",\"publisher\":{\"@id\":\"https:\/\/arubasportsmedicine.org\/es\/#organization\"},\"potentialAction\":[{\"@type\":\"SearchAction\",\"target\":{\"@type\":\"EntryPoint\",\"urlTemplate\":\"https:\/\/arubasportsmedicine.org\/es\/?s={search_term_string}\"},\"query-input\":{\"@type\":\"PropertyValueSpecification\",\"valueRequired\":true,\"valueName\":\"search_term_string\"}}],\"inLanguage\":\"es\"},{\"@type\":\"Organization\",\"@id\":\"https:\/\/arubasportsmedicine.org\/es\/#organization\",\"name\":\"Fundacion Cemedar Centro Medico Deportivo Aruba\",\"url\":\"https:\/\/arubasportsmedicine.org\/es\/\",\"logo\":{\"@type\":\"ImageObject\",\"inLanguage\":\"es\",\"@id\":\"https:\/\/arubasportsmedicine.org\/es\/#\/schema\/logo\/image\/\",\"url\":\"https:\/\/arubasportsmedicine.org\/wp-content\/uploads\/2020\/09\/cemedar_logo_wp.png\",\"contentUrl\":\"https:\/\/arubasportsmedicine.org\/wp-content\/uploads\/2020\/09\/cemedar_logo_wp.png\",\"width\":332,\"height\":90,\"caption\":\"Fundacion Cemedar Centro Medico Deportivo Aruba\"},\"image\":{\"@id\":\"https:\/\/arubasportsmedicine.org\/es\/#\/schema\/logo\/image\/\"},\"sameAs\":[\"https:\/\/www.facebook.com\/CEMEDARCentroMedicoDeportivoAruba\",\"https:\/\/x.com\/CEMEDAR\",\"https:\/\/www.instagram.com\/cemedaruba\"]}]}<\/script>\n<!-- \/ Yoast SEO Premium plugin. -->","yoast_head_json":{"title":"Psicolog\u00eda deportiva - Fundacion CEMEDAR Centro Medico Deportivo Aruba","robots":{"index":"index","follow":"follow","max-snippet":"max-snippet:-1","max-image-preview":"max-image-preview:large","max-video-preview":"max-video-preview:-1"},"canonical":"https:\/\/arubasportsmedicine.org\/es\/servicios\/psicologia-deportiva\/","og_locale":"es_ES","og_type":"article","og_title":"Psicolog\u00eda deportiva","og_description":"Psicolog\u00eda del deporte: beneficios para los deportistas Conc\u00e9ntrese y gestione mejor las distracciones Aprenda a &#8230; Los atletas que no est\u00e1n seguros de s\u00ed mismos pueden ganar confianza. Aprenda habilidades de afrontamiento para superar contratiempos y errores. Desarrollar habilidades de afrontamiento para lidiar con contratiempos y errores. Encuentra el nivel de intensidad adecuado para tu [&hellip;]","og_url":"https:\/\/arubasportsmedicine.org\/es\/servicios\/psicologia-deportiva\/","og_site_name":"Fundacion CEMEDAR Centro Medico Deportivo Aruba","article_publisher":"https:\/\/www.facebook.com\/CEMEDARCentroMedicoDeportivoAruba","article_modified_time":"2022-05-12T15:07:17+00:00","twitter_card":"summary_large_image","twitter_site":"@CEMEDAR","twitter_misc":{"Tiempo de lectura":"1 minuto"},"schema":{"@context":"https:\/\/schema.org","@graph":[{"@type":"WebPage","@id":"https:\/\/arubasportsmedicine.org\/es\/servicios\/psicologia-deportiva\/","url":"https:\/\/arubasportsmedicine.org\/es\/servicios\/psicologia-deportiva\/","name":"Psicolog\u00eda deportiva - Fundacion CEMEDAR Centro Medico Deportivo Aruba","isPartOf":{"@id":"https:\/\/arubasportsmedicine.org\/es\/#website"},"datePublished":"2021-12-02T00:47:40+00:00","dateModified":"2022-05-12T15:07:17+00:00","breadcrumb":{"@id":"https:\/\/arubasportsmedicine.org\/es\/servicios\/psicologia-deportiva\/#breadcrumb"},"inLanguage":"es","potentialAction":[{"@type":"ReadAction","target":["https:\/\/arubasportsmedicine.org\/es\/servicios\/psicologia-deportiva\/"]}]},{"@type":"BreadcrumbList","@id":"https:\/\/arubasportsmedicine.org\/es\/servicios\/psicologia-deportiva\/#breadcrumb","itemListElement":[{"@type":"ListItem","position":1,"name":"Home","item":"https:\/\/arubasportsmedicine.org\/es\/"},{"@type":"ListItem","position":2,"name":"Servicios","item":"https:\/\/arubasportsmedicine.org\/es\/servicios\/"},{"@type":"ListItem","position":3,"name":"Psicolog\u00eda deportiva"}]},{"@type":"WebSite","@id":"https:\/\/arubasportsmedicine.org\/es\/#website","url":"https:\/\/arubasportsmedicine.org\/es\/","name":"Fundacion CEMEDAR Centro Medico Deportivo Aruba","description":"Medicina Deportiva, Fisioterapia y Masajes Aruba","publisher":{"@id":"https:\/\/arubasportsmedicine.org\/es\/#organization"},"potentialAction":[{"@type":"SearchAction","target":{"@type":"EntryPoint","urlTemplate":"https:\/\/arubasportsmedicine.org\/es\/?s={search_term_string}"},"query-input":{"@type":"PropertyValueSpecification","valueRequired":true,"valueName":"search_term_string"}}],"inLanguage":"es"},{"@type":"Organization","@id":"https:\/\/arubasportsmedicine.org\/es\/#organization","name":"Fundacion Cemedar Centro Medico Deportivo Aruba","url":"https:\/\/arubasportsmedicine.org\/es\/","logo":{"@type":"ImageObject","inLanguage":"es","@id":"https:\/\/arubasportsmedicine.org\/es\/#\/schema\/logo\/image\/","url":"https:\/\/arubasportsmedicine.org\/wp-content\/uploads\/2020\/09\/cemedar_logo_wp.png","contentUrl":"https:\/\/arubasportsmedicine.org\/wp-content\/uploads\/2020\/09\/cemedar_logo_wp.png","width":332,"height":90,"caption":"Fundacion Cemedar Centro Medico Deportivo Aruba"},"image":{"@id":"https:\/\/arubasportsmedicine.org\/es\/#\/schema\/logo\/image\/"},"sameAs":["https:\/\/www.facebook.com\/CEMEDARCentroMedicoDeportivoAruba","https:\/\/x.com\/CEMEDAR","https:\/\/www.instagram.com\/cemedaruba"]}]}},"_links":{"self":[{"href":"https:\/\/arubasportsmedicine.org\/es\/wp-json\/wp\/v2\/pages\/8493","targetHints":{"allow":["GET"]}}],"collection":[{"href":"https:\/\/arubasportsmedicine.org\/es\/wp-json\/wp\/v2\/pages"}],"about":[{"href":"https:\/\/arubasportsmedicine.org\/es\/wp-json\/wp\/v2\/types\/page"}],"author":[{"embeddable":true,"href":"https:\/\/arubasportsmedicine.org\/es\/wp-json\/wp\/v2\/users\/1"}],"replies":[{"embeddable":true,"href":"https:\/\/arubasportsmedicine.org\/es\/wp-json\/wp\/v2\/comments?post=8493"}],"version-history":[{"count":2,"href":"https:\/\/arubasportsmedicine.org\/es\/wp-json\/wp\/v2\/pages\/8493\/revisions"}],"predecessor-version":[{"id":8983,"href":"https:\/\/arubasportsmedicine.org\/es\/wp-json\/wp\/v2\/pages\/8493\/revisions\/8983"}],"up":[{"embeddable":true,"href":"https:\/\/arubasportsmedicine.org\/es\/wp-json\/wp\/v2\/pages\/8499"}],"wp:attachment":[{"href":"https:\/\/arubasportsmedicine.org\/es\/wp-json\/wp\/v2\/media?parent=8493"}],"curies":[{"name":"wp","href":"https:\/\/api.w.org\/{rel}","templated":true}]}}