{"id":8504,"date":"2021-12-01T20:47:45","date_gmt":"2021-12-02T00:47:45","guid":{"rendered":"https:\/\/arubasportsmedicine.org\/servicios\/terapia-fisica\/"},"modified":"2025-02-18T12:26:49","modified_gmt":"2025-02-18T16:26:49","slug":"terapia-fisica","status":"publish","type":"page","link":"https:\/\/arubasportsmedicine.org\/es\/servicios\/terapia-fisica\/","title":{"rendered":"Fisioterapia y rehabilitaci\u00f3n"},"content":{"rendered":"\t\t<div data-elementor-type=\"wp-page\" data-elementor-id=\"8504\" class=\"elementor elementor-8504 elementor-307\" data-elementor-post-type=\"page\">\n\t\t\t\t<div class=\"elementor-element elementor-element-021d0e3 e-flex e-con-boxed e-con e-parent\" data-id=\"021d0e3\" data-element_type=\"container\" data-e-type=\"container\">\n\t\t\t\t\t<div class=\"e-con-inner\">\n\t\t\t\t<div class=\"elementor-element elementor-element-9086af0 elementor-widget elementor-widget-heading\" data-id=\"9086af0\" data-element_type=\"widget\" data-e-type=\"widget\" data-widget_type=\"heading.default\">\n\t\t\t\t\t<h2 class=\"elementor-heading-title elementor-size-default\">Fisioterapia y rehabilitaci\u00f3n<\/h2>\t\t\t\t<\/div>\n\t\t\t\t<div class=\"elementor-element elementor-element-1ccb176 elementor-widget elementor-widget-text-editor\" data-id=\"1ccb176\" data-element_type=\"widget\" data-e-type=\"widget\" data-widget_type=\"text-editor.default\">\n\t\t\t\t\t\t\t\t\t<p style=\"margin-bottom: 1em; overflow-wrap: break-word; color: #242424; font-family: 'Segoe UI', 'Segoe UI Web (West European)', -apple-system, BlinkMacSystemFont, Roboto, 'Helvetica Neue', sans-serif; background-color: #fafafa;\">Nuestros servicios de Fisioterapia y Rehabilitaci\u00f3n est\u00e1n dise\u00f1ados para ayudar a los deportistas a lograr un r\u00e1pido retorno a las actividades deportivas. Ofrecemos programas integrales de rehabilitaci\u00f3n f\u00edsica adaptados a una amplia gama de lesiones y patolog\u00edas musculotendinosas. Nuestro equipo de \u00faltima generaci\u00f3n incluye <a href=\"https:\/\/arubasportsmedicine.org\/services\/physical-therapy-aruba\/laser-therapy-in-sports-medicine\/\" target=\"_blank\" rel=\"noopener\">terapia l\u00e1ser<\/a> , <a href=\"https:\/\/arubasportsmedicine.org\/services\/physical-therapy-aruba\/ultrasound-therapy\/\" target=\"_blank\" rel=\"noopener\">ultrasonido<\/a> , <a href=\"https:\/\/arubasportsmedicine.org\/services\/physical-therapy-aruba\/shockwave-therapy\/\" target=\"_blank\" rel=\"noopener\">terapia de ondas de choque<\/a> y oscilaci\u00f3n profunda, todos operados por profesionales altamente calificados y con experiencia.<\/p>\n<p style=\"margin-bottom: 1em; overflow-wrap: break-word; color: #242424; font-family: 'Segoe UI', 'Segoe UI Web (West European)', -apple-system, BlinkMacSystemFont, Roboto, 'Helvetica Neue', sans-serif; background-color: #fafafa;\">Nos especializamos en la rehabilitaci\u00f3n de lesiones posquir\u00fargicas y patolog\u00edas musculoesquel\u00e9ticas, brindando tratamientos espec\u00edficos para rodilla, hombro, cadera, tobillo y m\u00e1s. Nuestro objetivo es garantizar una recuperaci\u00f3n \u00f3ptima y mejorar la funci\u00f3n f\u00edsica general. <\/p>\n\t\t\t\t\t\t\t\t<\/div>\n\t\t<div class=\"elementor-element elementor-element-34ae979 e-con-full e-flex e-con e-child\" data-id=\"34ae979\" data-element_type=\"container\" data-e-type=\"container\">\n\t\t\t\t<div class=\"elementor-element elementor-element-f72266e elementor-widget elementor-widget-heading\" data-id=\"f72266e\" data-element_type=\"widget\" data-e-type=\"widget\" data-widget_type=\"heading.default\">\n\t\t\t\t\t<h3 class=\"elementor-heading-title elementor-size-default\">Servicios de fisioterapia<\/h3>\t\t\t\t<\/div>\n\t\t\t\t<\/div>\n\t\t\t\t\t<\/div>\n\t\t\t\t<\/div>\n\t\t<div class=\"elementor-element elementor-element-3209e03 e-flex e-con-boxed e-con e-parent\" data-id=\"3209e03\" data-element_type=\"container\" data-e-type=\"container\">\n\t\t\t\t\t<div class=\"e-con-inner\">\n\t\t<div class=\"elementor-element elementor-element-ce14d5f e-con-full e-flex e-con e-child\" data-id=\"ce14d5f\" data-element_type=\"container\" data-e-type=\"container\">\n\t\t\t\t<div class=\"elementor-element elementor-element-234385c elementor-widget elementor-widget-image\" data-id=\"234385c\" data-element_type=\"widget\" data-e-type=\"widget\" data-widget_type=\"image.default\">\n\t\t\t\t\t\t\t\t\t\t\t\t\t\t\t<img fetchpriority=\"high\" decoding=\"async\" width=\"225\" height=\"300\" src=\"https:\/\/arubasportsmedicine.org\/wp-content\/uploads\/2025\/02\/20250130_171103-225x300.jpg\" class=\"attachment-medium size-medium wp-image-9286\" alt=\"\" srcset=\"https:\/\/arubasportsmedicine.org\/wp-content\/uploads\/2025\/02\/20250130_171103-225x300.jpg 225w, https:\/\/arubasportsmedicine.org\/wp-content\/uploads\/2025\/02\/20250130_171103-768x1024.jpg 768w, https:\/\/arubasportsmedicine.org\/wp-content\/uploads\/2025\/02\/20250130_171103-1152x1536.jpg 1152w, https:\/\/arubasportsmedicine.org\/wp-content\/uploads\/2025\/02\/20250130_171103-1536x2048.jpg 1536w, https:\/\/arubasportsmedicine.org\/wp-content\/uploads\/2025\/02\/20250130_171103-scaled.jpg 1920w\" sizes=\"(max-width: 225px) 100vw, 225px\" \/>\t\t\t\t\t\t\t\t\t\t\t\t\t\t\t<\/div>\n\t\t\t\t<\/div>\n\t\t\t\t<div class=\"elementor-element elementor-element-5059d9f elementor-widget elementor-widget-text-editor\" data-id=\"5059d9f\" data-element_type=\"widget\" data-e-type=\"widget\" data-widget_type=\"text-editor.default\">\n\t\t\t\t\t\t\t\t\t<p>En nuestro Centro de Medicina Deportiva, ofrecemos servicios integrales de fisioterapia adaptados a sus necesidades individuales. Su experiencia personal de fisioterapia comienza con una evaluaci\u00f3n exhaustiva de sus limitaciones funcionales y \u00e1reas de dolor. Nuestro equipo de fisioterapeutas expertos dise\u00f1ar\u00e1 un plan de tratamiento personalizado en funci\u00f3n de sus necesidades y objetivos laborales espec\u00edficos.  <\/p>\n\t\t\t\t\t\t\t\t<\/div>\n\t\t\t\t\t<\/div>\n\t\t\t\t<\/div>\n\t\t<div class=\"elementor-element elementor-element-62f9088 e-flex e-con-boxed e-con e-parent\" data-id=\"62f9088\" data-element_type=\"container\" data-e-type=\"container\">\n\t\t\t\t\t<div class=\"e-con-inner\">\n\t\t<div class=\"elementor-element elementor-element-05294f2 e-con-full e-flex e-con e-child\" data-id=\"05294f2\" data-element_type=\"container\" data-e-type=\"container\">\n\t\t\t\t<div class=\"elementor-element elementor-element-990c04e elementor-widget elementor-widget-heading\" data-id=\"990c04e\" data-element_type=\"widget\" data-e-type=\"widget\" data-widget_type=\"heading.default\">\n\t\t\t\t\t<h3 class=\"elementor-heading-title elementor-size-default\">Nuestro enfoque<\/h3>\t\t\t\t<\/div>\n\t\t\t\t<div class=\"elementor-element elementor-element-03a536e elementor-widget elementor-widget-text-editor\" data-id=\"03a536e\" data-element_type=\"widget\" data-e-type=\"widget\" data-widget_type=\"text-editor.default\">\n\t\t\t\t\t\t\t\t\t<p>En nuestro Centro de Medicina Deportiva, ofrecemos servicios integrales de fisioterapia adaptados a sus necesidades individuales. Su experiencia personal de fisioterapia comienza con una evaluaci\u00f3n exhaustiva de sus limitaciones funcionales y \u00e1reas de dolor. Nuestro equipo de fisioterapeutas expertos dise\u00f1ar\u00e1 un plan de tratamiento personalizado en funci\u00f3n de sus necesidades y objetivos laborales espec\u00edficos.  <\/p>\n\t\t\t\t\t\t\t\t<\/div>\n\t\t\t\t<\/div>\n\t\t<div class=\"elementor-element elementor-element-63caa40 e-con-full e-flex e-con e-child\" data-id=\"63caa40\" data-element_type=\"container\" data-e-type=\"container\">\n\t\t<div class=\"elementor-element elementor-element-14c46ae e-con-full e-flex e-con e-child\" data-id=\"14c46ae\" data-element_type=\"container\" data-e-type=\"container\">\n\t\t\t\t<div class=\"elementor-element elementor-element-14af49b elementor-widget elementor-widget-image\" data-id=\"14af49b\" data-element_type=\"widget\" data-e-type=\"widget\" data-widget_type=\"image.default\">\n\t\t\t\t\t\t\t\t\t\t\t\t\t\t\t<img decoding=\"async\" width=\"1024\" height=\"536\" src=\"https:\/\/arubasportsmedicine.org\/wp-content\/uploads\/2021\/08\/ultrasonoterapia.jpg\" class=\"attachment-large size-large wp-image-8273\" alt=\"Ultrasonido terapeutico\" srcset=\"https:\/\/arubasportsmedicine.org\/wp-content\/uploads\/2021\/08\/ultrasonoterapia.jpg 1024w, https:\/\/arubasportsmedicine.org\/wp-content\/uploads\/2021\/08\/ultrasonoterapia-600x314.jpg 600w, https:\/\/arubasportsmedicine.org\/wp-content\/uploads\/2021\/08\/ultrasonoterapia-300x157.jpg 300w, https:\/\/arubasportsmedicine.org\/wp-content\/uploads\/2021\/08\/ultrasonoterapia-768x402.jpg 768w\" sizes=\"(max-width: 1024px) 100vw, 1024px\" \/>\t\t\t\t\t\t\t\t\t\t\t\t\t\t\t<\/div>\n\t\t\t\t<\/div>\n\t\t<div class=\"elementor-element elementor-element-dc60415 e-con-full e-flex e-con e-child\" data-id=\"dc60415\" data-element_type=\"container\" data-e-type=\"container\">\n\t\t\t\t<div class=\"elementor-element elementor-element-c9ce9ec elementor-widget elementor-widget-image\" data-id=\"c9ce9ec\" data-element_type=\"widget\" data-e-type=\"widget\" data-widget_type=\"image.default\">\n\t\t\t\t\t\t\t\t\t\t\t\t\t\t\t<img decoding=\"async\" width=\"343\" height=\"196\" src=\"https:\/\/arubasportsmedicine.org\/wp-content\/uploads\/2025\/01\/electroterapia-2.jpg\" class=\"attachment-large size-large wp-image-9173\" alt=\"\" srcset=\"https:\/\/arubasportsmedicine.org\/wp-content\/uploads\/2025\/01\/electroterapia-2.jpg 343w, https:\/\/arubasportsmedicine.org\/wp-content\/uploads\/2025\/01\/electroterapia-2-300x171.jpg 300w\" sizes=\"(max-width: 343px) 100vw, 343px\" \/>\t\t\t\t\t\t\t\t\t\t\t\t\t\t\t<\/div>\n\t\t\t\t<\/div>\n\t\t\t\t<\/div>\n\t\t\t\t\t<\/div>\n\t\t\t\t<\/div>\n\t\t<div class=\"elementor-element elementor-element-989cc88 e-flex e-con-boxed e-con e-parent\" data-id=\"989cc88\" data-element_type=\"container\" data-e-type=\"container\">\n\t\t\t\t\t<div class=\"e-con-inner\">\n\t\t\t\t<div class=\"elementor-element elementor-element-8e36bd5 elementor-widget elementor-widget-heading\" data-id=\"8e36bd5\" data-element_type=\"widget\" data-e-type=\"widget\" data-widget_type=\"heading.default\">\n\t\t\t\t\t<h3 class=\"elementor-heading-title elementor-size-default\">Programa de ejercicios personalizados en casa<\/h3>\t\t\t\t<\/div>\n\t\t\t\t\t<\/div>\n\t\t\t\t<\/div>\n\t\t<div class=\"elementor-element elementor-element-19b98e0 e-flex e-con-boxed e-con e-parent\" data-id=\"19b98e0\" data-element_type=\"container\" data-e-type=\"container\">\n\t\t\t\t\t<div class=\"e-con-inner\">\n\t\t<div class=\"elementor-element elementor-element-bdb8f2e e-con-full e-flex e-con e-child\" data-id=\"bdb8f2e\" data-element_type=\"container\" data-e-type=\"container\">\n\t\t\t\t<div class=\"elementor-element elementor-element-f008586 elementor-widget elementor-widget-image\" data-id=\"f008586\" data-element_type=\"widget\" data-e-type=\"widget\" data-widget_type=\"image.default\">\n\t\t\t\t\t\t\t\t\t\t\t\t\t\t\t<img loading=\"lazy\" decoding=\"async\" width=\"960\" height=\"540\" src=\"https:\/\/arubasportsmedicine.org\/wp-content\/uploads\/2021\/08\/control-medico-tokio-2021-2.jpg\" class=\"attachment-large size-large wp-image-8279\" alt=\"\" srcset=\"https:\/\/arubasportsmedicine.org\/wp-content\/uploads\/2021\/08\/control-medico-tokio-2021-2.jpg 960w, https:\/\/arubasportsmedicine.org\/wp-content\/uploads\/2021\/08\/control-medico-tokio-2021-2-600x338.jpg 600w, https:\/\/arubasportsmedicine.org\/wp-content\/uploads\/2021\/08\/control-medico-tokio-2021-2-300x169.jpg 300w, https:\/\/arubasportsmedicine.org\/wp-content\/uploads\/2021\/08\/control-medico-tokio-2021-2-768x432.jpg 768w\" sizes=\"(max-width: 960px) 100vw, 960px\" \/>\t\t\t\t\t\t\t\t\t\t\t\t\t\t\t<\/div>\n\t\t\t\t<\/div>\n\t\t<div class=\"elementor-element elementor-element-95411a6 e-con-full e-flex e-con e-child\" data-id=\"95411a6\" data-element_type=\"container\" data-e-type=\"container\">\n\t\t\t\t<div class=\"elementor-element elementor-element-d42b784 elementor-widget elementor-widget-text-editor\" data-id=\"d42b784\" data-element_type=\"widget\" data-e-type=\"widget\" data-widget_type=\"text-editor.default\">\n\t\t\t\t\t\t\t\t\t<p>Cuando est\u00e9 listo para recibir el alta, recibir\u00e1 un programa de ejercicios en el hogar personalizado, dise\u00f1ado para ayudarlo a mantenerse saludable en el trabajo y mejorar a\u00fan m\u00e1s su rehabilitaci\u00f3n. Este programa le permitir\u00e1 mantener su progreso y prevenir lesiones futuras. <\/p>\n\t\t\t\t\t\t\t\t<\/div>\n\t\t\t\t<\/div>\n\t\t\t\t\t<\/div>\n\t\t\t\t<\/div>\n\t\t<div class=\"elementor-element elementor-element-145f353 e-flex e-con-boxed e-con e-parent\" data-id=\"145f353\" data-element_type=\"container\" data-e-type=\"container\">\n\t\t\t\t\t<div class=\"e-con-inner\">\n\t\t\t\t<div class=\"elementor-element elementor-element-27d59eb elementor-widget elementor-widget-heading\" data-id=\"27d59eb\" data-element_type=\"widget\" data-e-type=\"widget\" data-widget_type=\"heading.default\">\n\t\t\t\t\t<h2 class=\"elementor-heading-title elementor-size-default\">Servicios integrales<\/h2>\t\t\t\t<\/div>\n\t\t\t\t<div class=\"elementor-element elementor-element-d411ffd elementor-widget elementor-widget-text-editor\" data-id=\"d411ffd\" data-element_type=\"widget\" data-e-type=\"widget\" data-widget_type=\"text-editor.default\">\n\t\t\t\t\t\t\t\t\t<p>Nuestros servicios se adaptan a todo tipo y tama\u00f1o de lesiones y afecciones. Nuestro experimentado equipo de fisioterapeutas realizar\u00e1 una evaluaci\u00f3n integral, que incluye evaluaciones posturales y biomec\u00e1nicas, para diagnosticar con precisi\u00f3n su problema y desarrollar un plan de tratamiento eficaz. <\/p>\n<p>Nuestro objetivo es garantizar que reciba atenci\u00f3n y apoyo de la m\u00e1s alta calidad durante todo su proceso de rehabilitaci\u00f3n. Nos comprometemos a ayudarlo a lograr una recuperaci\u00f3n \u00f3ptima y a volver a su estilo de vida activo. <\/p>\n\t\t\t\t\t\t\t\t<\/div>\n\t\t\t\t\t<\/div>\n\t\t\t\t<\/div>\n\t\t<div class=\"elementor-element elementor-element-6ca1ca0 e-flex e-con-boxed e-con e-parent\" data-id=\"6ca1ca0\" data-element_type=\"container\" data-e-type=\"container\">\n\t\t\t\t\t<div class=\"e-con-inner\">\n\t\t\t\t\t<\/div>\n\t\t\t\t<\/div>\n\t\t\t\t<\/div>\n\t\t","protected":false},"excerpt":{"rendered":"<p>La fisioterapia es uno de los principales servicios que ofrecemos. Nuestros terapeutas trabajan en estrecha colaboraci\u00f3n con los pacientes para ayudarlos a mejorar su potencial de movimiento y obtener un estilo de vida m\u00e1s saludable y completo.<\/p>\n","protected":false},"author":1,"featured_media":9284,"parent":8499,"menu_order":6,"comment_status":"closed","ping_status":"closed","template":"","meta":{"_acf_changed":false,"footnotes":""},"class_list":["post-8504","page","type-page","status-publish","has-post-thumbnail","hentry"],"acf":[],"yoast_head":"<!-- This site is optimized with the Yoast SEO Premium plugin v24.4 (Yoast SEO v27.2) - https:\/\/yoast.com\/product\/yoast-seo-premium-wordpress\/ -->\n<title>Fisioterapia y rehabilitaci\u00f3n - Fundacion CEMEDAR Centro Medico Deportivo Aruba<\/title>\n<meta name=\"robots\" content=\"index, follow, max-snippet:-1, max-image-preview:large, max-video-preview:-1\" \/>\n<link rel=\"canonical\" href=\"https:\/\/arubasportsmedicine.org\/es\/servicios\/terapia-fisica\/\" \/>\n<meta property=\"og:locale\" content=\"es_ES\" \/>\n<meta property=\"og:type\" content=\"article\" \/>\n<meta property=\"og:title\" content=\"Fisioterapia y rehabilitaci\u00f3n\" \/>\n<meta property=\"og:description\" content=\"La fisioterapia es uno de los principales servicios que ofrecemos. Nuestros terapeutas trabajan en estrecha colaboraci\u00f3n con los pacientes para ayudarlos a mejorar su potencial de movimiento y obtener un estilo de vida m\u00e1s saludable y completo.\" \/>\n<meta property=\"og:url\" content=\"https:\/\/arubasportsmedicine.org\/es\/servicios\/terapia-fisica\/\" \/>\n<meta property=\"og:site_name\" content=\"Fundacion CEMEDAR Centro Medico Deportivo Aruba\" \/>\n<meta property=\"article:publisher\" content=\"https:\/\/www.facebook.com\/CEMEDARCentroMedicoDeportivoAruba\" \/>\n<meta property=\"article:modified_time\" content=\"2025-02-18T16:26:49+00:00\" \/>\n<meta property=\"og:image\" content=\"https:\/\/arubasportsmedicine.org\/wp-content\/uploads\/2025\/02\/20250130_171100-scaled.jpg\" \/>\n\t<meta property=\"og:image:width\" content=\"1920\" \/>\n\t<meta property=\"og:image:height\" content=\"2560\" \/>\n\t<meta property=\"og:image:type\" content=\"image\/jpeg\" \/>\n<meta name=\"twitter:card\" content=\"summary_large_image\" \/>\n<meta name=\"twitter:site\" content=\"@CEMEDAR\" \/>\n<meta name=\"twitter:label1\" content=\"Tiempo de lectura\" \/>\n\t<meta name=\"twitter:data1\" content=\"3 minutos\" \/>\n<script type=\"application\/ld+json\" class=\"yoast-schema-graph\">{\"@context\":\"https:\/\/schema.org\",\"@graph\":[{\"@type\":\"WebPage\",\"@id\":\"https:\/\/arubasportsmedicine.org\/es\/servicios\/terapia-fisica\/\",\"url\":\"https:\/\/arubasportsmedicine.org\/es\/servicios\/terapia-fisica\/\",\"name\":\"Fisioterapia y rehabilitaci\u00f3n - Fundacion CEMEDAR Centro Medico Deportivo Aruba\",\"isPartOf\":{\"@id\":\"https:\/\/arubasportsmedicine.org\/es\/#website\"},\"primaryImageOfPage\":{\"@id\":\"https:\/\/arubasportsmedicine.org\/es\/servicios\/terapia-fisica\/#primaryimage\"},\"image\":{\"@id\":\"https:\/\/arubasportsmedicine.org\/es\/servicios\/terapia-fisica\/#primaryimage\"},\"thumbnailUrl\":\"https:\/\/arubasportsmedicine.org\/wp-content\/uploads\/2025\/02\/20250130_171100-scaled.jpg\",\"datePublished\":\"2021-12-02T00:47:45+00:00\",\"dateModified\":\"2025-02-18T16:26:49+00:00\",\"breadcrumb\":{\"@id\":\"https:\/\/arubasportsmedicine.org\/es\/servicios\/terapia-fisica\/#breadcrumb\"},\"inLanguage\":\"es\",\"potentialAction\":[{\"@type\":\"ReadAction\",\"target\":[\"https:\/\/arubasportsmedicine.org\/es\/servicios\/terapia-fisica\/\"]}]},{\"@type\":\"ImageObject\",\"inLanguage\":\"es\",\"@id\":\"https:\/\/arubasportsmedicine.org\/es\/servicios\/terapia-fisica\/#primaryimage\",\"url\":\"https:\/\/arubasportsmedicine.org\/wp-content\/uploads\/2025\/02\/20250130_171100-scaled.jpg\",\"contentUrl\":\"https:\/\/arubasportsmedicine.org\/wp-content\/uploads\/2025\/02\/20250130_171100-scaled.jpg\",\"width\":1920,\"height\":2560},{\"@type\":\"BreadcrumbList\",\"@id\":\"https:\/\/arubasportsmedicine.org\/es\/servicios\/terapia-fisica\/#breadcrumb\",\"itemListElement\":[{\"@type\":\"ListItem\",\"position\":1,\"name\":\"Home\",\"item\":\"https:\/\/arubasportsmedicine.org\/es\/\"},{\"@type\":\"ListItem\",\"position\":2,\"name\":\"Servicios\",\"item\":\"https:\/\/arubasportsmedicine.org\/es\/servicios\/\"},{\"@type\":\"ListItem\",\"position\":3,\"name\":\"Fisioterapia y rehabilitaci\u00f3n\"}]},{\"@type\":\"WebSite\",\"@id\":\"https:\/\/arubasportsmedicine.org\/es\/#website\",\"url\":\"https:\/\/arubasportsmedicine.org\/es\/\",\"name\":\"Fundacion CEMEDAR Centro Medico Deportivo Aruba\",\"description\":\"Medicina Deportiva, Fisioterapia y Masajes Aruba\",\"publisher\":{\"@id\":\"https:\/\/arubasportsmedicine.org\/es\/#organization\"},\"potentialAction\":[{\"@type\":\"SearchAction\",\"target\":{\"@type\":\"EntryPoint\",\"urlTemplate\":\"https:\/\/arubasportsmedicine.org\/es\/?s={search_term_string}\"},\"query-input\":{\"@type\":\"PropertyValueSpecification\",\"valueRequired\":true,\"valueName\":\"search_term_string\"}}],\"inLanguage\":\"es\"},{\"@type\":\"Organization\",\"@id\":\"https:\/\/arubasportsmedicine.org\/es\/#organization\",\"name\":\"Fundacion Cemedar Centro Medico Deportivo Aruba\",\"url\":\"https:\/\/arubasportsmedicine.org\/es\/\",\"logo\":{\"@type\":\"ImageObject\",\"inLanguage\":\"es\",\"@id\":\"https:\/\/arubasportsmedicine.org\/es\/#\/schema\/logo\/image\/\",\"url\":\"https:\/\/arubasportsmedicine.org\/wp-content\/uploads\/2020\/09\/cemedar_logo_wp.png\",\"contentUrl\":\"https:\/\/arubasportsmedicine.org\/wp-content\/uploads\/2020\/09\/cemedar_logo_wp.png\",\"width\":332,\"height\":90,\"caption\":\"Fundacion Cemedar Centro Medico Deportivo Aruba\"},\"image\":{\"@id\":\"https:\/\/arubasportsmedicine.org\/es\/#\/schema\/logo\/image\/\"},\"sameAs\":[\"https:\/\/www.facebook.com\/CEMEDARCentroMedicoDeportivoAruba\",\"https:\/\/x.com\/CEMEDAR\",\"https:\/\/www.instagram.com\/cemedaruba\"]}]}<\/script>\n<!-- \/ Yoast SEO Premium plugin. -->","yoast_head_json":{"title":"Fisioterapia y rehabilitaci\u00f3n - Fundacion CEMEDAR Centro Medico Deportivo Aruba","robots":{"index":"index","follow":"follow","max-snippet":"max-snippet:-1","max-image-preview":"max-image-preview:large","max-video-preview":"max-video-preview:-1"},"canonical":"https:\/\/arubasportsmedicine.org\/es\/servicios\/terapia-fisica\/","og_locale":"es_ES","og_type":"article","og_title":"Fisioterapia y rehabilitaci\u00f3n","og_description":"La fisioterapia es uno de los principales servicios que ofrecemos. Nuestros terapeutas trabajan en estrecha colaboraci\u00f3n con los pacientes para ayudarlos a mejorar su potencial de movimiento y obtener un estilo de vida m\u00e1s saludable y completo.","og_url":"https:\/\/arubasportsmedicine.org\/es\/servicios\/terapia-fisica\/","og_site_name":"Fundacion CEMEDAR Centro Medico Deportivo Aruba","article_publisher":"https:\/\/www.facebook.com\/CEMEDARCentroMedicoDeportivoAruba","article_modified_time":"2025-02-18T16:26:49+00:00","og_image":[{"width":1920,"height":2560,"url":"https:\/\/arubasportsmedicine.org\/wp-content\/uploads\/2025\/02\/20250130_171100-scaled.jpg","type":"image\/jpeg"}],"twitter_card":"summary_large_image","twitter_site":"@CEMEDAR","twitter_misc":{"Tiempo de lectura":"3 minutos"},"schema":{"@context":"https:\/\/schema.org","@graph":[{"@type":"WebPage","@id":"https:\/\/arubasportsmedicine.org\/es\/servicios\/terapia-fisica\/","url":"https:\/\/arubasportsmedicine.org\/es\/servicios\/terapia-fisica\/","name":"Fisioterapia y rehabilitaci\u00f3n - Fundacion CEMEDAR Centro Medico Deportivo Aruba","isPartOf":{"@id":"https:\/\/arubasportsmedicine.org\/es\/#website"},"primaryImageOfPage":{"@id":"https:\/\/arubasportsmedicine.org\/es\/servicios\/terapia-fisica\/#primaryimage"},"image":{"@id":"https:\/\/arubasportsmedicine.org\/es\/servicios\/terapia-fisica\/#primaryimage"},"thumbnailUrl":"https:\/\/arubasportsmedicine.org\/wp-content\/uploads\/2025\/02\/20250130_171100-scaled.jpg","datePublished":"2021-12-02T00:47:45+00:00","dateModified":"2025-02-18T16:26:49+00:00","breadcrumb":{"@id":"https:\/\/arubasportsmedicine.org\/es\/servicios\/terapia-fisica\/#breadcrumb"},"inLanguage":"es","potentialAction":[{"@type":"ReadAction","target":["https:\/\/arubasportsmedicine.org\/es\/servicios\/terapia-fisica\/"]}]},{"@type":"ImageObject","inLanguage":"es","@id":"https:\/\/arubasportsmedicine.org\/es\/servicios\/terapia-fisica\/#primaryimage","url":"https:\/\/arubasportsmedicine.org\/wp-content\/uploads\/2025\/02\/20250130_171100-scaled.jpg","contentUrl":"https:\/\/arubasportsmedicine.org\/wp-content\/uploads\/2025\/02\/20250130_171100-scaled.jpg","width":1920,"height":2560},{"@type":"BreadcrumbList","@id":"https:\/\/arubasportsmedicine.org\/es\/servicios\/terapia-fisica\/#breadcrumb","itemListElement":[{"@type":"ListItem","position":1,"name":"Home","item":"https:\/\/arubasportsmedicine.org\/es\/"},{"@type":"ListItem","position":2,"name":"Servicios","item":"https:\/\/arubasportsmedicine.org\/es\/servicios\/"},{"@type":"ListItem","position":3,"name":"Fisioterapia y rehabilitaci\u00f3n"}]},{"@type":"WebSite","@id":"https:\/\/arubasportsmedicine.org\/es\/#website","url":"https:\/\/arubasportsmedicine.org\/es\/","name":"Fundacion CEMEDAR Centro Medico Deportivo Aruba","description":"Medicina Deportiva, Fisioterapia y Masajes Aruba","publisher":{"@id":"https:\/\/arubasportsmedicine.org\/es\/#organization"},"potentialAction":[{"@type":"SearchAction","target":{"@type":"EntryPoint","urlTemplate":"https:\/\/arubasportsmedicine.org\/es\/?s={search_term_string}"},"query-input":{"@type":"PropertyValueSpecification","valueRequired":true,"valueName":"search_term_string"}}],"inLanguage":"es"},{"@type":"Organization","@id":"https:\/\/arubasportsmedicine.org\/es\/#organization","name":"Fundacion Cemedar Centro Medico Deportivo Aruba","url":"https:\/\/arubasportsmedicine.org\/es\/","logo":{"@type":"ImageObject","inLanguage":"es","@id":"https:\/\/arubasportsmedicine.org\/es\/#\/schema\/logo\/image\/","url":"https:\/\/arubasportsmedicine.org\/wp-content\/uploads\/2020\/09\/cemedar_logo_wp.png","contentUrl":"https:\/\/arubasportsmedicine.org\/wp-content\/uploads\/2020\/09\/cemedar_logo_wp.png","width":332,"height":90,"caption":"Fundacion Cemedar Centro Medico Deportivo Aruba"},"image":{"@id":"https:\/\/arubasportsmedicine.org\/es\/#\/schema\/logo\/image\/"},"sameAs":["https:\/\/www.facebook.com\/CEMEDARCentroMedicoDeportivoAruba","https:\/\/x.com\/CEMEDAR","https:\/\/www.instagram.com\/cemedaruba"]}]}},"_links":{"self":[{"href":"https:\/\/arubasportsmedicine.org\/es\/wp-json\/wp\/v2\/pages\/8504","targetHints":{"allow":["GET"]}}],"collection":[{"href":"https:\/\/arubasportsmedicine.org\/es\/wp-json\/wp\/v2\/pages"}],"about":[{"href":"https:\/\/arubasportsmedicine.org\/es\/wp-json\/wp\/v2\/types\/page"}],"author":[{"embeddable":true,"href":"https:\/\/arubasportsmedicine.org\/es\/wp-json\/wp\/v2\/users\/1"}],"replies":[{"embeddable":true,"href":"https:\/\/arubasportsmedicine.org\/es\/wp-json\/wp\/v2\/comments?post=8504"}],"version-history":[{"count":24,"href":"https:\/\/arubasportsmedicine.org\/es\/wp-json\/wp\/v2\/pages\/8504\/revisions"}],"predecessor-version":[{"id":9493,"href":"https:\/\/arubasportsmedicine.org\/es\/wp-json\/wp\/v2\/pages\/8504\/revisions\/9493"}],"up":[{"embeddable":true,"href":"https:\/\/arubasportsmedicine.org\/es\/wp-json\/wp\/v2\/pages\/8499"}],"wp:featuredmedia":[{"embeddable":true,"href":"https:\/\/arubasportsmedicine.org\/es\/wp-json\/wp\/v2\/media\/9284"}],"wp:attachment":[{"href":"https:\/\/arubasportsmedicine.org\/es\/wp-json\/wp\/v2\/media?parent=8504"}],"curies":[{"name":"wp","href":"https:\/\/api.w.org\/{rel}","templated":true}]}}