{"id":8511,"date":"2021-12-01T20:47:47","date_gmt":"2021-12-02T00:47:47","guid":{"rendered":"https:\/\/arubasportsmedicine.org\/pagina-de-preguntas-frecuentes\/"},"modified":"2021-12-01T20:47:47","modified_gmt":"2021-12-02T00:47:47","slug":"pagina-de-preguntas-frecuentes","status":"publish","type":"page","link":"https:\/\/arubasportsmedicine.org\/es\/pagina-de-preguntas-frecuentes\/","title":{"rendered":"P\u00e1gina de preguntas frecuentes"},"content":{"rendered":"<div id=\"pl-347\" class=\"panel-layout\">\n<div id=\"pg-347-0\" class=\"panel-grid panel-no-style\" data-style=\"{\"background_display\":\"tile\",\"bottom_margin\":\"50px\",\"gutter\":\"40px\"}\">\n<div id=\"pgc-347-0-0\" class=\"panel-grid-cell\" data-weight=\"0.33333333333333\">\n<div id=\"panel-347-0-0-0\" class=\"so-panel widget widget_sow-editor panel-first-child panel-last-child\" data-index=\"0\" data-style=\"{\"background_display\":\"tile\",\"big_widget_title\":\"\",\"small_widget_title\":\"\",\"white_widget_title\":\"\",\"featured_box\":\"\",\"white_featured_box\":\"\"}\">\n<div class=\"so-widget-sow-editor so-widget-sow-editor-base\">\n<div class=\"siteorigin-widget-tinymce textwidget\">\n<h4>\u00bfQu\u00e9 es un fisioterapeuta?<\/h4>\n<p>Los fisioterapeutas tienen formaci\u00f3n universitaria y son expertos en diagn\u00f3stico de lesiones, tratamiento de lesiones, prescripci\u00f3n de ejercicios, prevenci\u00f3n de lesiones, rehabilitaci\u00f3n y muchas otras \u00e1reas del deporte y la salud y el fitness.<\/p>\n<\/div>\n<\/div>\n<\/div>\n<\/div>\n<div id=\"pgc-347-0-1\" class=\"panel-grid-cell\" data-weight=\"0.33333333333333\">\n<div id=\"panel-347-0-1-0\" class=\"so-panel widget widget_sow-editor panel-first-child panel-last-child\" data-index=\"1\" data-style=\"{\"background_display\":\"tile\",\"big_widget_title\":\"\",\"small_widget_title\":\"\",\"white_widget_title\":\"\",\"featured_box\":\"\",\"white_featured_box\":\"\"}\">\n<div class=\"so-widget-sow-editor so-widget-sow-editor-base\">\n<div class=\"siteorigin-widget-tinymce textwidget\">\n<h4>\u00bfQu\u00e9 necesito traer?<\/h4>\n<p>Est\u00e9 preparado para proporcionar su historial m\u00e9dico o quir\u00fargico anterior. Si los tiene y son relevantes, traiga informes de escaneo \/ resonancia magn\u00e9tica y una lista de medicamentos. Es posible que desee traer pantalones cortos y camiseta.<\/p>\n<\/div>\n<\/div>\n<\/div>\n<\/div>\n<div id=\"pgc-347-0-2\" class=\"panel-grid-cell\" data-weight=\"0.33333333333333\">\n<div id=\"panel-347-0-2-0\" class=\"so-panel widget widget_sow-editor panel-first-child panel-last-child\" data-index=\"2\" data-style=\"{\"background_display\":\"tile\",\"big_widget_title\":\"\",\"small_widget_title\":\"\",\"white_widget_title\":\"\",\"featured_box\":\"\",\"white_featured_box\":\"\"}\">\n<div class=\"so-widget-sow-editor so-widget-sow-editor-base\">\n<div class=\"siteorigin-widget-tinymce textwidget\">\n<h4>\u00bfCu\u00e1ntas visitas necesitar\u00e9?<\/h4>\n<p>La cantidad de tratamientos variar\u00e1 seg\u00fan el problema y el individuo. Despu\u00e9s de una evaluaci\u00f3n exhaustiva, el fisioterapeuta discutir\u00e1 su plan de tratamiento para el proceso de rehabilitaci\u00f3n.<\/p>\n<\/div>\n<\/div>\n<\/div>\n<\/div>\n<\/div>\n<div id=\"pg-347-1\" class=\"panel-grid panel-no-style\" data-style=\"{\"background_display\":\"tile\",\"bottom_margin\":\"70px\",\"gutter\":\"40px\"}\">\n<div id=\"pgc-347-1-0\" class=\"panel-grid-cell\" data-weight=\"0.33333333333333\">\n<div id=\"panel-347-1-0-0\" class=\"so-panel widget widget_sow-editor panel-first-child panel-last-child\" data-index=\"3\" data-style=\"{\"background_display\":\"tile\",\"big_widget_title\":\"\",\"small_widget_title\":\"\",\"white_widget_title\":\"\",\"featured_box\":\"\",\"white_featured_box\":\"\"}\">\n<div class=\"so-widget-sow-editor so-widget-sow-editor-base\">\n<div class=\"siteorigin-widget-tinymce textwidget\">\n<h4><strong class=\"question\">\u00bfQu\u00e9 debo usar para mi cita?<\/strong><\/h4>\n<p>Si estamos tratando sus pies, no se le pedir\u00e1 que se desnude, pero si estamos tratando su columna vertebral, estar\u00e1 tan c\u00f3moda y con ropa interior modesta o incluso un par de pantalones cortos.<\/p>\n<\/div>\n<\/div>\n<\/div>\n<\/div>\n<div id=\"pgc-347-1-1\" class=\"panel-grid-cell\" data-weight=\"0.33333333333333\">\n<div id=\"panel-347-1-1-0\" class=\"so-panel widget widget_sow-editor panel-first-child panel-last-child\" data-index=\"4\" data-style=\"{\"background_image_attachment\":false,\"background_display\":\"tile\",\"big_widget_title\":\"\",\"small_widget_title\":\"\",\"white_widget_title\":\"\",\"featured_box\":\"\",\"white_featured_box\":\"\"}\">\n<div class=\"so-widget-sow-editor so-widget-sow-editor-base\">\n<div class=\"siteorigin-widget-tinymce textwidget\">\n<h4><strong class=\"question\">\u00bfC\u00f3mo hago una cita?<\/strong><\/h4>\n<p>Puede ponerse en contacto por tel\u00e9fono <span class=\"icon-box--description\">+ (297) 569 6597<\/span> o utilizar el formulario debajo de la p\u00e1gina de contacto. Alternativamente, use la p\u00e1gina <a href=\"#\">de reserva en l\u00ednea<\/a> r\u00e1pida y f\u00e1cil, que es el m\u00e9todo que preferimos.<\/p>\n<\/div>\n<\/div>\n<\/div>\n<\/div>\n<div id=\"pgc-347-1-2\" class=\"panel-grid-cell\" data-weight=\"0.33333333333333\">\n<div id=\"panel-347-1-2-0\" class=\"so-panel widget widget_sow-editor panel-first-child panel-last-child\" data-index=\"5\" data-style=\"{\"background_display\":\"tile\",\"big_widget_title\":\"\",\"small_widget_title\":\"\",\"white_widget_title\":\"\",\"featured_box\":\"\",\"white_featured_box\":\"\"}\">\n<div class=\"so-widget-sow-editor so-widget-sow-editor-base\">\n<div class=\"siteorigin-widget-tinymce textwidget\">\n<h4>\u00bfTengo que ser referido por un m\u00e9dico?<\/h4>\n<p>No, los fisioterapeutas pueden evaluar y tratar sin la derivaci\u00f3n de un m\u00e9dico. Sin embargo, la mayor\u00eda de las aseguradoras de salud requieren la remisi\u00f3n de un m\u00e9dico antes de autorizar la cobertura de las tarifas, algunas solo requieren una llamada telef\u00f3nica.<\/p>\n<\/div>\n<\/div>\n<\/div>\n<\/div>\n<\/div>\n<div id=\"pg-347-2\" class=\"panel-grid panel-no-style\" data-style=\"{\"background_display\":\"tile\",\"bottom_margin\":\"50px\"}\">\n<div id=\"pgc-347-2-0\" class=\"panel-grid-cell\" data-weight=\"1\">\n<div id=\"panel-347-2-0-0\" class=\"so-panel widget widget_sow-editor panel-first-child panel-last-child\" data-index=\"6\" data-style=\"{\"background_display\":\"tile\",\"big_widget_title\":\"\",\"small_widget_title\":true,\"white_widget_title\":\"\",\"featured_box\":\"\",\"white_featured_box\":\"\"}\">\n<div class=\"smaller-widget-title panel-widget-style panel-widget-style-for-347-2-0-0\">\n<div class=\"so-widget-sow-editor so-widget-sow-editor-base\">\n<div class=\"siteorigin-widget-tinymce textwidget\">\n<div class=\"panel-group\" id=\"accordion-0\" data-panel=\"accordion-0\"><\/p>\n<p><div class=\"panel\"><div class=\"panel-heading\"><h3 class=\"panel-title\"><a class=\"accordion-toggle\" data-toggle=\"collapse\" data-parent=\"#accordion-0\" href=\"#collapse_0\" aria-expanded=\"true\">How long will I need physical therapy?<\/a><\/h3><\/div><div id=\"collapse_0\" class=\"panel-collapse collapse in\"><div class=\"panel-body\"><\/p>\n<p>La duraci\u00f3n del tratamiento depende de su diagn\u00f3stico, la gravedad de sus deficiencias, su historial m\u00e9dico anterior y otros factores. Se realizar\u00e1n reevaluaciones para evaluar su progreso y su terapeuta se comunicar\u00e1 con su m\u00e9dico para ayudarlo a lograr sus objetivos de terapia.<\/p>\n<p><\/div><\/div><\/div><\/p>\n<p><div class=\"panel\"><div class=\"panel-heading\"><h3 class=\"panel-title\"><a class=\"accordion-toggle\" data-toggle=\"collapse\" data-parent=\"#accordion-0\" href=\"#collapse_1\" >What conditions does physical therapy treat?<\/a><\/h3><\/div><div id=\"collapse_1\" class=\"panel-collapse collapse \"><div class=\"panel-body\"><\/p>\n<p>Vemos y tratamos a pacientes para una amplia gama de condiciones y diagn\u00f3sticos. Visite nuestros <a href=\"#\">Servicios<\/a> para obtener una lista extensa de afecciones y diagn\u00f3sticos para los que atendemos a los pacientes.<\/p>\n<p><\/div><\/div><\/div><\/p>\n<p><div class=\"panel\"><div class=\"panel-heading\"><h3 class=\"panel-title\"><a class=\"accordion-toggle\" data-toggle=\"collapse\" data-parent=\"#accordion-0\" href=\"#collapse_2\" >Are there physical therapist specialists?<\/a><\/h3><\/div><div id=\"collapse_2\" class=\"panel-collapse collapse \"><div class=\"panel-body\"><\/p>\n<p>Fisioterapia en Physio se enorgullece de contar con 20 fisioterapeutas y terapeutas ocupacionales en su personal que han obtenido y logrado certificaciones avanzadas en ortopedia, deportes, terapia de manos, terapia manual y ped\u00f3rtica.<\/p>\n<p><\/div><\/div><\/div><\/p>\n<p><div class=\"panel\"><div class=\"panel-heading\"><h3 class=\"panel-title\"><a class=\"accordion-toggle\" data-toggle=\"collapse\" data-parent=\"#accordion-0\" href=\"#collapse_3\" >How do I know if my insurance covers physical therapy services?<\/a><\/h3><\/div><div id=\"collapse_3\" class=\"panel-collapse collapse \"><div class=\"panel-body\"><\/p>\n<p>Verificaremos con el proveedor de su seguro m\u00e9dico para determinar si los servicios de fisioterapia para pacientes ambulatorios est\u00e1n cubiertos por su plan. Le recomendamos que confirme la cobertura de su seguro.<\/p>\n<p><\/div><\/div><\/div><\/p>\n<p><div class=\"panel\"><div class=\"panel-heading\"><h3 class=\"panel-title\"><a class=\"accordion-toggle\" data-toggle=\"collapse\" data-parent=\"#accordion-0\" href=\"#collapse_4\" >How do I cancel or reschedule my appointment(s)?<\/a><\/h3><\/div><div id=\"collapse_4\" class=\"panel-collapse collapse \"><div class=\"panel-body\"><\/p>\n<p>Llame al centro al que va para todas sus citas regulares. Tambi\u00e9n puede llamar a nuestra oficina de administraci\u00f3n al + 123 556 7890.<\/p>\n<p><\/div><\/div><\/div><\/p>\n<p><\/div>\n<\/div>\n<\/div>\n<\/div>\n<\/div>\n<\/div>\n<\/div>\n<div id=\"pg-347-3\" class=\"panel-grid panel-has-style\" data-style=\"{\"padding\":\"50px\",\"background\":\"#f5f8fb\",\"background_display\":\"tile\",\"cell_class\":\"text-center\"}\">\n<div class=\"panel-row-style panel-row-style-for-347-3\">\n<div id=\"pgc-347-3-0\" class=\"panel-grid-cell\" data-weight=\"1\">\n<div class=\"text-center panel-cell-style panel-cell-style-for-347-3-0\">\n<div id=\"panel-347-3-0-0\" class=\"so-panel widget widget_sow-editor panel-first-child panel-last-child\" data-index=\"7\" data-style=\"{\"background_display\":\"tile\",\"big_widget_title\":\"\",\"small_widget_title\":\"\",\"white_widget_title\":\"\",\"featured_box\":\"\",\"white_featured_box\":\"\"}\">\n<div class=\"so-widget-sow-editor so-widget-sow-editor-base\">\n<h3 class=\"widget-title\">H\u00e1ganos una pregunta<\/h3>\n<div class=\"siteorigin-widget-tinymce textwidget\">\n<p>No dude en hacer cualquier pregunta relacionada con la fisioterapia por tel\u00e9fono o env\u00ede su pregunta a trav\u00e9s de este formulario a continuaci\u00f3n. Su mensaje se enviar\u00e1 directamente a nuestro personal, quien responder\u00e1 lo antes posible.<\/p>\n<\/p>\n\n<div class=\"wpcf7 no-js\" id=\"wpcf7-f8549-o1\" lang=\"es-ES\" dir=\"ltr\" data-wpcf7-id=\"8549\">\n<div class=\"screen-reader-response\"><p role=\"status\" aria-live=\"polite\" aria-atomic=\"true\"><\/p> <ul><\/ul><\/div>\n<form action=\"\/es\/wp-json\/wp\/v2\/pages\/8511#wpcf7-f8549-o1\" method=\"post\" class=\"wpcf7-form init\" aria-label=\"Formulario de contacto\" novalidate=\"novalidate\" data-status=\"init\">\n<fieldset class=\"hidden-fields-container\"><input type=\"hidden\" name=\"_wpcf7\" value=\"8549\" \/><input type=\"hidden\" name=\"_wpcf7_version\" value=\"6.1.5\" \/><input type=\"hidden\" name=\"_wpcf7_locale\" value=\"es_ES\" \/><input type=\"hidden\" name=\"_wpcf7_unit_tag\" value=\"wpcf7-f8549-o1\" \/><input type=\"hidden\" name=\"_wpcf7_container_post\" value=\"0\" \/><input type=\"hidden\" name=\"_wpcf7_posted_data_hash\" value=\"\" \/><input type=\"hidden\" name=\"_wpcf7_recaptcha_response\" value=\"\" \/>\n<\/fieldset>\n<div class=\"questionform white-featured-box\">\n\t<div class=\"row\">\n\t\t<div class=\"col-xs-12 col-md-6\">\n\t\t\t<p><span class=\"wpcf7-form-control-wrap\" data-name=\"your-name\"><input size=\"40\" maxlength=\"400\" class=\"wpcf7-form-control wpcf7-text wpcf7-validates-as-required\" aria-required=\"true\" aria-invalid=\"false\" placeholder=\"Full Name *\" value=\"\" type=\"text\" name=\"your-name\" \/><\/span><span class=\"wpcf7-form-control-wrap\" data-name=\"your-email\"><input size=\"40\" maxlength=\"400\" class=\"wpcf7-form-control wpcf7-email wpcf7-validates-as-required wpcf7-text wpcf7-validates-as-email\" aria-required=\"true\" aria-invalid=\"false\" placeholder=\"Email Address *\" value=\"\" type=\"email\" name=\"your-email\" \/><\/span><span class=\"wpcf7-form-control-wrap\" data-name=\"your-phone\"><input size=\"40\" maxlength=\"400\" class=\"wpcf7-form-control wpcf7-tel wpcf7-validates-as-required wpcf7-text wpcf7-validates-as-tel\" aria-required=\"true\" aria-invalid=\"false\" placeholder=\"Phone Number *\" value=\"\" type=\"tel\" name=\"your-phone\" \/><\/span><span class=\"wpcf7-form-control-wrap\" data-name=\"answer\"><select class=\"wpcf7-form-control wpcf7-select wpcf7-validates-as-required\" aria-required=\"true\" aria-invalid=\"false\" name=\"answer\"><option value=\"\">Receive Answer By:<\/option><option value=\"Phone\">Phone<\/option><option value=\"By Email\">By Email<\/option><\/select><\/span>\n\t\t\t<\/p>\n\t\t<\/div>\n\t\t<div class=\"col-xs-12 col-md-6\">\n\t\t\t<p><span class=\"wpcf7-form-control-wrap\" data-name=\"your-subject\"><input size=\"40\" maxlength=\"400\" class=\"wpcf7-form-control wpcf7-text wpcf7-validates-as-required\" aria-required=\"true\" aria-invalid=\"false\" placeholder=\"The Subject\" value=\"\" type=\"text\" name=\"your-subject\" \/><\/span><span class=\"wpcf7-form-control-wrap\" data-name=\"your-message\"><textarea cols=\"40\" rows=\"10\" maxlength=\"2000\" class=\"wpcf7-form-control wpcf7-textarea wpcf7-validates-as-required\" aria-required=\"true\" aria-invalid=\"false\" placeholder=\"Type your question..\" name=\"your-message\"><\/textarea><\/span>\n\t\t\t<input class=\"wpcf7-form-control wpcf7-submit has-spinner btn btn-primary pull-right fullwidth\" type=\"submit\" value=\"Send Question\" \/>\n\t\t\t<\/p>\n\t\t<\/div>\n\t<\/div>\n<\/div><div class=\"wpcf7-response-output\" aria-hidden=\"true\"><\/div>\n<\/form>\n<\/div>\n\n<\/div>\n<\/div>\n<\/div>\n<\/div>\n<\/div>\n<\/div>\n<\/div>\n<\/div>\n","protected":false},"excerpt":{"rendered":"<p>\u00bfQu\u00e9 es un fisioterapeuta? Los fisioterapeutas tienen formaci\u00f3n universitaria y son expertos en diagn\u00f3stico de lesiones, tratamiento de lesiones, prescripci\u00f3n de ejercicios, prevenci\u00f3n de lesiones, rehabilitaci\u00f3n y muchas otras \u00e1reas del deporte y la salud y el fitness. \u00bfQu\u00e9 necesito traer? Est\u00e9 preparado para proporcionar su historial m\u00e9dico o quir\u00fargico anterior. Si los tiene y [&hellip;]<\/p>\n","protected":false},"author":1,"featured_media":0,"parent":0,"menu_order":13,"comment_status":"closed","ping_status":"closed","template":"","meta":{"_acf_changed":false,"footnotes":""},"class_list":["post-8511","page","type-page","status-publish","hentry"],"acf":[],"yoast_head":"<!-- This site is optimized with the Yoast SEO Premium plugin v24.4 (Yoast SEO v27.2) - https:\/\/yoast.com\/product\/yoast-seo-premium-wordpress\/ -->\n<title>P\u00e1gina de preguntas frecuentes - Fundacion CEMEDAR Centro Medico Deportivo Aruba<\/title>\n<meta name=\"robots\" content=\"index, follow, max-snippet:-1, max-image-preview:large, max-video-preview:-1\" \/>\n<link rel=\"canonical\" href=\"https:\/\/arubasportsmedicine.org\/es\/pagina-de-preguntas-frecuentes\/\" \/>\n<meta property=\"og:locale\" content=\"es_ES\" \/>\n<meta property=\"og:type\" content=\"article\" \/>\n<meta property=\"og:title\" content=\"P\u00e1gina de preguntas frecuentes\" \/>\n<meta property=\"og:description\" content=\"\u00bfQu\u00e9 es un fisioterapeuta? Los fisioterapeutas tienen formaci\u00f3n universitaria y son expertos en diagn\u00f3stico de lesiones, tratamiento de lesiones, prescripci\u00f3n de ejercicios, prevenci\u00f3n de lesiones, rehabilitaci\u00f3n y muchas otras \u00e1reas del deporte y la salud y el fitness. \u00bfQu\u00e9 necesito traer? Est\u00e9 preparado para proporcionar su historial m\u00e9dico o quir\u00fargico anterior. Si los tiene y [&hellip;]\" \/>\n<meta property=\"og:url\" content=\"https:\/\/arubasportsmedicine.org\/es\/pagina-de-preguntas-frecuentes\/\" \/>\n<meta property=\"og:site_name\" content=\"Fundacion CEMEDAR Centro Medico Deportivo Aruba\" \/>\n<meta property=\"article:publisher\" content=\"https:\/\/www.facebook.com\/CEMEDARCentroMedicoDeportivoAruba\" \/>\n<meta name=\"twitter:card\" content=\"summary_large_image\" \/>\n<meta name=\"twitter:site\" content=\"@CEMEDAR\" \/>\n<meta name=\"twitter:label1\" content=\"Tiempo de lectura\" \/>\n\t<meta name=\"twitter:data1\" content=\"3 minutos\" \/>\n<script type=\"application\/ld+json\" class=\"yoast-schema-graph\">{\"@context\":\"https:\/\/schema.org\",\"@graph\":[{\"@type\":\"WebPage\",\"@id\":\"https:\/\/arubasportsmedicine.org\/es\/pagina-de-preguntas-frecuentes\/\",\"url\":\"https:\/\/arubasportsmedicine.org\/es\/pagina-de-preguntas-frecuentes\/\",\"name\":\"P\u00e1gina de preguntas frecuentes - Fundacion CEMEDAR Centro Medico Deportivo Aruba\",\"isPartOf\":{\"@id\":\"https:\/\/arubasportsmedicine.org\/es\/#website\"},\"datePublished\":\"2021-12-02T00:47:47+00:00\",\"breadcrumb\":{\"@id\":\"https:\/\/arubasportsmedicine.org\/es\/pagina-de-preguntas-frecuentes\/#breadcrumb\"},\"inLanguage\":\"es\",\"potentialAction\":[{\"@type\":\"ReadAction\",\"target\":[\"https:\/\/arubasportsmedicine.org\/es\/pagina-de-preguntas-frecuentes\/\"]}]},{\"@type\":\"BreadcrumbList\",\"@id\":\"https:\/\/arubasportsmedicine.org\/es\/pagina-de-preguntas-frecuentes\/#breadcrumb\",\"itemListElement\":[{\"@type\":\"ListItem\",\"position\":1,\"name\":\"Home\",\"item\":\"https:\/\/arubasportsmedicine.org\/es\/\"},{\"@type\":\"ListItem\",\"position\":2,\"name\":\"P\u00e1gina de preguntas frecuentes\"}]},{\"@type\":\"WebSite\",\"@id\":\"https:\/\/arubasportsmedicine.org\/es\/#website\",\"url\":\"https:\/\/arubasportsmedicine.org\/es\/\",\"name\":\"Fundacion CEMEDAR Centro Medico Deportivo Aruba\",\"description\":\"Medicina Deportiva, Fisioterapia y Masajes Aruba\",\"publisher\":{\"@id\":\"https:\/\/arubasportsmedicine.org\/es\/#organization\"},\"potentialAction\":[{\"@type\":\"SearchAction\",\"target\":{\"@type\":\"EntryPoint\",\"urlTemplate\":\"https:\/\/arubasportsmedicine.org\/es\/?s={search_term_string}\"},\"query-input\":{\"@type\":\"PropertyValueSpecification\",\"valueRequired\":true,\"valueName\":\"search_term_string\"}}],\"inLanguage\":\"es\"},{\"@type\":\"Organization\",\"@id\":\"https:\/\/arubasportsmedicine.org\/es\/#organization\",\"name\":\"Fundacion Cemedar Centro Medico Deportivo Aruba\",\"url\":\"https:\/\/arubasportsmedicine.org\/es\/\",\"logo\":{\"@type\":\"ImageObject\",\"inLanguage\":\"es\",\"@id\":\"https:\/\/arubasportsmedicine.org\/es\/#\/schema\/logo\/image\/\",\"url\":\"https:\/\/arubasportsmedicine.org\/wp-content\/uploads\/2020\/09\/cemedar_logo_wp.png\",\"contentUrl\":\"https:\/\/arubasportsmedicine.org\/wp-content\/uploads\/2020\/09\/cemedar_logo_wp.png\",\"width\":332,\"height\":90,\"caption\":\"Fundacion Cemedar Centro Medico Deportivo Aruba\"},\"image\":{\"@id\":\"https:\/\/arubasportsmedicine.org\/es\/#\/schema\/logo\/image\/\"},\"sameAs\":[\"https:\/\/www.facebook.com\/CEMEDARCentroMedicoDeportivoAruba\",\"https:\/\/x.com\/CEMEDAR\",\"https:\/\/www.instagram.com\/cemedaruba\"]}]}<\/script>\n<!-- \/ Yoast SEO Premium plugin. -->","yoast_head_json":{"title":"P\u00e1gina de preguntas frecuentes - Fundacion CEMEDAR Centro Medico Deportivo Aruba","robots":{"index":"index","follow":"follow","max-snippet":"max-snippet:-1","max-image-preview":"max-image-preview:large","max-video-preview":"max-video-preview:-1"},"canonical":"https:\/\/arubasportsmedicine.org\/es\/pagina-de-preguntas-frecuentes\/","og_locale":"es_ES","og_type":"article","og_title":"P\u00e1gina de preguntas frecuentes","og_description":"\u00bfQu\u00e9 es un fisioterapeuta? Los fisioterapeutas tienen formaci\u00f3n universitaria y son expertos en diagn\u00f3stico de lesiones, tratamiento de lesiones, prescripci\u00f3n de ejercicios, prevenci\u00f3n de lesiones, rehabilitaci\u00f3n y muchas otras \u00e1reas del deporte y la salud y el fitness. \u00bfQu\u00e9 necesito traer? Est\u00e9 preparado para proporcionar su historial m\u00e9dico o quir\u00fargico anterior. Si los tiene y [&hellip;]","og_url":"https:\/\/arubasportsmedicine.org\/es\/pagina-de-preguntas-frecuentes\/","og_site_name":"Fundacion CEMEDAR Centro Medico Deportivo Aruba","article_publisher":"https:\/\/www.facebook.com\/CEMEDARCentroMedicoDeportivoAruba","twitter_card":"summary_large_image","twitter_site":"@CEMEDAR","twitter_misc":{"Tiempo de lectura":"3 minutos"},"schema":{"@context":"https:\/\/schema.org","@graph":[{"@type":"WebPage","@id":"https:\/\/arubasportsmedicine.org\/es\/pagina-de-preguntas-frecuentes\/","url":"https:\/\/arubasportsmedicine.org\/es\/pagina-de-preguntas-frecuentes\/","name":"P\u00e1gina de preguntas frecuentes - Fundacion CEMEDAR Centro Medico Deportivo Aruba","isPartOf":{"@id":"https:\/\/arubasportsmedicine.org\/es\/#website"},"datePublished":"2021-12-02T00:47:47+00:00","breadcrumb":{"@id":"https:\/\/arubasportsmedicine.org\/es\/pagina-de-preguntas-frecuentes\/#breadcrumb"},"inLanguage":"es","potentialAction":[{"@type":"ReadAction","target":["https:\/\/arubasportsmedicine.org\/es\/pagina-de-preguntas-frecuentes\/"]}]},{"@type":"BreadcrumbList","@id":"https:\/\/arubasportsmedicine.org\/es\/pagina-de-preguntas-frecuentes\/#breadcrumb","itemListElement":[{"@type":"ListItem","position":1,"name":"Home","item":"https:\/\/arubasportsmedicine.org\/es\/"},{"@type":"ListItem","position":2,"name":"P\u00e1gina de preguntas frecuentes"}]},{"@type":"WebSite","@id":"https:\/\/arubasportsmedicine.org\/es\/#website","url":"https:\/\/arubasportsmedicine.org\/es\/","name":"Fundacion CEMEDAR Centro Medico Deportivo Aruba","description":"Medicina Deportiva, Fisioterapia y Masajes Aruba","publisher":{"@id":"https:\/\/arubasportsmedicine.org\/es\/#organization"},"potentialAction":[{"@type":"SearchAction","target":{"@type":"EntryPoint","urlTemplate":"https:\/\/arubasportsmedicine.org\/es\/?s={search_term_string}"},"query-input":{"@type":"PropertyValueSpecification","valueRequired":true,"valueName":"search_term_string"}}],"inLanguage":"es"},{"@type":"Organization","@id":"https:\/\/arubasportsmedicine.org\/es\/#organization","name":"Fundacion Cemedar Centro Medico Deportivo Aruba","url":"https:\/\/arubasportsmedicine.org\/es\/","logo":{"@type":"ImageObject","inLanguage":"es","@id":"https:\/\/arubasportsmedicine.org\/es\/#\/schema\/logo\/image\/","url":"https:\/\/arubasportsmedicine.org\/wp-content\/uploads\/2020\/09\/cemedar_logo_wp.png","contentUrl":"https:\/\/arubasportsmedicine.org\/wp-content\/uploads\/2020\/09\/cemedar_logo_wp.png","width":332,"height":90,"caption":"Fundacion Cemedar Centro Medico Deportivo Aruba"},"image":{"@id":"https:\/\/arubasportsmedicine.org\/es\/#\/schema\/logo\/image\/"},"sameAs":["https:\/\/www.facebook.com\/CEMEDARCentroMedicoDeportivoAruba","https:\/\/x.com\/CEMEDAR","https:\/\/www.instagram.com\/cemedaruba"]}]}},"_links":{"self":[{"href":"https:\/\/arubasportsmedicine.org\/es\/wp-json\/wp\/v2\/pages\/8511","targetHints":{"allow":["GET"]}}],"collection":[{"href":"https:\/\/arubasportsmedicine.org\/es\/wp-json\/wp\/v2\/pages"}],"about":[{"href":"https:\/\/arubasportsmedicine.org\/es\/wp-json\/wp\/v2\/types\/page"}],"author":[{"embeddable":true,"href":"https:\/\/arubasportsmedicine.org\/es\/wp-json\/wp\/v2\/users\/1"}],"replies":[{"embeddable":true,"href":"https:\/\/arubasportsmedicine.org\/es\/wp-json\/wp\/v2\/comments?post=8511"}],"version-history":[{"count":0,"href":"https:\/\/arubasportsmedicine.org\/es\/wp-json\/wp\/v2\/pages\/8511\/revisions"}],"wp:attachment":[{"href":"https:\/\/arubasportsmedicine.org\/es\/wp-json\/wp\/v2\/media?parent=8511"}],"curies":[{"name":"wp","href":"https:\/\/api.w.org\/{rel}","templated":true}]}}