{"id":8512,"date":"2021-12-01T20:47:47","date_gmt":"2021-12-02T00:47:47","guid":{"rendered":"https:\/\/arubasportsmedicine.org\/terapeuta-individual\/"},"modified":"2021-12-01T20:47:47","modified_gmt":"2021-12-02T00:47:47","slug":"terapeuta-individual","status":"publish","type":"page","link":"https:\/\/arubasportsmedicine.org\/es\/servicios\/terapeuta-individual\/","title":{"rendered":"Terapeuta individual"},"content":{"rendered":"<div id=\"pl-2559\" class=\"panel-layout\">\n<div id=\"pg-2559-0\" class=\"panel-grid panel-no-style\" data-style=\"{\"background_display\":\"tile\",\"bottom_margin\":\"0px\"}\">\n<div id=\"pgc-2559-0-0\" class=\"panel-grid-cell\" data-weight=\"0.5\">\n<div id=\"panel-2559-0-0-0\" class=\"so-panel widget widget_sow-editor panel-first-child panel-last-child\" data-index=\"0\" data-style=\"{\"background_image_attachment\":false,\"background_display\":\"tile\",\"big_widget_title\":\"\",\"small_widget_title\":\"\",\"white_widget_title\":\"\",\"featured_box\":\"\",\"white_featured_box\":\"\"}\">\n<div class=\"so-widget-sow-editor so-widget-sow-editor-base\">\n<div class=\"siteorigin-widget-tinymce textwidget\">\n<p>Kristina abri\u00f3 Physio Physical Therapy en 2006 con la intenci\u00f3n de crear una pr\u00e1ctica que combinara lo mejor de la fisioterapia tradicional con los principios y t\u00e9cnicas de la terapia manual osteop\u00e1tica.<\/p>\n<p>Con m\u00e1s de 20 a\u00f1os de experiencia cl\u00ednica, la pr\u00e1ctica de Kristina sigue la filosof\u00eda de que la terapia tiene m\u00e1s \u00e9xito cuando se trata a las personas como seres humanos completos, no como partes individuales, y su trabajo se centra en encontrar y tratar las causas fundamentales.<\/p>\n<p><span style=\"color: #56afd5; font-size: 15px;\"><strong>Educaci\u00f3n<\/strong><\/span><br \/>\nKristina, PT, DPT, se gradu\u00f3 de Physio University como fisioterapeuta con un doctorado en fisioterapia. Kristina tiene experiencia e inter\u00e9s en la fisioterapia ortop\u00e9dica ambulatoria y la rehabilitaci\u00f3n deportiva.<\/p>\n<p><span style=\"color: #56afd5; font-size: 15px;\"><strong>Carrera profesional<\/strong><\/span><br \/>\nFisioterapeuta en el Hospital, en consulta privada y en Physio University. Miembro adjunto de la facultad en Physio University y Physical University, impartiendo cursos de fisioterapia y entrenamiento atl\u00e9tico.<\/p>\n<p><span style=\"color: #56afd5; font-size: 15px;\"><strong>Logros profesionales<\/strong><\/span><br \/>\nCoordinador de Educaci\u00f3n Cl\u00ednica y supervisa los programas de ayudantes voluntarios y pasantes de estudiantes graduados. Miembro de la Asociaci\u00f3n Internacional de Medicina y Ciencia de la Danza y tiene un inter\u00e9s activo en el crecimiento de la comunidad de la medicina de la danza.<\/p>\n<p><span style=\"color: #56afd5; font-size: 15px;\"><strong>Calificaciones del terapeuta<\/strong><\/span><\/p>\n<p><strong><span class=\"icon-wrap\"><i class=\"fas fa-check\"><\/i><\/span>  <\/strong>Diploma de Posgrado en Fisioterapia<br \/>\n<strong><span class=\"icon-wrap\"><i class=\"fas fa-check\"><\/i><\/span>  <\/strong>Miembro del Colegio de Fisioterapeutas de Nueva Zelanda<br \/>\n<strong><span class=\"icon-wrap\"><i class=\"fas fa-check\"><\/i><\/span>  <\/strong>Diploma de Posgrado en Terapia Manipulativa<br \/>\n<strong><span class=\"icon-wrap\"><i class=\"fas fa-check\"><\/i><\/span> <\/strong> Diploma de Postgrado en Rehabilitaci\u00f3n<br \/>\n<strong><span class=\"icon-wrap\"><i class=\"fas fa-check\"><\/i><\/span>  <\/strong>Acupunturista de fisioterapia registrado<\/p>\n<\/div>\n<\/div>\n<\/div>\n<\/div>\n<div id=\"pgc-2559-0-1\" class=\"panel-grid-cell\" data-weight=\"0.5\">\n<div id=\"panel-2559-0-1-0\" class=\"so-panel widget widget_sow-editor panel-first-child panel-last-child\" data-index=\"1\" data-style=\"{\"background_display\":\"tile\",\"big_widget_title\":\"\",\"small_widget_title\":\"\",\"white_widget_title\":\"\",\"featured_box\":\"\",\"white_featured_box\":\"\"}\">\n<div class=\"so-widget-sow-editor so-widget-sow-editor-base\">\n<div class=\"siteorigin-widget-tinymce textwidget\">\n<p><a href=\"https:\/\/arubasportsmedicine.org\/wp-content\/uploads\/2015\/11\/850x567.png\" rel=\"attachment wp-att-7481\"><img fetchpriority=\"high\" decoding=\"async\" class=\"alignnone size-full wp-image-8416\" src=\"https:\/\/arubasportsmedicine.org\/wp-content\/uploads\/2015\/11\/850x567.png\" alt=\"850x567\" width=\"850\" height=\"567\" srcset=\"https:\/\/arubasportsmedicine.org\/wp-content\/uploads\/2015\/11\/850x567.png 850w, https:\/\/arubasportsmedicine.org\/wp-content\/uploads\/2015\/11\/850x567-600x400.png 600w\" sizes=\"(max-width: 850px) 100vw, 850px\" \/><\/a><br \/> <a href=\"https:\/\/arubasportsmedicine.org\/wp-content\/uploads\/2015\/11\/850x567.png\" rel=\"attachment wp-att-7481\"><img fetchpriority=\"high\" decoding=\"async\" class=\"alignnone size-full wp-image-8416\" src=\"https:\/\/arubasportsmedicine.org\/wp-content\/uploads\/2015\/11\/850x567.png\" alt=\"850x567\" width=\"850\" height=\"567\" srcset=\"https:\/\/arubasportsmedicine.org\/wp-content\/uploads\/2015\/11\/850x567.png 850w, https:\/\/arubasportsmedicine.org\/wp-content\/uploads\/2015\/11\/850x567-600x400.png 600w\" sizes=\"(max-width: 850px) 100vw, 850px\" \/><\/a><br \/> <a href=\"https:\/\/arubasportsmedicine.org\/wp-content\/uploads\/2015\/11\/850x567.png\" rel=\"attachment wp-att-7481\"><img fetchpriority=\"high\" decoding=\"async\" class=\"alignnone size-full wp-image-8416\" src=\"https:\/\/arubasportsmedicine.org\/wp-content\/uploads\/2015\/11\/850x567.png\" alt=\"850x567\" width=\"850\" height=\"567\" srcset=\"https:\/\/arubasportsmedicine.org\/wp-content\/uploads\/2015\/11\/850x567.png 850w, https:\/\/arubasportsmedicine.org\/wp-content\/uploads\/2015\/11\/850x567-600x400.png 600w\" sizes=\"(max-width: 850px) 100vw, 850px\" \/><\/a><\/p>\n<\/div>\n<\/div>\n<\/div>\n<\/div>\n<\/div>\n<\/div>\n","protected":false},"excerpt":{"rendered":"<p>Kristina abri\u00f3 Physio Physical Therapy en 2006 con la intenci\u00f3n de crear una pr\u00e1ctica que combinara lo mejor de la fisioterapia tradicional con los principios y t\u00e9cnicas de la terapia manual osteop\u00e1tica. Con m\u00e1s de 20 a\u00f1os de experiencia cl\u00ednica, la pr\u00e1ctica de Kristina sigue la filosof\u00eda de que la terapia tiene m\u00e1s \u00e9xito cuando [&hellip;]<\/p>\n","protected":false},"author":1,"featured_media":0,"parent":8499,"menu_order":9,"comment_status":"closed","ping_status":"closed","template":"","meta":{"_acf_changed":false,"footnotes":""},"class_list":["post-8512","page","type-page","status-publish","hentry"],"acf":[],"yoast_head":"<!-- This site is optimized with the Yoast SEO Premium plugin v24.4 (Yoast SEO v27.2) - https:\/\/yoast.com\/product\/yoast-seo-premium-wordpress\/ -->\n<title>Terapeuta individual - Fundacion CEMEDAR Centro Medico Deportivo Aruba<\/title>\n<meta name=\"robots\" content=\"index, follow, max-snippet:-1, max-image-preview:large, max-video-preview:-1\" \/>\n<link rel=\"canonical\" href=\"https:\/\/arubasportsmedicine.org\/es\/servicios\/terapeuta-individual\/\" \/>\n<meta property=\"og:locale\" content=\"es_ES\" \/>\n<meta property=\"og:type\" content=\"article\" \/>\n<meta property=\"og:title\" content=\"Terapeuta individual\" \/>\n<meta property=\"og:description\" content=\"Kristina abri\u00f3 Physio Physical Therapy en 2006 con la intenci\u00f3n de crear una pr\u00e1ctica que combinara lo mejor de la fisioterapia tradicional con los principios y t\u00e9cnicas de la terapia manual osteop\u00e1tica. Con m\u00e1s de 20 a\u00f1os de experiencia cl\u00ednica, la pr\u00e1ctica de Kristina sigue la filosof\u00eda de que la terapia tiene m\u00e1s \u00e9xito cuando [&hellip;]\" \/>\n<meta property=\"og:url\" content=\"https:\/\/arubasportsmedicine.org\/es\/servicios\/terapeuta-individual\/\" \/>\n<meta property=\"og:site_name\" content=\"Fundacion CEMEDAR Centro Medico Deportivo Aruba\" \/>\n<meta property=\"article:publisher\" content=\"https:\/\/www.facebook.com\/CEMEDARCentroMedicoDeportivoAruba\" \/>\n<meta property=\"og:image\" content=\"https:\/\/arubasportsmedicine.org\/wp-content\/uploads\/2015\/11\/850x567.png\" \/>\n\t<meta property=\"og:image:width\" content=\"850\" \/>\n\t<meta property=\"og:image:height\" content=\"567\" \/>\n\t<meta property=\"og:image:type\" content=\"image\/png\" \/>\n<meta name=\"twitter:card\" content=\"summary_large_image\" \/>\n<meta name=\"twitter:site\" content=\"@CEMEDAR\" \/>\n<meta name=\"twitter:label1\" content=\"Tiempo de lectura\" \/>\n\t<meta name=\"twitter:data1\" content=\"1 minuto\" \/>\n<script type=\"application\/ld+json\" class=\"yoast-schema-graph\">{\"@context\":\"https:\/\/schema.org\",\"@graph\":[{\"@type\":\"WebPage\",\"@id\":\"https:\/\/arubasportsmedicine.org\/es\/servicios\/terapeuta-individual\/\",\"url\":\"https:\/\/arubasportsmedicine.org\/es\/servicios\/terapeuta-individual\/\",\"name\":\"Terapeuta individual - Fundacion CEMEDAR Centro Medico Deportivo Aruba\",\"isPartOf\":{\"@id\":\"https:\/\/arubasportsmedicine.org\/es\/#website\"},\"primaryImageOfPage\":{\"@id\":\"https:\/\/arubasportsmedicine.org\/es\/servicios\/terapeuta-individual\/#primaryimage\"},\"image\":{\"@id\":\"https:\/\/arubasportsmedicine.org\/es\/servicios\/terapeuta-individual\/#primaryimage\"},\"thumbnailUrl\":\"https:\/\/arubasportsmedicine.org\/wp-content\/uploads\/2015\/11\/850x567.png\",\"datePublished\":\"2021-12-02T00:47:47+00:00\",\"breadcrumb\":{\"@id\":\"https:\/\/arubasportsmedicine.org\/es\/servicios\/terapeuta-individual\/#breadcrumb\"},\"inLanguage\":\"es\",\"potentialAction\":[{\"@type\":\"ReadAction\",\"target\":[\"https:\/\/arubasportsmedicine.org\/es\/servicios\/terapeuta-individual\/\"]}]},{\"@type\":\"ImageObject\",\"inLanguage\":\"es\",\"@id\":\"https:\/\/arubasportsmedicine.org\/es\/servicios\/terapeuta-individual\/#primaryimage\",\"url\":\"https:\/\/arubasportsmedicine.org\/wp-content\/uploads\/2015\/11\/850x567.png\",\"contentUrl\":\"https:\/\/arubasportsmedicine.org\/wp-content\/uploads\/2015\/11\/850x567.png\"},{\"@type\":\"BreadcrumbList\",\"@id\":\"https:\/\/arubasportsmedicine.org\/es\/servicios\/terapeuta-individual\/#breadcrumb\",\"itemListElement\":[{\"@type\":\"ListItem\",\"position\":1,\"name\":\"Home\",\"item\":\"https:\/\/arubasportsmedicine.org\/es\/\"},{\"@type\":\"ListItem\",\"position\":2,\"name\":\"Servicios\",\"item\":\"https:\/\/arubasportsmedicine.org\/es\/servicios\/\"},{\"@type\":\"ListItem\",\"position\":3,\"name\":\"Terapeuta individual\"}]},{\"@type\":\"WebSite\",\"@id\":\"https:\/\/arubasportsmedicine.org\/es\/#website\",\"url\":\"https:\/\/arubasportsmedicine.org\/es\/\",\"name\":\"Fundacion CEMEDAR Centro Medico Deportivo Aruba\",\"description\":\"Medicina Deportiva, Fisioterapia y Masajes Aruba\",\"publisher\":{\"@id\":\"https:\/\/arubasportsmedicine.org\/es\/#organization\"},\"potentialAction\":[{\"@type\":\"SearchAction\",\"target\":{\"@type\":\"EntryPoint\",\"urlTemplate\":\"https:\/\/arubasportsmedicine.org\/es\/?s={search_term_string}\"},\"query-input\":{\"@type\":\"PropertyValueSpecification\",\"valueRequired\":true,\"valueName\":\"search_term_string\"}}],\"inLanguage\":\"es\"},{\"@type\":\"Organization\",\"@id\":\"https:\/\/arubasportsmedicine.org\/es\/#organization\",\"name\":\"Fundacion Cemedar Centro Medico Deportivo Aruba\",\"url\":\"https:\/\/arubasportsmedicine.org\/es\/\",\"logo\":{\"@type\":\"ImageObject\",\"inLanguage\":\"es\",\"@id\":\"https:\/\/arubasportsmedicine.org\/es\/#\/schema\/logo\/image\/\",\"url\":\"https:\/\/arubasportsmedicine.org\/wp-content\/uploads\/2020\/09\/cemedar_logo_wp.png\",\"contentUrl\":\"https:\/\/arubasportsmedicine.org\/wp-content\/uploads\/2020\/09\/cemedar_logo_wp.png\",\"width\":332,\"height\":90,\"caption\":\"Fundacion Cemedar Centro Medico Deportivo Aruba\"},\"image\":{\"@id\":\"https:\/\/arubasportsmedicine.org\/es\/#\/schema\/logo\/image\/\"},\"sameAs\":[\"https:\/\/www.facebook.com\/CEMEDARCentroMedicoDeportivoAruba\",\"https:\/\/x.com\/CEMEDAR\",\"https:\/\/www.instagram.com\/cemedaruba\"]}]}<\/script>\n<!-- \/ Yoast SEO Premium plugin. -->","yoast_head_json":{"title":"Terapeuta individual - Fundacion CEMEDAR Centro Medico Deportivo Aruba","robots":{"index":"index","follow":"follow","max-snippet":"max-snippet:-1","max-image-preview":"max-image-preview:large","max-video-preview":"max-video-preview:-1"},"canonical":"https:\/\/arubasportsmedicine.org\/es\/servicios\/terapeuta-individual\/","og_locale":"es_ES","og_type":"article","og_title":"Terapeuta individual","og_description":"Kristina abri\u00f3 Physio Physical Therapy en 2006 con la intenci\u00f3n de crear una pr\u00e1ctica que combinara lo mejor de la fisioterapia tradicional con los principios y t\u00e9cnicas de la terapia manual osteop\u00e1tica. Con m\u00e1s de 20 a\u00f1os de experiencia cl\u00ednica, la pr\u00e1ctica de Kristina sigue la filosof\u00eda de que la terapia tiene m\u00e1s \u00e9xito cuando [&hellip;]","og_url":"https:\/\/arubasportsmedicine.org\/es\/servicios\/terapeuta-individual\/","og_site_name":"Fundacion CEMEDAR Centro Medico Deportivo Aruba","article_publisher":"https:\/\/www.facebook.com\/CEMEDARCentroMedicoDeportivoAruba","og_image":[{"width":850,"height":567,"url":"https:\/\/arubasportsmedicine.org\/wp-content\/uploads\/2015\/11\/850x567.png","type":"image\/png"}],"twitter_card":"summary_large_image","twitter_site":"@CEMEDAR","twitter_misc":{"Tiempo de lectura":"1 minuto"},"schema":{"@context":"https:\/\/schema.org","@graph":[{"@type":"WebPage","@id":"https:\/\/arubasportsmedicine.org\/es\/servicios\/terapeuta-individual\/","url":"https:\/\/arubasportsmedicine.org\/es\/servicios\/terapeuta-individual\/","name":"Terapeuta individual - Fundacion CEMEDAR Centro Medico Deportivo Aruba","isPartOf":{"@id":"https:\/\/arubasportsmedicine.org\/es\/#website"},"primaryImageOfPage":{"@id":"https:\/\/arubasportsmedicine.org\/es\/servicios\/terapeuta-individual\/#primaryimage"},"image":{"@id":"https:\/\/arubasportsmedicine.org\/es\/servicios\/terapeuta-individual\/#primaryimage"},"thumbnailUrl":"https:\/\/arubasportsmedicine.org\/wp-content\/uploads\/2015\/11\/850x567.png","datePublished":"2021-12-02T00:47:47+00:00","breadcrumb":{"@id":"https:\/\/arubasportsmedicine.org\/es\/servicios\/terapeuta-individual\/#breadcrumb"},"inLanguage":"es","potentialAction":[{"@type":"ReadAction","target":["https:\/\/arubasportsmedicine.org\/es\/servicios\/terapeuta-individual\/"]}]},{"@type":"ImageObject","inLanguage":"es","@id":"https:\/\/arubasportsmedicine.org\/es\/servicios\/terapeuta-individual\/#primaryimage","url":"https:\/\/arubasportsmedicine.org\/wp-content\/uploads\/2015\/11\/850x567.png","contentUrl":"https:\/\/arubasportsmedicine.org\/wp-content\/uploads\/2015\/11\/850x567.png"},{"@type":"BreadcrumbList","@id":"https:\/\/arubasportsmedicine.org\/es\/servicios\/terapeuta-individual\/#breadcrumb","itemListElement":[{"@type":"ListItem","position":1,"name":"Home","item":"https:\/\/arubasportsmedicine.org\/es\/"},{"@type":"ListItem","position":2,"name":"Servicios","item":"https:\/\/arubasportsmedicine.org\/es\/servicios\/"},{"@type":"ListItem","position":3,"name":"Terapeuta individual"}]},{"@type":"WebSite","@id":"https:\/\/arubasportsmedicine.org\/es\/#website","url":"https:\/\/arubasportsmedicine.org\/es\/","name":"Fundacion CEMEDAR Centro Medico Deportivo Aruba","description":"Medicina Deportiva, Fisioterapia y Masajes Aruba","publisher":{"@id":"https:\/\/arubasportsmedicine.org\/es\/#organization"},"potentialAction":[{"@type":"SearchAction","target":{"@type":"EntryPoint","urlTemplate":"https:\/\/arubasportsmedicine.org\/es\/?s={search_term_string}"},"query-input":{"@type":"PropertyValueSpecification","valueRequired":true,"valueName":"search_term_string"}}],"inLanguage":"es"},{"@type":"Organization","@id":"https:\/\/arubasportsmedicine.org\/es\/#organization","name":"Fundacion Cemedar Centro Medico Deportivo Aruba","url":"https:\/\/arubasportsmedicine.org\/es\/","logo":{"@type":"ImageObject","inLanguage":"es","@id":"https:\/\/arubasportsmedicine.org\/es\/#\/schema\/logo\/image\/","url":"https:\/\/arubasportsmedicine.org\/wp-content\/uploads\/2020\/09\/cemedar_logo_wp.png","contentUrl":"https:\/\/arubasportsmedicine.org\/wp-content\/uploads\/2020\/09\/cemedar_logo_wp.png","width":332,"height":90,"caption":"Fundacion Cemedar Centro Medico Deportivo Aruba"},"image":{"@id":"https:\/\/arubasportsmedicine.org\/es\/#\/schema\/logo\/image\/"},"sameAs":["https:\/\/www.facebook.com\/CEMEDARCentroMedicoDeportivoAruba","https:\/\/x.com\/CEMEDAR","https:\/\/www.instagram.com\/cemedaruba"]}]}},"_links":{"self":[{"href":"https:\/\/arubasportsmedicine.org\/es\/wp-json\/wp\/v2\/pages\/8512","targetHints":{"allow":["GET"]}}],"collection":[{"href":"https:\/\/arubasportsmedicine.org\/es\/wp-json\/wp\/v2\/pages"}],"about":[{"href":"https:\/\/arubasportsmedicine.org\/es\/wp-json\/wp\/v2\/types\/page"}],"author":[{"embeddable":true,"href":"https:\/\/arubasportsmedicine.org\/es\/wp-json\/wp\/v2\/users\/1"}],"replies":[{"embeddable":true,"href":"https:\/\/arubasportsmedicine.org\/es\/wp-json\/wp\/v2\/comments?post=8512"}],"version-history":[{"count":0,"href":"https:\/\/arubasportsmedicine.org\/es\/wp-json\/wp\/v2\/pages\/8512\/revisions"}],"up":[{"embeddable":true,"href":"https:\/\/arubasportsmedicine.org\/es\/wp-json\/wp\/v2\/pages\/8499"}],"wp:attachment":[{"href":"https:\/\/arubasportsmedicine.org\/es\/wp-json\/wp\/v2\/media?parent=8512"}],"curies":[{"name":"wp","href":"https:\/\/api.w.org\/{rel}","templated":true}]}}