{"id":8514,"date":"2021-12-01T20:47:49","date_gmt":"2021-12-02T00:47:49","guid":{"rendered":"https:\/\/arubasportsmedicine.org\/servicios\/lesiones-deportivas\/"},"modified":"2022-01-28T11:13:45","modified_gmt":"2022-01-28T15:13:45","slug":"lesiones-deportivas","status":"publish","type":"page","link":"https:\/\/arubasportsmedicine.org\/es\/servicios\/lesiones-deportivas\/","title":{"rendered":"Lesiones deportivas"},"content":{"rendered":"<div id=\"pl-8514\"  class=\"panel-layout\" ><div id=\"pg-8514-0\"  class=\"panel-grid panel-no-style\" ><div id=\"pgc-8514-0-0\"  class=\"panel-grid-cell\" ><div id=\"panel-8514-0-0-0\" class=\"so-panel widget widget_sow-editor panel-first-child panel-last-child\" data-index=\"0\" ><div\n\t\t\t\n\t\t\tclass=\"so-widget-sow-editor so-widget-sow-editor-base\"\n\t\t\t\n\t\t>\n<div class=\"siteorigin-widget-tinymce textwidget\">\n\t<p><img fetchpriority=\"high\" fetchpriority=\"high\" decoding=\"async\" class=\"alignnone wp-image-8458 size-full\" src=\"https:\/\/arubasportsmedicine.org\/wp-content\/uploads\/2021\/03\/PhysioTherapy-Laser-Aruba.jpg\" alt=\"\" width=\"850\" height=\"568\" srcset=\"https:\/\/arubasportsmedicine.org\/wp-content\/uploads\/2021\/03\/PhysioTherapy-Laser-Aruba.jpg 850w, https:\/\/arubasportsmedicine.org\/wp-content\/uploads\/2021\/03\/PhysioTherapy-Laser-Aruba-600x401.jpg 600w, https:\/\/arubasportsmedicine.org\/wp-content\/uploads\/2021\/03\/PhysioTherapy-Laser-Aruba-300x200.jpg 300w, https:\/\/arubasportsmedicine.org\/wp-content\/uploads\/2021\/03\/PhysioTherapy-Laser-Aruba-768x513.jpg 768w, https:\/\/arubasportsmedicine.org\/wp-content\/uploads\/2021\/03\/PhysioTherapy-Laser-Aruba-360x240.jpg 360w, https:\/\/arubasportsmedicine.org\/wp-content\/uploads\/2021\/03\/PhysioTherapy-Laser-Aruba-272x182.jpg 272w\" sizes=\"(max-width: 850px) 100vw, 850px\" \/><img decoding=\"async\" class=\"alignnone wp-image-8515 size-full\" src=\"https:\/\/arubasportsmedicine.org\/wp-content\/uploads\/2021\/04\/Game-Ready.jpg\" alt=\"\" width=\"850\" height=\"638\" srcset=\"https:\/\/arubasportsmedicine.org\/wp-content\/uploads\/2021\/04\/Game-Ready.jpg 850w, https:\/\/arubasportsmedicine.org\/wp-content\/uploads\/2021\/04\/Game-Ready-600x450.jpg 600w, https:\/\/arubasportsmedicine.org\/wp-content\/uploads\/2021\/04\/Game-Ready-300x225.jpg 300w, https:\/\/arubasportsmedicine.org\/wp-content\/uploads\/2021\/04\/Game-Ready-768x576.jpg 768w\" sizes=\"(max-width: 850px) 100vw, 850px\" \/><\/p>\n<\/div>\n<\/div><\/div><\/div><div id=\"pgc-8514-0-1\"  class=\"panel-grid-cell\" ><div id=\"panel-8514-0-1-0\" class=\"so-panel widget widget_sow-editor panel-first-child panel-last-child\" data-index=\"1\" ><div\n\t\t\t\n\t\t\tclass=\"so-widget-sow-editor so-widget-sow-editor-base\"\n\t\t\t\n\t\t>\n<div class=\"siteorigin-widget-tinymce textwidget\">\n\t<p><span style=\"color: #56afd5; font-size: 15px;\"><strong>Conc\u00e9ntrese en su rehabilitaci\u00f3n<\/strong><\/span><\/p>\n<p>Su primera cita no ser\u00e1 diferente de la consulta y evaluaci\u00f3n osteop\u00e1tica habitual (consulte la p\u00e1gina de osteopat\u00eda). Se le har\u00e1n preguntas espec\u00edficas relacionadas con su deporte en particular o incluso para demostrar algunos movimientos. Su diagn\u00f3stico y plan de tratamiento se discutir\u00e1n de la manera habitual.<\/p>\n<p>Es probable que el tratamiento implique el uso de t\u00e9cnicas osteop\u00e1ticas dentro de la sala de tratamiento combinadas con un programa de ejercicio m\u00e1s espec\u00edfico en el gimnasio del estudio. El objetivo es volver a la actividad f\u00edsica completa.<\/p>\n<p><span style=\"color: #56afd5; font-size: 15px;\"><strong>Servicios de medicina deportiva y del ejercicio<\/strong><\/span><\/p>\n<p>Nuestro fisioterapeuta especializado en deportes tiene una gran experiencia en la evaluaci\u00f3n y el tratamiento de lesiones de tejidos blandos, con conocimientos galardonados en biomec\u00e1nica, patolog\u00eda tisular y cicatrizaci\u00f3n. Llevan a cabo una evaluaci\u00f3n, un tratamiento y una rehabilitaci\u00f3n exhaustivos de todas las lesiones musculoesquel\u00e9ticas.<\/p>\n<p>Para quejas que incluyen:<br \/>\n<span class=\"icon-wrap\"><i class=\"fas fa-check\"><\/i><\/span> Lesiones por uso excesivo y fracturas por estr\u00e9s<br \/>\n<span class=\"icon-wrap\"><i class=\"fas fa-check\"><\/i><\/span> Desgarros musculares, esguinces de tendones y ligamentos.<br \/>\n<span class=\"icon-wrap\"><i class=\"fas fa-check\"><\/i><\/span> Lesiones de rodilla, tobillo y pie<br \/>\n<span class=\"icon-wrap\"><i class=\"fas fa-check\"><\/i><\/span> Lesiones de hombro, codo de tenista, dolor de mano y mu\u00f1eca.<\/p>\n<\/div>\n<\/div><\/div><\/div><\/div><\/div>","protected":false},"excerpt":{"rendered":"<p>Nos dedicamos a la medicina deportiva y centramos nuestra rehabilitaci\u00f3n en las necesidades de rendimiento de nuestros deportistas, as\u00ed como en la prevenci\u00f3n de lesiones relacionadas con el deporte. Ya sea que sea un atleta profesional, recreativo o escolar, nuestro enfoque de los servicios de rehabilitaci\u00f3n de medicina deportiva es simple: atenci\u00f3n personalizada con resultados excepcionales.<\/p>\n","protected":false},"author":1,"featured_media":8518,"parent":8499,"menu_order":8,"comment_status":"closed","ping_status":"closed","template":"","meta":{"_acf_changed":false,"footnotes":""},"class_list":["post-8514","page","type-page","status-publish","has-post-thumbnail","hentry"],"acf":[],"yoast_head":"<!-- This site is optimized with the Yoast SEO Premium plugin v24.4 (Yoast SEO v27.2) - https:\/\/yoast.com\/product\/yoast-seo-premium-wordpress\/ -->\n<title>Lesiones deportivas - Fundacion CEMEDAR Centro Medico Deportivo Aruba<\/title>\n<meta name=\"robots\" content=\"index, follow, max-snippet:-1, max-image-preview:large, max-video-preview:-1\" \/>\n<link rel=\"canonical\" href=\"https:\/\/arubasportsmedicine.org\/es\/servicios\/lesiones-deportivas\/\" \/>\n<meta property=\"og:locale\" content=\"es_ES\" \/>\n<meta property=\"og:type\" content=\"article\" \/>\n<meta property=\"og:title\" content=\"Lesiones deportivas\" \/>\n<meta property=\"og:description\" content=\"Nos dedicamos a la medicina deportiva y centramos nuestra rehabilitaci\u00f3n en las necesidades de rendimiento de nuestros deportistas, as\u00ed como en la prevenci\u00f3n de lesiones relacionadas con el deporte. Ya sea que sea un atleta profesional, recreativo o escolar, nuestro enfoque de los servicios de rehabilitaci\u00f3n de medicina deportiva es simple: atenci\u00f3n personalizada con resultados excepcionales.\" \/>\n<meta property=\"og:url\" content=\"https:\/\/arubasportsmedicine.org\/es\/servicios\/lesiones-deportivas\/\" \/>\n<meta property=\"og:site_name\" content=\"Fundacion CEMEDAR Centro Medico Deportivo Aruba\" \/>\n<meta property=\"article:publisher\" content=\"https:\/\/www.facebook.com\/CEMEDARCentroMedicoDeportivoAruba\" \/>\n<meta property=\"article:modified_time\" content=\"2022-01-28T15:13:45+00:00\" \/>\n<meta property=\"og:image\" content=\"https:\/\/arubasportsmedicine.org\/wp-content\/uploads\/2020\/11\/Sport-Injuries-Aruba.jpg\" \/>\n\t<meta property=\"og:image:width\" content=\"850\" \/>\n\t<meta property=\"og:image:height\" content=\"575\" \/>\n\t<meta property=\"og:image:type\" content=\"image\/jpeg\" \/>\n<meta name=\"twitter:card\" content=\"summary_large_image\" \/>\n<meta name=\"twitter:site\" content=\"@CEMEDAR\" \/>\n<meta name=\"twitter:label1\" content=\"Tiempo de lectura\" \/>\n\t<meta name=\"twitter:data1\" content=\"1 minuto\" \/>\n<script type=\"application\/ld+json\" class=\"yoast-schema-graph\">{\"@context\":\"https:\/\/schema.org\",\"@graph\":[{\"@type\":\"WebPage\",\"@id\":\"https:\/\/arubasportsmedicine.org\/es\/servicios\/lesiones-deportivas\/\",\"url\":\"https:\/\/arubasportsmedicine.org\/es\/servicios\/lesiones-deportivas\/\",\"name\":\"Lesiones deportivas - Fundacion CEMEDAR Centro Medico Deportivo Aruba\",\"isPartOf\":{\"@id\":\"https:\/\/arubasportsmedicine.org\/es\/#website\"},\"primaryImageOfPage\":{\"@id\":\"https:\/\/arubasportsmedicine.org\/es\/servicios\/lesiones-deportivas\/#primaryimage\"},\"image\":{\"@id\":\"https:\/\/arubasportsmedicine.org\/es\/servicios\/lesiones-deportivas\/#primaryimage\"},\"thumbnailUrl\":\"https:\/\/arubasportsmedicine.org\/wp-content\/uploads\/2020\/11\/Sport-Injuries-Aruba.jpg\",\"datePublished\":\"2021-12-02T00:47:49+00:00\",\"dateModified\":\"2022-01-28T15:13:45+00:00\",\"breadcrumb\":{\"@id\":\"https:\/\/arubasportsmedicine.org\/es\/servicios\/lesiones-deportivas\/#breadcrumb\"},\"inLanguage\":\"es\",\"potentialAction\":[{\"@type\":\"ReadAction\",\"target\":[\"https:\/\/arubasportsmedicine.org\/es\/servicios\/lesiones-deportivas\/\"]}]},{\"@type\":\"ImageObject\",\"inLanguage\":\"es\",\"@id\":\"https:\/\/arubasportsmedicine.org\/es\/servicios\/lesiones-deportivas\/#primaryimage\",\"url\":\"https:\/\/arubasportsmedicine.org\/wp-content\/uploads\/2020\/11\/Sport-Injuries-Aruba.jpg\",\"contentUrl\":\"https:\/\/arubasportsmedicine.org\/wp-content\/uploads\/2020\/11\/Sport-Injuries-Aruba.jpg\",\"width\":850,\"height\":575,\"caption\":\"Lesiones deportivas-Aruba\"},{\"@type\":\"BreadcrumbList\",\"@id\":\"https:\/\/arubasportsmedicine.org\/es\/servicios\/lesiones-deportivas\/#breadcrumb\",\"itemListElement\":[{\"@type\":\"ListItem\",\"position\":1,\"name\":\"Home\",\"item\":\"https:\/\/arubasportsmedicine.org\/es\/\"},{\"@type\":\"ListItem\",\"position\":2,\"name\":\"Servicios\",\"item\":\"https:\/\/arubasportsmedicine.org\/es\/servicios\/\"},{\"@type\":\"ListItem\",\"position\":3,\"name\":\"Lesiones deportivas\"}]},{\"@type\":\"WebSite\",\"@id\":\"https:\/\/arubasportsmedicine.org\/es\/#website\",\"url\":\"https:\/\/arubasportsmedicine.org\/es\/\",\"name\":\"Fundacion CEMEDAR Centro Medico Deportivo Aruba\",\"description\":\"Medicina Deportiva, Fisioterapia y Masajes Aruba\",\"publisher\":{\"@id\":\"https:\/\/arubasportsmedicine.org\/es\/#organization\"},\"potentialAction\":[{\"@type\":\"SearchAction\",\"target\":{\"@type\":\"EntryPoint\",\"urlTemplate\":\"https:\/\/arubasportsmedicine.org\/es\/?s={search_term_string}\"},\"query-input\":{\"@type\":\"PropertyValueSpecification\",\"valueRequired\":true,\"valueName\":\"search_term_string\"}}],\"inLanguage\":\"es\"},{\"@type\":\"Organization\",\"@id\":\"https:\/\/arubasportsmedicine.org\/es\/#organization\",\"name\":\"Fundacion Cemedar Centro Medico Deportivo Aruba\",\"url\":\"https:\/\/arubasportsmedicine.org\/es\/\",\"logo\":{\"@type\":\"ImageObject\",\"inLanguage\":\"es\",\"@id\":\"https:\/\/arubasportsmedicine.org\/es\/#\/schema\/logo\/image\/\",\"url\":\"https:\/\/arubasportsmedicine.org\/wp-content\/uploads\/2020\/09\/cemedar_logo_wp.png\",\"contentUrl\":\"https:\/\/arubasportsmedicine.org\/wp-content\/uploads\/2020\/09\/cemedar_logo_wp.png\",\"width\":332,\"height\":90,\"caption\":\"Fundacion Cemedar Centro Medico Deportivo Aruba\"},\"image\":{\"@id\":\"https:\/\/arubasportsmedicine.org\/es\/#\/schema\/logo\/image\/\"},\"sameAs\":[\"https:\/\/www.facebook.com\/CEMEDARCentroMedicoDeportivoAruba\",\"https:\/\/x.com\/CEMEDAR\",\"https:\/\/www.instagram.com\/cemedaruba\"]}]}<\/script>\n<!-- \/ Yoast SEO Premium plugin. -->","yoast_head_json":{"title":"Lesiones deportivas - Fundacion CEMEDAR Centro Medico Deportivo Aruba","robots":{"index":"index","follow":"follow","max-snippet":"max-snippet:-1","max-image-preview":"max-image-preview:large","max-video-preview":"max-video-preview:-1"},"canonical":"https:\/\/arubasportsmedicine.org\/es\/servicios\/lesiones-deportivas\/","og_locale":"es_ES","og_type":"article","og_title":"Lesiones deportivas","og_description":"Nos dedicamos a la medicina deportiva y centramos nuestra rehabilitaci\u00f3n en las necesidades de rendimiento de nuestros deportistas, as\u00ed como en la prevenci\u00f3n de lesiones relacionadas con el deporte. Ya sea que sea un atleta profesional, recreativo o escolar, nuestro enfoque de los servicios de rehabilitaci\u00f3n de medicina deportiva es simple: atenci\u00f3n personalizada con resultados excepcionales.","og_url":"https:\/\/arubasportsmedicine.org\/es\/servicios\/lesiones-deportivas\/","og_site_name":"Fundacion CEMEDAR Centro Medico Deportivo Aruba","article_publisher":"https:\/\/www.facebook.com\/CEMEDARCentroMedicoDeportivoAruba","article_modified_time":"2022-01-28T15:13:45+00:00","og_image":[{"width":850,"height":575,"url":"https:\/\/arubasportsmedicine.org\/wp-content\/uploads\/2020\/11\/Sport-Injuries-Aruba.jpg","type":"image\/jpeg"}],"twitter_card":"summary_large_image","twitter_site":"@CEMEDAR","twitter_misc":{"Tiempo de lectura":"1 minuto"},"schema":{"@context":"https:\/\/schema.org","@graph":[{"@type":"WebPage","@id":"https:\/\/arubasportsmedicine.org\/es\/servicios\/lesiones-deportivas\/","url":"https:\/\/arubasportsmedicine.org\/es\/servicios\/lesiones-deportivas\/","name":"Lesiones deportivas - Fundacion CEMEDAR Centro Medico Deportivo Aruba","isPartOf":{"@id":"https:\/\/arubasportsmedicine.org\/es\/#website"},"primaryImageOfPage":{"@id":"https:\/\/arubasportsmedicine.org\/es\/servicios\/lesiones-deportivas\/#primaryimage"},"image":{"@id":"https:\/\/arubasportsmedicine.org\/es\/servicios\/lesiones-deportivas\/#primaryimage"},"thumbnailUrl":"https:\/\/arubasportsmedicine.org\/wp-content\/uploads\/2020\/11\/Sport-Injuries-Aruba.jpg","datePublished":"2021-12-02T00:47:49+00:00","dateModified":"2022-01-28T15:13:45+00:00","breadcrumb":{"@id":"https:\/\/arubasportsmedicine.org\/es\/servicios\/lesiones-deportivas\/#breadcrumb"},"inLanguage":"es","potentialAction":[{"@type":"ReadAction","target":["https:\/\/arubasportsmedicine.org\/es\/servicios\/lesiones-deportivas\/"]}]},{"@type":"ImageObject","inLanguage":"es","@id":"https:\/\/arubasportsmedicine.org\/es\/servicios\/lesiones-deportivas\/#primaryimage","url":"https:\/\/arubasportsmedicine.org\/wp-content\/uploads\/2020\/11\/Sport-Injuries-Aruba.jpg","contentUrl":"https:\/\/arubasportsmedicine.org\/wp-content\/uploads\/2020\/11\/Sport-Injuries-Aruba.jpg","width":850,"height":575,"caption":"Lesiones deportivas-Aruba"},{"@type":"BreadcrumbList","@id":"https:\/\/arubasportsmedicine.org\/es\/servicios\/lesiones-deportivas\/#breadcrumb","itemListElement":[{"@type":"ListItem","position":1,"name":"Home","item":"https:\/\/arubasportsmedicine.org\/es\/"},{"@type":"ListItem","position":2,"name":"Servicios","item":"https:\/\/arubasportsmedicine.org\/es\/servicios\/"},{"@type":"ListItem","position":3,"name":"Lesiones deportivas"}]},{"@type":"WebSite","@id":"https:\/\/arubasportsmedicine.org\/es\/#website","url":"https:\/\/arubasportsmedicine.org\/es\/","name":"Fundacion CEMEDAR Centro Medico Deportivo Aruba","description":"Medicina Deportiva, Fisioterapia y Masajes Aruba","publisher":{"@id":"https:\/\/arubasportsmedicine.org\/es\/#organization"},"potentialAction":[{"@type":"SearchAction","target":{"@type":"EntryPoint","urlTemplate":"https:\/\/arubasportsmedicine.org\/es\/?s={search_term_string}"},"query-input":{"@type":"PropertyValueSpecification","valueRequired":true,"valueName":"search_term_string"}}],"inLanguage":"es"},{"@type":"Organization","@id":"https:\/\/arubasportsmedicine.org\/es\/#organization","name":"Fundacion Cemedar Centro Medico Deportivo Aruba","url":"https:\/\/arubasportsmedicine.org\/es\/","logo":{"@type":"ImageObject","inLanguage":"es","@id":"https:\/\/arubasportsmedicine.org\/es\/#\/schema\/logo\/image\/","url":"https:\/\/arubasportsmedicine.org\/wp-content\/uploads\/2020\/09\/cemedar_logo_wp.png","contentUrl":"https:\/\/arubasportsmedicine.org\/wp-content\/uploads\/2020\/09\/cemedar_logo_wp.png","width":332,"height":90,"caption":"Fundacion Cemedar Centro Medico Deportivo Aruba"},"image":{"@id":"https:\/\/arubasportsmedicine.org\/es\/#\/schema\/logo\/image\/"},"sameAs":["https:\/\/www.facebook.com\/CEMEDARCentroMedicoDeportivoAruba","https:\/\/x.com\/CEMEDAR","https:\/\/www.instagram.com\/cemedaruba"]}]}},"_links":{"self":[{"href":"https:\/\/arubasportsmedicine.org\/es\/wp-json\/wp\/v2\/pages\/8514","targetHints":{"allow":["GET"]}}],"collection":[{"href":"https:\/\/arubasportsmedicine.org\/es\/wp-json\/wp\/v2\/pages"}],"about":[{"href":"https:\/\/arubasportsmedicine.org\/es\/wp-json\/wp\/v2\/types\/page"}],"author":[{"embeddable":true,"href":"https:\/\/arubasportsmedicine.org\/es\/wp-json\/wp\/v2\/users\/1"}],"replies":[{"embeddable":true,"href":"https:\/\/arubasportsmedicine.org\/es\/wp-json\/wp\/v2\/comments?post=8514"}],"version-history":[{"count":1,"href":"https:\/\/arubasportsmedicine.org\/es\/wp-json\/wp\/v2\/pages\/8514\/revisions"}],"predecessor-version":[{"id":8688,"href":"https:\/\/arubasportsmedicine.org\/es\/wp-json\/wp\/v2\/pages\/8514\/revisions\/8688"}],"up":[{"embeddable":true,"href":"https:\/\/arubasportsmedicine.org\/es\/wp-json\/wp\/v2\/pages\/8499"}],"wp:featuredmedia":[{"embeddable":true,"href":"https:\/\/arubasportsmedicine.org\/es\/wp-json\/wp\/v2\/media\/8518"}],"wp:attachment":[{"href":"https:\/\/arubasportsmedicine.org\/es\/wp-json\/wp\/v2\/media?parent=8514"}],"curies":[{"name":"wp","href":"https:\/\/api.w.org\/{rel}","templated":true}]}}