{"id":9151,"date":"2024-02-19T01:17:40","date_gmt":"2024-02-19T05:17:40","guid":{"rendered":"https:\/\/arubasportsmedicine.org\/sobre-nosotros\/"},"modified":"2024-02-19T01:17:40","modified_gmt":"2024-02-19T05:17:40","slug":"sobre-nosotros","status":"publish","type":"page","link":"https:\/\/arubasportsmedicine.org\/es\/sobre-nosotros\/","title":{"rendered":"Sobre nosotros"},"content":{"rendered":"<div id=\"pl-9151\"  class=\"panel-layout\" ><div id=\"pg-9151-0\"  class=\"panel-grid panel-no-style\" ><div id=\"pgc-9151-0-0\"  class=\"panel-grid-cell\" ><div id=\"panel-9151-0-0-0\" class=\"so-panel widget widget_sow-editor panel-first-child\" data-index=\"0\" ><div\n\t\t\t\n\t\t\tclass=\"so-widget-sow-editor so-widget-sow-editor-base\"\n\t\t\t\n\t\t><h3 class=\"widget-title\">Nuestra visi\u00f3n<\/h3>\n<div class=\"siteorigin-widget-tinymce textwidget\">\n\t<p>Promover y mejorar el bienestar f\u00edsico y mental de los seres humanos, particularmente el de los deportistas y las personas que quieran practicar deportes o m\u00e1s movimiento.<\/p>\n<\/div>\n<\/div><\/div><div id=\"panel-9151-0-0-1\" class=\"so-panel widget widget_sow-editor panel-last-child\" data-index=\"1\" ><div\n\t\t\t\n\t\t\tclass=\"so-widget-sow-editor so-widget-sow-editor-base\"\n\t\t\t\n\t\t><h3 class=\"widget-title\">nuestra filosof\u00eda<\/h3>\n<div class=\"siteorigin-widget-tinymce textwidget\">\n\t<p>Physio Physical Therapy se centra en brindar excelentes administraciones de recuperaci\u00f3n basadas en ejercicios a corto plazo en excelentes instalaciones de primera clase.<\/p>\n<p>Como pioneros en el deporte y la atenci\u00f3n m\u00e9dica en Aruba, nuestro \u00e9nfasis en el proceso de educaci\u00f3n de nuestros asesores reales es incomparable y garantiza que nuestros especialistas comprendan y establezcan con regularidad medicamentos y m\u00e9todos de restauraci\u00f3n de \u00faltima generaci\u00f3n accesibles para una amplia gama. de lesiones y afecciones.<\/p>\n<\/div>\n<\/div><\/div><\/div><div id=\"pgc-9151-0-1\"  class=\"panel-grid-cell\" ><div id=\"panel-9151-0-1-0\" class=\"so-panel widget widget_sow-editor panel-first-child panel-last-child\" data-index=\"2\" ><div\n\t\t\t\n\t\t\tclass=\"so-widget-sow-editor so-widget-sow-editor-base\"\n\t\t\t\n\t\t><h3 class=\"widget-title\">Nuestra misi\u00f3n<\/h3>\n<div class=\"siteorigin-widget-tinymce textwidget\">\n\t<p>Estamos comprometidos como profesionales de la salud en ayudar a nuestros clientes a retomar sus actividades deportivas, su forma f\u00edsica y su bienestar.<\/p>\n<p><span style=\"color: #56afd5; font-size: 15px;\"><strong>Alta calidad<\/strong><\/span><\/p>\n<p>Adoptamos un enfoque de curaci\u00f3n orientado a objetivos. Cualesquiera que sean sus objetivos, queremos ayudarle a alcanzarlos.<\/p>\n<p><span style=\"color: #56afd5; font-size: 15px;\"><strong>Atencion al paciente<\/strong><\/span><\/p>\n<p>&nbsp;<\/p>\n<p><span style=\"color: #56afd5; font-size: 15px;\"><strong>Servicio profesional<\/strong><\/span><\/p>\n<p>Nuestros cinco fisioterapeutas tienen 120 a\u00f1os combinados de experiencia cl\u00ednica y una pasi\u00f3n compartida por ayudar a nuestra comunidad a mantenerse activa.<\/p>\n<\/div>\n<\/div><\/div><\/div><div id=\"pgc-9151-0-2\"  class=\"panel-grid-cell\" ><div id=\"panel-9151-0-2-0\" class=\"so-panel widget widget_sow-editor panel-first-child panel-last-child\" data-index=\"3\" ><div\n\t\t\t\n\t\t\tclass=\"so-widget-sow-editor so-widget-sow-editor-base\"\n\t\t\t\n\t\t>\n<div class=\"siteorigin-widget-tinymce textwidget\">\n\t<p><a href=\"http:\/\/export-xml.qreativethemes.com\/physio\/wp-content\/uploads\/sites\/3\/2015\/11\/360x508.png\" rel=\"attachment wp-att-7477\"><img fetchpriority=\"high\" fetchpriority=\"high\" decoding=\"async\" class=\"alignnone size-full wp-image-7477\" src=\"http:\/\/export-xml.qreativethemes.com\/physio\/wp-content\/uploads\/sites\/3\/2015\/11\/360x508.png\" alt=\"360 x 508\" width=\"360\" height=\"508\"><\/a><\/p>\n<\/div>\n<\/div><\/div><\/div><\/div><div id=\"pg-9151-1\"  class=\"panel-grid panel-no-style\" ><div id=\"pgc-9151-1-0\"  class=\"panel-grid-cell\" ><div id=\"panel-9151-1-0-0\" class=\"so-panel widget widget_sow-editor panel-first-child panel-last-child\" data-index=\"4\" ><div\n\t\t\t\n\t\t\tclass=\"so-widget-sow-editor so-widget-sow-editor-base\"\n\t\t\t\n\t\t>\n<div class=\"siteorigin-widget-tinymce textwidget\">\n\t<p><img decoding=\"async\" class=\"size-full wp-image-245\" src=\"http:\/\/export-xml.qreativethemes.com\/physio\/wp-content\/uploads\/sites\/3\/2015\/11\/image-divider.jpg\" alt=\"divisor de imagen\" width=\"1144\" height=\"50\" srcset=\"https:\/\/arubasportsmedicine.org\/wp-content\/uploads\/2015\/11\/image-divider.jpg 1144w, https:\/\/arubasportsmedicine.org\/wp-content\/uploads\/2015\/11\/image-divider-600x26.jpg 600w\" sizes=\"(max-width: 1144px) 100vw, 1144px\" \/><\/p>\n<\/div>\n<\/div><\/div><\/div><\/div><\/div>","protected":false},"excerpt":{"rendered":"<p>Promover y mejorar el bienestar f\u00edsico y mental de los seres humanos, particularmente el de los deportistas y las personas que quieran practicar deportes o m\u00e1s movimiento. Physio Physical Therapy se centra en brindar excelentes administraciones de recuperaci\u00f3n basadas en ejercicios a corto plazo en excelentes instalaciones de primera clase. Como pioneros en el deporte [&hellip;]<\/p>\n","protected":false},"author":1,"featured_media":0,"parent":0,"menu_order":9,"comment_status":"closed","ping_status":"closed","template":"","meta":{"_acf_changed":false,"footnotes":""},"class_list":["post-9151","page","type-page","status-publish","hentry"],"acf":[],"yoast_head":"<!-- This site is optimized with the Yoast SEO Premium plugin v24.4 (Yoast SEO v27.2) - https:\/\/yoast.com\/product\/yoast-seo-premium-wordpress\/ -->\n<title>Sobre nosotros - Fundacion CEMEDAR Centro Medico Deportivo Aruba<\/title>\n<meta name=\"robots\" content=\"index, follow, max-snippet:-1, max-image-preview:large, max-video-preview:-1\" \/>\n<link rel=\"canonical\" href=\"https:\/\/arubasportsmedicine.org\/es\/sobre-nosotros\/\" \/>\n<meta property=\"og:locale\" content=\"es_ES\" \/>\n<meta property=\"og:type\" content=\"article\" \/>\n<meta property=\"og:title\" content=\"Sobre nosotros\" \/>\n<meta property=\"og:description\" content=\"Promover y mejorar el bienestar f\u00edsico y mental de los seres humanos, particularmente el de los deportistas y las personas que quieran practicar deportes o m\u00e1s movimiento. Physio Physical Therapy se centra en brindar excelentes administraciones de recuperaci\u00f3n basadas en ejercicios a corto plazo en excelentes instalaciones de primera clase. Como pioneros en el deporte [&hellip;]\" \/>\n<meta property=\"og:url\" content=\"https:\/\/arubasportsmedicine.org\/es\/sobre-nosotros\/\" \/>\n<meta property=\"og:site_name\" content=\"Fundacion CEMEDAR Centro Medico Deportivo Aruba\" \/>\n<meta property=\"article:publisher\" content=\"https:\/\/www.facebook.com\/CEMEDARCentroMedicoDeportivoAruba\" \/>\n<meta name=\"twitter:card\" content=\"summary_large_image\" \/>\n<meta name=\"twitter:site\" content=\"@CEMEDAR\" \/>\n<script type=\"application\/ld+json\" class=\"yoast-schema-graph\">{\"@context\":\"https:\/\/schema.org\",\"@graph\":[{\"@type\":\"WebPage\",\"@id\":\"https:\/\/arubasportsmedicine.org\/es\/sobre-nosotros\/\",\"url\":\"https:\/\/arubasportsmedicine.org\/es\/sobre-nosotros\/\",\"name\":\"Sobre nosotros - Fundacion CEMEDAR Centro Medico Deportivo Aruba\",\"isPartOf\":{\"@id\":\"https:\/\/arubasportsmedicine.org\/es\/#website\"},\"datePublished\":\"2024-02-19T05:17:40+00:00\",\"breadcrumb\":{\"@id\":\"https:\/\/arubasportsmedicine.org\/es\/sobre-nosotros\/#breadcrumb\"},\"inLanguage\":\"es\",\"potentialAction\":[{\"@type\":\"ReadAction\",\"target\":[\"https:\/\/arubasportsmedicine.org\/es\/sobre-nosotros\/\"]}]},{\"@type\":\"BreadcrumbList\",\"@id\":\"https:\/\/arubasportsmedicine.org\/es\/sobre-nosotros\/#breadcrumb\",\"itemListElement\":[{\"@type\":\"ListItem\",\"position\":1,\"name\":\"Home\",\"item\":\"https:\/\/arubasportsmedicine.org\/es\/\"},{\"@type\":\"ListItem\",\"position\":2,\"name\":\"Sobre nosotros\"}]},{\"@type\":\"WebSite\",\"@id\":\"https:\/\/arubasportsmedicine.org\/es\/#website\",\"url\":\"https:\/\/arubasportsmedicine.org\/es\/\",\"name\":\"Fundacion CEMEDAR Centro Medico Deportivo Aruba\",\"description\":\"Medicina Deportiva, Fisioterapia y Masajes Aruba\",\"publisher\":{\"@id\":\"https:\/\/arubasportsmedicine.org\/es\/#organization\"},\"potentialAction\":[{\"@type\":\"SearchAction\",\"target\":{\"@type\":\"EntryPoint\",\"urlTemplate\":\"https:\/\/arubasportsmedicine.org\/es\/?s={search_term_string}\"},\"query-input\":{\"@type\":\"PropertyValueSpecification\",\"valueRequired\":true,\"valueName\":\"search_term_string\"}}],\"inLanguage\":\"es\"},{\"@type\":\"Organization\",\"@id\":\"https:\/\/arubasportsmedicine.org\/es\/#organization\",\"name\":\"Fundacion Cemedar Centro Medico Deportivo Aruba\",\"url\":\"https:\/\/arubasportsmedicine.org\/es\/\",\"logo\":{\"@type\":\"ImageObject\",\"inLanguage\":\"es\",\"@id\":\"https:\/\/arubasportsmedicine.org\/es\/#\/schema\/logo\/image\/\",\"url\":\"https:\/\/arubasportsmedicine.org\/wp-content\/uploads\/2020\/09\/cemedar_logo_wp.png\",\"contentUrl\":\"https:\/\/arubasportsmedicine.org\/wp-content\/uploads\/2020\/09\/cemedar_logo_wp.png\",\"width\":332,\"height\":90,\"caption\":\"Fundacion Cemedar Centro Medico Deportivo Aruba\"},\"image\":{\"@id\":\"https:\/\/arubasportsmedicine.org\/es\/#\/schema\/logo\/image\/\"},\"sameAs\":[\"https:\/\/www.facebook.com\/CEMEDARCentroMedicoDeportivoAruba\",\"https:\/\/x.com\/CEMEDAR\",\"https:\/\/www.instagram.com\/cemedaruba\"]}]}<\/script>\n<!-- \/ Yoast SEO Premium plugin. -->","yoast_head_json":{"title":"Sobre nosotros - Fundacion CEMEDAR Centro Medico Deportivo Aruba","robots":{"index":"index","follow":"follow","max-snippet":"max-snippet:-1","max-image-preview":"max-image-preview:large","max-video-preview":"max-video-preview:-1"},"canonical":"https:\/\/arubasportsmedicine.org\/es\/sobre-nosotros\/","og_locale":"es_ES","og_type":"article","og_title":"Sobre nosotros","og_description":"Promover y mejorar el bienestar f\u00edsico y mental de los seres humanos, particularmente el de los deportistas y las personas que quieran practicar deportes o m\u00e1s movimiento. Physio Physical Therapy se centra en brindar excelentes administraciones de recuperaci\u00f3n basadas en ejercicios a corto plazo en excelentes instalaciones de primera clase. Como pioneros en el deporte [&hellip;]","og_url":"https:\/\/arubasportsmedicine.org\/es\/sobre-nosotros\/","og_site_name":"Fundacion CEMEDAR Centro Medico Deportivo Aruba","article_publisher":"https:\/\/www.facebook.com\/CEMEDARCentroMedicoDeportivoAruba","twitter_card":"summary_large_image","twitter_site":"@CEMEDAR","schema":{"@context":"https:\/\/schema.org","@graph":[{"@type":"WebPage","@id":"https:\/\/arubasportsmedicine.org\/es\/sobre-nosotros\/","url":"https:\/\/arubasportsmedicine.org\/es\/sobre-nosotros\/","name":"Sobre nosotros - Fundacion CEMEDAR Centro Medico Deportivo Aruba","isPartOf":{"@id":"https:\/\/arubasportsmedicine.org\/es\/#website"},"datePublished":"2024-02-19T05:17:40+00:00","breadcrumb":{"@id":"https:\/\/arubasportsmedicine.org\/es\/sobre-nosotros\/#breadcrumb"},"inLanguage":"es","potentialAction":[{"@type":"ReadAction","target":["https:\/\/arubasportsmedicine.org\/es\/sobre-nosotros\/"]}]},{"@type":"BreadcrumbList","@id":"https:\/\/arubasportsmedicine.org\/es\/sobre-nosotros\/#breadcrumb","itemListElement":[{"@type":"ListItem","position":1,"name":"Home","item":"https:\/\/arubasportsmedicine.org\/es\/"},{"@type":"ListItem","position":2,"name":"Sobre nosotros"}]},{"@type":"WebSite","@id":"https:\/\/arubasportsmedicine.org\/es\/#website","url":"https:\/\/arubasportsmedicine.org\/es\/","name":"Fundacion CEMEDAR Centro Medico Deportivo Aruba","description":"Medicina Deportiva, Fisioterapia y Masajes Aruba","publisher":{"@id":"https:\/\/arubasportsmedicine.org\/es\/#organization"},"potentialAction":[{"@type":"SearchAction","target":{"@type":"EntryPoint","urlTemplate":"https:\/\/arubasportsmedicine.org\/es\/?s={search_term_string}"},"query-input":{"@type":"PropertyValueSpecification","valueRequired":true,"valueName":"search_term_string"}}],"inLanguage":"es"},{"@type":"Organization","@id":"https:\/\/arubasportsmedicine.org\/es\/#organization","name":"Fundacion Cemedar Centro Medico Deportivo Aruba","url":"https:\/\/arubasportsmedicine.org\/es\/","logo":{"@type":"ImageObject","inLanguage":"es","@id":"https:\/\/arubasportsmedicine.org\/es\/#\/schema\/logo\/image\/","url":"https:\/\/arubasportsmedicine.org\/wp-content\/uploads\/2020\/09\/cemedar_logo_wp.png","contentUrl":"https:\/\/arubasportsmedicine.org\/wp-content\/uploads\/2020\/09\/cemedar_logo_wp.png","width":332,"height":90,"caption":"Fundacion Cemedar Centro Medico Deportivo Aruba"},"image":{"@id":"https:\/\/arubasportsmedicine.org\/es\/#\/schema\/logo\/image\/"},"sameAs":["https:\/\/www.facebook.com\/CEMEDARCentroMedicoDeportivoAruba","https:\/\/x.com\/CEMEDAR","https:\/\/www.instagram.com\/cemedaruba"]}]}},"_links":{"self":[{"href":"https:\/\/arubasportsmedicine.org\/es\/wp-json\/wp\/v2\/pages\/9151","targetHints":{"allow":["GET"]}}],"collection":[{"href":"https:\/\/arubasportsmedicine.org\/es\/wp-json\/wp\/v2\/pages"}],"about":[{"href":"https:\/\/arubasportsmedicine.org\/es\/wp-json\/wp\/v2\/types\/page"}],"author":[{"embeddable":true,"href":"https:\/\/arubasportsmedicine.org\/es\/wp-json\/wp\/v2\/users\/1"}],"replies":[{"embeddable":true,"href":"https:\/\/arubasportsmedicine.org\/es\/wp-json\/wp\/v2\/comments?post=9151"}],"version-history":[{"count":0,"href":"https:\/\/arubasportsmedicine.org\/es\/wp-json\/wp\/v2\/pages\/9151\/revisions"}],"wp:attachment":[{"href":"https:\/\/arubasportsmedicine.org\/es\/wp-json\/wp\/v2\/media?parent=9151"}],"curies":[{"name":"wp","href":"https:\/\/api.w.org\/{rel}","templated":true}]}}