{"id":9489,"date":"2025-02-18T11:52:54","date_gmt":"2025-02-18T15:52:54","guid":{"rendered":"https:\/\/arubasportsmedicine.org\/servicios\/terapia-fisica\/terapia-con-parafina\/"},"modified":"2025-02-18T11:52:55","modified_gmt":"2025-02-18T15:52:55","slug":"terapia-con-parafina","status":"publish","type":"page","link":"https:\/\/arubasportsmedicine.org\/es\/servicios\/terapia-fisica\/terapia-con-parafina\/","title":{"rendered":"Terapia con parafina"},"content":{"rendered":"\t\t<div data-elementor-type=\"wp-page\" data-elementor-id=\"9489\" class=\"elementor elementor-9489 elementor-9477\" data-elementor-post-type=\"page\">\n\t\t\t\t<div class=\"elementor-element elementor-element-79b46ad e-flex e-con-boxed e-con e-parent\" data-id=\"79b46ad\" data-element_type=\"container\" data-e-type=\"container\">\n\t\t\t\t\t<div class=\"e-con-inner\">\n\t\t\t\t<div class=\"elementor-element elementor-element-5b21d860 elementor-widget elementor-widget-text-editor\" data-id=\"5b21d860\" data-element_type=\"widget\" data-e-type=\"widget\" data-widget_type=\"text-editor.default\">\n\t\t\t\t\t\t\t\t\t<p class=\"ng-star-inserted\"><span class=\"ng-star-inserted\">La parafina es una forma de terapia de calor superficial que utiliza cera de parafina calentada para aliviar el dolor y la rigidez en las articulaciones y los m\u00fasculos. Se utiliza com\u00fanmente en fisioterapia, terapia ocupacional y tratamientos est\u00e9ticos. <\/span><\/p>\n<p class=\"ng-star-inserted\">\n\t\t\t\t\t\t\t\t<\/div>\n\t\t\t\t\t<\/div>\n\t\t\t\t<\/div>\n\t\t<div class=\"elementor-element elementor-element-c67e57c e-flex e-con-boxed e-con e-parent\" data-id=\"c67e57c\" data-element_type=\"container\" data-e-type=\"container\">\n\t\t\t\t\t<div class=\"e-con-inner\">\n\t\t<div class=\"elementor-element elementor-element-f59c909 e-con-full e-flex e-con e-child\" data-id=\"f59c909\" data-element_type=\"container\" data-e-type=\"container\">\n\t\t\t\t<div class=\"elementor-element elementor-element-75ed76c elementor-widget elementor-widget-text-editor\" data-id=\"75ed76c\" data-element_type=\"widget\" data-e-type=\"widget\" data-widget_type=\"text-editor.default\">\n\t\t\t\t\t\t\t\t\t<p class=\"ng-star-inserted\"><strong class=\"ng-star-inserted\" style=\"color: var( --e-global-color-text ); font-family: var( --e-global-typography-text-font-family ), Sans-serif; text-align: var(--text-align);\"><span class=\"ng-star-inserted\">C\u00f3mo funciona:<\/span><\/strong><\/p>\n<p class=\"ng-star-inserted\"><span class=\"ng-star-inserted\">La cera de parafina tiene un punto de fusi\u00f3n bajo (entre 124 y 130 \u00b0F, o 51-54 \u00b0C), lo que permite aplicarla tibia sobre la piel sin causar quemaduras. La cera tibia crea un sello herm\u00e9tico alrededor del \u00e1rea tratada. Este sello ayuda a:  <\/span><\/p>\n<ul class=\"ng-star-inserted\">\n<li class=\"ng-star-inserted\">\n<p class=\"ng-star-inserted\"><strong class=\"ng-star-inserted\"><span class=\"ng-star-inserted\">Aumenta el flujo sangu\u00edneo:<\/span><\/strong> <span class=\"ng-star-inserted\">el calor dilata los vasos sangu\u00edneos, mejorando la circulaci\u00f3n y aportando ox\u00edgeno y nutrientes a la zona.<\/span><\/p>\n<\/li>\n<li class=\"ng-star-inserted\">\n<p class=\"ng-star-inserted\"><strong class=\"ng-star-inserted\"><span class=\"ng-star-inserted\">Relaja los m\u00fasculos:<\/span><\/strong> <span class=\"ng-star-inserted\">El calor ayuda a relajar los m\u00fasculos tensos y reducir los espasmos musculares.<\/span><\/p>\n<\/li>\n<li class=\"ng-star-inserted\">\n<p class=\"ng-star-inserted\"><strong class=\"ng-star-inserted\"><span class=\"ng-star-inserted\">Alivio del dolor:<\/span><\/strong> <span class=\"ng-star-inserted\">el calor puede bloquear las se\u00f1ales de dolor y reducir la inflamaci\u00f3n.<\/span><\/p>\n<\/li>\n<li class=\"ng-star-inserted\">\n<p class=\"ng-star-inserted\"><strong class=\"ng-star-inserted\"><span class=\"ng-star-inserted\">Hidrata la piel:<\/span><\/strong> <span class=\"ng-star-inserted\">La parafina act\u00faa como emoliente, hidratando la piel y suavizando las cicatrices.<\/span><\/p>\n<\/li>\n<\/ul>\n<p class=\"ng-star-inserted\"><strong class=\"ng-star-inserted\"><span class=\"ng-star-inserted\">Indicaciones comunes:<\/span><\/strong><\/p>\n<p class=\"ng-star-inserted\"><span class=\"ng-star-inserted\">La terapia con parafina se utiliza para tratar una variedad de afecciones, entre ellas:<\/span><\/p>\n<ul class=\"ng-star-inserted\">\n<li class=\"ng-star-inserted\">\n<p class=\"ng-star-inserted\"><strong class=\"ng-star-inserted\"><span class=\"ng-star-inserted\">Artritis:<\/span><\/strong> <span class=\"ng-star-inserted\">Osteoartritis, Artritis Reumatoide<\/span><\/p>\n<\/li>\n<li class=\"ng-star-inserted\">\n<p class=\"ng-star-inserted\"><strong class=\"ng-star-inserted\"><span class=\"ng-star-inserted\">Fibromialgia<\/span><\/strong><\/p>\n<\/li>\n<li class=\"ng-star-inserted\">\n<p class=\"ng-star-inserted\"><strong class=\"ng-star-inserted\"><span class=\"ng-star-inserted\">Tendinitis<\/span><\/strong><\/p>\n<\/li>\n<li class=\"ng-star-inserted\">\n<p class=\"ng-star-inserted\"><strong class=\"ng-star-inserted\"><span class=\"ng-star-inserted\">Bursitis<\/span><\/strong><\/p>\n<\/li>\n<li class=\"ng-star-inserted\">\n<p class=\"ng-star-inserted\"><strong class=\"ng-star-inserted\"><span class=\"ng-star-inserted\">Esguinces y distensiones<\/span><\/strong><\/p>\n<\/li>\n<li class=\"ng-star-inserted\">\n<p class=\"ng-star-inserted\"><strong class=\"ng-star-inserted\"><span class=\"ng-star-inserted\">Cicatrices<\/span><\/strong><\/p>\n<\/li>\n<li class=\"ng-star-inserted\">\n<p class=\"ng-star-inserted\"><strong class=\"ng-star-inserted\"><span class=\"ng-star-inserted\">Piel seca y agrietada<\/span><\/strong><\/p>\n<\/li>\n<li class=\"ng-star-inserted\">\n<p class=\"ng-star-inserted\"><strong class=\"ng-star-inserted\"><span class=\"ng-star-inserted\">Espasmos musculares<\/span><\/strong><\/p>\n<\/li>\n<li class=\"ng-star-inserted\">\n<p class=\"ng-star-inserted\"><strong class=\"ng-star-inserted\"><span class=\"ng-star-inserted\">Contracturas<\/span><\/strong><\/p><\/li>\n<\/ul>\t\t\t\t\t\t\t\t<\/div>\n\t\t\t\t<\/div>\n\t\t<div class=\"elementor-element elementor-element-a227652 e-con-full e-flex e-con e-child\" data-id=\"a227652\" data-element_type=\"container\" data-e-type=\"container\">\n\t\t<div class=\"elementor-element elementor-element-9a0d6b9 e-con-full e-flex e-con e-child\" data-id=\"9a0d6b9\" data-element_type=\"container\" data-e-type=\"container\">\n\t\t\t\t<div class=\"elementor-element elementor-element-c8df69e elementor-widget elementor-widget-image\" data-id=\"c8df69e\" data-element_type=\"widget\" data-e-type=\"widget\" data-widget_type=\"image.default\">\n\t\t\t\t\t\t\t\t\t\t\t\t\t\t\t<img fetchpriority=\"high\" decoding=\"async\" width=\"800\" height=\"764\" src=\"https:\/\/arubasportsmedicine.org\/wp-content\/uploads\/2025\/02\/foto_fibro_parafina.png\" class=\"attachment-large size-large wp-image-9480\" alt=\"\" srcset=\"https:\/\/arubasportsmedicine.org\/wp-content\/uploads\/2025\/02\/foto_fibro_parafina.png 800w, https:\/\/arubasportsmedicine.org\/wp-content\/uploads\/2025\/02\/foto_fibro_parafina-300x287.png 300w, https:\/\/arubasportsmedicine.org\/wp-content\/uploads\/2025\/02\/foto_fibro_parafina-768x733.png 768w\" sizes=\"(max-width: 800px) 100vw, 800px\" \/>\t\t\t\t\t\t\t\t\t\t\t\t\t\t\t<\/div>\n\t\t\t\t<\/div>\n\t\t<div class=\"elementor-element elementor-element-99ecd34 e-con-full e-flex e-con e-child\" data-id=\"99ecd34\" data-element_type=\"container\" data-e-type=\"container\">\n\t\t\t\t<div class=\"elementor-element elementor-element-7f5cfbe elementor-widget elementor-widget-image\" data-id=\"7f5cfbe\" data-element_type=\"widget\" data-e-type=\"widget\" data-widget_type=\"image.default\">\n\t\t\t\t\t\t\t\t\t\t\t\t\t\t\t<img decoding=\"async\" width=\"474\" height=\"355\" src=\"https:\/\/arubasportsmedicine.org\/wp-content\/uploads\/2025\/02\/OIP.jpg\" class=\"attachment-large size-large wp-image-9482\" alt=\"\" srcset=\"https:\/\/arubasportsmedicine.org\/wp-content\/uploads\/2025\/02\/OIP.jpg 474w, https:\/\/arubasportsmedicine.org\/wp-content\/uploads\/2025\/02\/OIP-300x225.jpg 300w\" sizes=\"(max-width: 474px) 100vw, 474px\" \/>\t\t\t\t\t\t\t\t\t\t\t\t\t\t\t<\/div>\n\t\t\t\t<\/div>\n\t\t\t\t<\/div>\n\t\t\t\t\t<\/div>\n\t\t\t\t<\/div>\n\t\t<div class=\"elementor-element elementor-element-97a3591 e-flex e-con-boxed e-con e-parent\" data-id=\"97a3591\" data-element_type=\"container\" data-e-type=\"container\">\n\t\t\t\t\t<div class=\"e-con-inner\">\n\t\t\t\t<div class=\"elementor-element elementor-element-588ca43 elementor-widget elementor-widget-text-editor\" data-id=\"588ca43\" data-element_type=\"widget\" data-e-type=\"widget\" data-widget_type=\"text-editor.default\">\n\t\t\t\t\t\t\t\t\t<p><strong class=\"ng-star-inserted\" style=\"color: var( --e-global-color-text ); font-family: var( --e-global-typography-text-font-family ), Sans-serif; text-align: var(--text-align);\"><span class=\"ng-star-inserted\">M\u00e9todos de aplicaci\u00f3n:<\/span><\/strong><\/p>\n<p class=\"ng-star-inserted\"><span class=\"ng-star-inserted\">Existen varias formas de aplicar la parafina, siendo las m\u00e1s comunes:<\/span><\/p>\n<ul class=\"ng-star-inserted\">\n<li class=\"ng-star-inserted\">\n<p class=\"ng-star-inserted\"><strong class=\"ng-star-inserted\"><span class=\"ng-star-inserted\">Inmersi\u00f3n repetida (inmersi\u00f3n y re-inmersi\u00f3n):<\/span><\/strong> <span class=\"ng-star-inserted\">la parte del cuerpo (generalmente las manos o los pies) se sumerge repetidamente en la cera derretida, creando varias capas.<\/span><\/p>\n<\/li>\n<li class=\"ng-star-inserted\">\n<p class=\"ng-star-inserted\"><strong class=\"ng-star-inserted\"><span class=\"ng-star-inserted\">Inmersi\u00f3n y envoltura:<\/span><\/strong> <span class=\"ng-star-inserted\">La parte del cuerpo se sumerge una vez en la cera y luego se envuelve en pl\u00e1stico y una toalla para retener el calor.<\/span><\/p>\n<\/li>\n<li class=\"ng-star-inserted\">\n<p class=\"ng-star-inserted\"><strong class=\"ng-star-inserted\" style=\"color: var( --e-global-color-text ); font-family: var( --e-global-typography-text-font-family ), Sans-serif; text-align: var(--text-align);\"><span class=\"ng-star-inserted\">Ba\u00f1o de Parafina:<\/span><\/strong> <span class=\"ng-star-inserted\" style=\"color: var( --e-global-color-text ); font-family: var( --e-global-typography-text-font-family ), Sans-serif; font-weight: var( --e-global-typography-text-font-weight ); text-align: var(--text-align);\">Un recipiente especialmente dise\u00f1ado para mantener la cera de parafina derretida a una temperatura constante.<\/span><\/p>\n<\/li>\n<\/ul>\n<p class=\"ng-star-inserted\"><strong class=\"ng-star-inserted\"><span class=\"ng-star-inserted\">Procedimiento general:<\/span><\/strong><\/p>\n<ol class=\"ng-star-inserted\">\n<li class=\"ng-star-inserted\">\n<p class=\"ng-star-inserted\"><strong class=\"ng-star-inserted\"><span class=\"ng-star-inserted\">Preparaci\u00f3n:<\/span><\/strong><span class=\"ng-star-inserted\">  Se limpia y seca la zona a tratar y se retiran las joyas. <\/span><\/p>\n<\/li>\n<li class=\"ng-star-inserted\">\n<p class=\"ng-star-inserted\"><strong class=\"ng-star-inserted\"><span class=\"ng-star-inserted\">Aplicaci\u00f3n de cera:<\/span><\/strong> <span class=\"ng-star-inserted\">Se elige el m\u00e9todo de aplicaci\u00f3n adecuado.<\/span><\/p>\n<\/li>\n<li class=\"ng-star-inserted\">\n<p class=\"ng-star-inserted\"><strong class=\"ng-star-inserted\"><span class=\"ng-star-inserted\">Envoltura:<\/span><\/strong> <span class=\"ng-star-inserted\">Se envuelve la zona tratada en pl\u00e1stico y una toalla para retener el calor.<\/span><\/p>\n<\/li>\n<li class=\"ng-star-inserted\">\n<p class=\"ng-star-inserted\"><strong class=\"ng-star-inserted\"><span class=\"ng-star-inserted\">Tiempo de espera:<\/span><\/strong> <span class=\"ng-star-inserted\">La cera se deja actuar durante 15-20 minutos.<\/span><\/p>\n<\/li>\n<li class=\"ng-star-inserted\">\n<p class=\"ng-star-inserted\"><strong class=\"ng-star-inserted\"><span class=\"ng-star-inserted\">Eliminaci\u00f3n de cera:<\/span><\/strong> <span class=\"ng-star-inserted\">La cera se retira y se desecha.<\/span><\/p>\n<\/li>\n<li class=\"ng-star-inserted\">\n<p class=\"ng-star-inserted\"><strong class=\"ng-star-inserted\"><span class=\"ng-star-inserted\">Ejercicio (opcional):<\/span><\/strong> <span class=\"ng-star-inserted\">se pueden realizar ejercicios suaves para aprovechar el aumento del flujo sangu\u00edneo y la relajaci\u00f3n muscular.<\/span><\/p>\n<\/li>\n<li class=\"ng-star-inserted\">\n<p class=\"ng-star-inserted\"><strong class=\"ng-star-inserted\"><span class=\"ng-star-inserted\">Hidratante:<\/span><\/strong> <span class=\"ng-star-inserted\">Se aplica humectante en el \u00e1rea tratada.<\/span><\/p>\n<\/li>\n<\/ol>\n<p class=\"ng-star-inserted\"><strong class=\"ng-star-inserted\"><span class=\"ng-star-inserted\">Contraindicaciones:<\/span><\/strong><\/p>\n<p class=\"ng-star-inserted\"><span class=\"ng-star-inserted\">La terapia con parafina no es adecuada para todos. Las contraindicaciones incluyen: <\/span><\/p>\n<ul class=\"ng-star-inserted\">\n<li class=\"ng-star-inserted\">\n<p class=\"ng-star-inserted\"><strong class=\"ng-star-inserted\"><span class=\"ng-star-inserted\">Heridas abiertas:<\/span><\/strong> <span class=\"ng-star-inserted\">La cera no debe aplicarse en heridas abiertas, cortes o ampollas.<\/span><\/p>\n<\/li>\n<li class=\"ng-star-inserted\">\n<p class=\"ng-star-inserted\"><strong class=\"ng-star-inserted\"><span class=\"ng-star-inserted\">Infecciones de la piel:<\/span><\/strong> <span class=\"ng-star-inserted\">La cera no debe aplicarse en zonas con infecciones de la piel.<\/span><\/p>\n<\/li>\n<li class=\"ng-star-inserted\">\n<p class=\"ng-star-inserted\"><strong class=\"ng-star-inserted\"><span class=\"ng-star-inserted\">Mala circulaci\u00f3n:<\/span><\/strong> <span class=\"ng-star-inserted\">Las personas con mala circulaci\u00f3n deben consultar a su m\u00e9dico antes de utilizar la terapia con parafina.<\/span><\/p>\n<\/li>\n<li class=\"ng-star-inserted\">\n<p class=\"ng-star-inserted\"><strong class=\"ng-star-inserted\"><span class=\"ng-star-inserted\">P\u00e9rdida de sensibilidad:<\/span><\/strong> <span class=\"ng-star-inserted\">Las personas con p\u00e9rdida de sensibilidad en la piel (por ejemplo, debido a una neuropat\u00eda diab\u00e9tica) pueden quemarse sin darse cuenta.<\/span><\/p>\n<\/li>\n<li class=\"ng-star-inserted\">\n<p class=\"ng-star-inserted\"><strong class=\"ng-star-inserted\"><span class=\"ng-star-inserted\">Alergia a la parafina:<\/span><\/strong> <span class=\"ng-star-inserted\">aunque es poco com\u00fan, algunas personas pueden ser al\u00e9rgicas a la parafina.<\/span><\/p>\n<\/li>\n<li class=\"ng-star-inserted\">\n<p class=\"ng-star-inserted\"><strong class=\"ng-star-inserted\"><span class=\"ng-star-inserted\">Enfermedad vascular perif\u00e9rica:<\/span><\/strong> <span class=\"ng-star-inserted\">contraindicada porque el calor puede agravar la afecci\u00f3n.<\/span><\/p>\n<\/li>\n<\/ul>\n\t\t\t\t\t\t\t\t<\/div>\n\t\t\t\t\t<\/div>\n\t\t\t\t<\/div>\n\t\t\t\t<\/div>\n\t\t","protected":false},"excerpt":{"rendered":"<p>La parafina es una forma de terapia de calor superficial que utiliza cera de parafina calentada para aliviar el dolor y la rigidez en las articulaciones y los m\u00fasculos. Se utiliza com\u00fanmente en fisioterapia, terapia ocupacional y tratamientos est\u00e9ticos. C\u00f3mo funciona: La cera de parafina tiene un punto de fusi\u00f3n bajo (entre 124 y 130 [&hellip;]<\/p>\n","protected":false},"author":1,"featured_media":0,"parent":8504,"menu_order":0,"comment_status":"closed","ping_status":"closed","template":"","meta":{"_acf_changed":false,"footnotes":""},"class_list":["post-9489","page","type-page","status-publish","hentry"],"acf":[],"yoast_head":"<!-- This site is optimized with the Yoast SEO Premium plugin v24.4 (Yoast SEO v27.2) - https:\/\/yoast.com\/product\/yoast-seo-premium-wordpress\/ -->\n<title>Terapia con parafina - Fundacion CEMEDAR Centro Medico Deportivo Aruba<\/title>\n<meta name=\"robots\" content=\"index, follow, max-snippet:-1, max-image-preview:large, max-video-preview:-1\" \/>\n<link rel=\"canonical\" href=\"https:\/\/arubasportsmedicine.org\/es\/servicios\/terapia-fisica\/terapia-con-parafina\/\" \/>\n<meta property=\"og:locale\" content=\"es_ES\" \/>\n<meta property=\"og:type\" content=\"article\" \/>\n<meta property=\"og:title\" content=\"Terapia con parafina\" \/>\n<meta property=\"og:description\" content=\"La parafina es una forma de terapia de calor superficial que utiliza cera de parafina calentada para aliviar el dolor y la rigidez en las articulaciones y los m\u00fasculos. Se utiliza com\u00fanmente en fisioterapia, terapia ocupacional y tratamientos est\u00e9ticos. C\u00f3mo funciona: La cera de parafina tiene un punto de fusi\u00f3n bajo (entre 124 y 130 [&hellip;]\" \/>\n<meta property=\"og:url\" content=\"https:\/\/arubasportsmedicine.org\/es\/servicios\/terapia-fisica\/terapia-con-parafina\/\" \/>\n<meta property=\"og:site_name\" content=\"Fundacion CEMEDAR Centro Medico Deportivo Aruba\" \/>\n<meta property=\"article:publisher\" content=\"https:\/\/www.facebook.com\/CEMEDARCentroMedicoDeportivoAruba\" \/>\n<meta property=\"article:modified_time\" content=\"2025-02-18T15:52:55+00:00\" \/>\n<meta property=\"og:image\" content=\"https:\/\/arubasportsmedicine.org\/wp-content\/uploads\/2025\/02\/foto_fibro_parafina.png\" \/>\n\t<meta property=\"og:image:width\" content=\"800\" \/>\n\t<meta property=\"og:image:height\" content=\"764\" \/>\n\t<meta property=\"og:image:type\" content=\"image\/png\" \/>\n<meta name=\"twitter:card\" content=\"summary_large_image\" \/>\n<meta name=\"twitter:site\" content=\"@CEMEDAR\" \/>\n<meta name=\"twitter:label1\" content=\"Tiempo de lectura\" \/>\n\t<meta name=\"twitter:data1\" content=\"3 minutos\" \/>\n<script type=\"application\/ld+json\" class=\"yoast-schema-graph\">{\"@context\":\"https:\/\/schema.org\",\"@graph\":[{\"@type\":\"WebPage\",\"@id\":\"https:\/\/arubasportsmedicine.org\/es\/servicios\/terapia-fisica\/terapia-con-parafina\/\",\"url\":\"https:\/\/arubasportsmedicine.org\/es\/servicios\/terapia-fisica\/terapia-con-parafina\/\",\"name\":\"Terapia con parafina - Fundacion CEMEDAR Centro Medico Deportivo Aruba\",\"isPartOf\":{\"@id\":\"https:\/\/arubasportsmedicine.org\/es\/#website\"},\"primaryImageOfPage\":{\"@id\":\"https:\/\/arubasportsmedicine.org\/es\/servicios\/terapia-fisica\/terapia-con-parafina\/#primaryimage\"},\"image\":{\"@id\":\"https:\/\/arubasportsmedicine.org\/es\/servicios\/terapia-fisica\/terapia-con-parafina\/#primaryimage\"},\"thumbnailUrl\":\"https:\/\/arubasportsmedicine.org\/wp-content\/uploads\/2025\/02\/foto_fibro_parafina.png\",\"datePublished\":\"2025-02-18T15:52:54+00:00\",\"dateModified\":\"2025-02-18T15:52:55+00:00\",\"breadcrumb\":{\"@id\":\"https:\/\/arubasportsmedicine.org\/es\/servicios\/terapia-fisica\/terapia-con-parafina\/#breadcrumb\"},\"inLanguage\":\"es\",\"potentialAction\":[{\"@type\":\"ReadAction\",\"target\":[\"https:\/\/arubasportsmedicine.org\/es\/servicios\/terapia-fisica\/terapia-con-parafina\/\"]}]},{\"@type\":\"ImageObject\",\"inLanguage\":\"es\",\"@id\":\"https:\/\/arubasportsmedicine.org\/es\/servicios\/terapia-fisica\/terapia-con-parafina\/#primaryimage\",\"url\":\"https:\/\/arubasportsmedicine.org\/wp-content\/uploads\/2025\/02\/foto_fibro_parafina.png\",\"contentUrl\":\"https:\/\/arubasportsmedicine.org\/wp-content\/uploads\/2025\/02\/foto_fibro_parafina.png\"},{\"@type\":\"BreadcrumbList\",\"@id\":\"https:\/\/arubasportsmedicine.org\/es\/servicios\/terapia-fisica\/terapia-con-parafina\/#breadcrumb\",\"itemListElement\":[{\"@type\":\"ListItem\",\"position\":1,\"name\":\"Home\",\"item\":\"https:\/\/arubasportsmedicine.org\/es\/\"},{\"@type\":\"ListItem\",\"position\":2,\"name\":\"Servicios\",\"item\":\"https:\/\/arubasportsmedicine.org\/es\/servicios\/\"},{\"@type\":\"ListItem\",\"position\":3,\"name\":\"Fisioterapia y rehabilitaci\u00f3n\",\"item\":\"https:\/\/arubasportsmedicine.org\/es\/servicios\/terapia-fisica\/\"},{\"@type\":\"ListItem\",\"position\":4,\"name\":\"Terapia con parafina\"}]},{\"@type\":\"WebSite\",\"@id\":\"https:\/\/arubasportsmedicine.org\/es\/#website\",\"url\":\"https:\/\/arubasportsmedicine.org\/es\/\",\"name\":\"Fundacion CEMEDAR Centro Medico Deportivo Aruba\",\"description\":\"Medicina Deportiva, Fisioterapia y Masajes Aruba\",\"publisher\":{\"@id\":\"https:\/\/arubasportsmedicine.org\/es\/#organization\"},\"potentialAction\":[{\"@type\":\"SearchAction\",\"target\":{\"@type\":\"EntryPoint\",\"urlTemplate\":\"https:\/\/arubasportsmedicine.org\/es\/?s={search_term_string}\"},\"query-input\":{\"@type\":\"PropertyValueSpecification\",\"valueRequired\":true,\"valueName\":\"search_term_string\"}}],\"inLanguage\":\"es\"},{\"@type\":\"Organization\",\"@id\":\"https:\/\/arubasportsmedicine.org\/es\/#organization\",\"name\":\"Fundacion Cemedar Centro Medico Deportivo Aruba\",\"url\":\"https:\/\/arubasportsmedicine.org\/es\/\",\"logo\":{\"@type\":\"ImageObject\",\"inLanguage\":\"es\",\"@id\":\"https:\/\/arubasportsmedicine.org\/es\/#\/schema\/logo\/image\/\",\"url\":\"https:\/\/arubasportsmedicine.org\/wp-content\/uploads\/2020\/09\/cemedar_logo_wp.png\",\"contentUrl\":\"https:\/\/arubasportsmedicine.org\/wp-content\/uploads\/2020\/09\/cemedar_logo_wp.png\",\"width\":332,\"height\":90,\"caption\":\"Fundacion Cemedar Centro Medico Deportivo Aruba\"},\"image\":{\"@id\":\"https:\/\/arubasportsmedicine.org\/es\/#\/schema\/logo\/image\/\"},\"sameAs\":[\"https:\/\/www.facebook.com\/CEMEDARCentroMedicoDeportivoAruba\",\"https:\/\/x.com\/CEMEDAR\",\"https:\/\/www.instagram.com\/cemedaruba\"]}]}<\/script>\n<!-- \/ Yoast SEO Premium plugin. -->","yoast_head_json":{"title":"Terapia con parafina - Fundacion CEMEDAR Centro Medico Deportivo Aruba","robots":{"index":"index","follow":"follow","max-snippet":"max-snippet:-1","max-image-preview":"max-image-preview:large","max-video-preview":"max-video-preview:-1"},"canonical":"https:\/\/arubasportsmedicine.org\/es\/servicios\/terapia-fisica\/terapia-con-parafina\/","og_locale":"es_ES","og_type":"article","og_title":"Terapia con parafina","og_description":"La parafina es una forma de terapia de calor superficial que utiliza cera de parafina calentada para aliviar el dolor y la rigidez en las articulaciones y los m\u00fasculos. Se utiliza com\u00fanmente en fisioterapia, terapia ocupacional y tratamientos est\u00e9ticos. C\u00f3mo funciona: La cera de parafina tiene un punto de fusi\u00f3n bajo (entre 124 y 130 [&hellip;]","og_url":"https:\/\/arubasportsmedicine.org\/es\/servicios\/terapia-fisica\/terapia-con-parafina\/","og_site_name":"Fundacion CEMEDAR Centro Medico Deportivo Aruba","article_publisher":"https:\/\/www.facebook.com\/CEMEDARCentroMedicoDeportivoAruba","article_modified_time":"2025-02-18T15:52:55+00:00","og_image":[{"width":800,"height":764,"url":"https:\/\/arubasportsmedicine.org\/wp-content\/uploads\/2025\/02\/foto_fibro_parafina.png","type":"image\/png"}],"twitter_card":"summary_large_image","twitter_site":"@CEMEDAR","twitter_misc":{"Tiempo de lectura":"3 minutos"},"schema":{"@context":"https:\/\/schema.org","@graph":[{"@type":"WebPage","@id":"https:\/\/arubasportsmedicine.org\/es\/servicios\/terapia-fisica\/terapia-con-parafina\/","url":"https:\/\/arubasportsmedicine.org\/es\/servicios\/terapia-fisica\/terapia-con-parafina\/","name":"Terapia con parafina - Fundacion CEMEDAR Centro Medico Deportivo Aruba","isPartOf":{"@id":"https:\/\/arubasportsmedicine.org\/es\/#website"},"primaryImageOfPage":{"@id":"https:\/\/arubasportsmedicine.org\/es\/servicios\/terapia-fisica\/terapia-con-parafina\/#primaryimage"},"image":{"@id":"https:\/\/arubasportsmedicine.org\/es\/servicios\/terapia-fisica\/terapia-con-parafina\/#primaryimage"},"thumbnailUrl":"https:\/\/arubasportsmedicine.org\/wp-content\/uploads\/2025\/02\/foto_fibro_parafina.png","datePublished":"2025-02-18T15:52:54+00:00","dateModified":"2025-02-18T15:52:55+00:00","breadcrumb":{"@id":"https:\/\/arubasportsmedicine.org\/es\/servicios\/terapia-fisica\/terapia-con-parafina\/#breadcrumb"},"inLanguage":"es","potentialAction":[{"@type":"ReadAction","target":["https:\/\/arubasportsmedicine.org\/es\/servicios\/terapia-fisica\/terapia-con-parafina\/"]}]},{"@type":"ImageObject","inLanguage":"es","@id":"https:\/\/arubasportsmedicine.org\/es\/servicios\/terapia-fisica\/terapia-con-parafina\/#primaryimage","url":"https:\/\/arubasportsmedicine.org\/wp-content\/uploads\/2025\/02\/foto_fibro_parafina.png","contentUrl":"https:\/\/arubasportsmedicine.org\/wp-content\/uploads\/2025\/02\/foto_fibro_parafina.png"},{"@type":"BreadcrumbList","@id":"https:\/\/arubasportsmedicine.org\/es\/servicios\/terapia-fisica\/terapia-con-parafina\/#breadcrumb","itemListElement":[{"@type":"ListItem","position":1,"name":"Home","item":"https:\/\/arubasportsmedicine.org\/es\/"},{"@type":"ListItem","position":2,"name":"Servicios","item":"https:\/\/arubasportsmedicine.org\/es\/servicios\/"},{"@type":"ListItem","position":3,"name":"Fisioterapia y rehabilitaci\u00f3n","item":"https:\/\/arubasportsmedicine.org\/es\/servicios\/terapia-fisica\/"},{"@type":"ListItem","position":4,"name":"Terapia con parafina"}]},{"@type":"WebSite","@id":"https:\/\/arubasportsmedicine.org\/es\/#website","url":"https:\/\/arubasportsmedicine.org\/es\/","name":"Fundacion CEMEDAR Centro Medico Deportivo Aruba","description":"Medicina Deportiva, Fisioterapia y Masajes Aruba","publisher":{"@id":"https:\/\/arubasportsmedicine.org\/es\/#organization"},"potentialAction":[{"@type":"SearchAction","target":{"@type":"EntryPoint","urlTemplate":"https:\/\/arubasportsmedicine.org\/es\/?s={search_term_string}"},"query-input":{"@type":"PropertyValueSpecification","valueRequired":true,"valueName":"search_term_string"}}],"inLanguage":"es"},{"@type":"Organization","@id":"https:\/\/arubasportsmedicine.org\/es\/#organization","name":"Fundacion Cemedar Centro Medico Deportivo Aruba","url":"https:\/\/arubasportsmedicine.org\/es\/","logo":{"@type":"ImageObject","inLanguage":"es","@id":"https:\/\/arubasportsmedicine.org\/es\/#\/schema\/logo\/image\/","url":"https:\/\/arubasportsmedicine.org\/wp-content\/uploads\/2020\/09\/cemedar_logo_wp.png","contentUrl":"https:\/\/arubasportsmedicine.org\/wp-content\/uploads\/2020\/09\/cemedar_logo_wp.png","width":332,"height":90,"caption":"Fundacion Cemedar Centro Medico Deportivo Aruba"},"image":{"@id":"https:\/\/arubasportsmedicine.org\/es\/#\/schema\/logo\/image\/"},"sameAs":["https:\/\/www.facebook.com\/CEMEDARCentroMedicoDeportivoAruba","https:\/\/x.com\/CEMEDAR","https:\/\/www.instagram.com\/cemedaruba"]}]}},"_links":{"self":[{"href":"https:\/\/arubasportsmedicine.org\/es\/wp-json\/wp\/v2\/pages\/9489","targetHints":{"allow":["GET"]}}],"collection":[{"href":"https:\/\/arubasportsmedicine.org\/es\/wp-json\/wp\/v2\/pages"}],"about":[{"href":"https:\/\/arubasportsmedicine.org\/es\/wp-json\/wp\/v2\/types\/page"}],"author":[{"embeddable":true,"href":"https:\/\/arubasportsmedicine.org\/es\/wp-json\/wp\/v2\/users\/1"}],"replies":[{"embeddable":true,"href":"https:\/\/arubasportsmedicine.org\/es\/wp-json\/wp\/v2\/comments?post=9489"}],"version-history":[{"count":1,"href":"https:\/\/arubasportsmedicine.org\/es\/wp-json\/wp\/v2\/pages\/9489\/revisions"}],"predecessor-version":[{"id":9490,"href":"https:\/\/arubasportsmedicine.org\/es\/wp-json\/wp\/v2\/pages\/9489\/revisions\/9490"}],"up":[{"embeddable":true,"href":"https:\/\/arubasportsmedicine.org\/es\/wp-json\/wp\/v2\/pages\/8504"}],"wp:attachment":[{"href":"https:\/\/arubasportsmedicine.org\/es\/wp-json\/wp\/v2\/media?parent=9489"}],"curies":[{"name":"wp","href":"https:\/\/api.w.org\/{rel}","templated":true}]}}