{"id":9527,"date":"2025-04-24T15:17:57","date_gmt":"2025-04-24T19:17:57","guid":{"rendered":"https:\/\/arubasportsmedicine.org\/servicios\/medicina-deportiva\/evaluacion-medica-deportiva\/"},"modified":"2025-04-24T15:22:40","modified_gmt":"2025-04-24T19:22:40","slug":"evaluacion-medica-deportiva","status":"publish","type":"page","link":"https:\/\/arubasportsmedicine.org\/es\/servicios\/medicina-deportiva\/evaluacion-medica-deportiva\/","title":{"rendered":"Evaluaci\u00f3n m\u00e9dica deportiva"},"content":{"rendered":"\t\t<div data-elementor-type=\"wp-page\" data-elementor-id=\"9527\" class=\"elementor elementor-9527 elementor-9522\" data-elementor-post-type=\"page\">\n\t\t\t\t<div class=\"elementor-element elementor-element-81e5157 e-flex e-con-boxed e-con e-parent\" data-id=\"81e5157\" data-element_type=\"container\" data-e-type=\"container\">\n\t\t\t\t\t<div class=\"e-con-inner\">\n\t\t\t\t<div class=\"elementor-element elementor-element-d297294 elementor-widget elementor-widget-heading\" data-id=\"d297294\" data-element_type=\"widget\" data-e-type=\"widget\" data-widget_type=\"heading.default\">\n\t\t\t\t\t<h2 class=\"elementor-heading-title elementor-size-default\">Evaluaci\u00f3n m\u00e9dica deportiva<\/h2>\t\t\t\t<\/div>\n\t\t\t\t\t<\/div>\n\t\t\t\t<\/div>\n\t\t<div class=\"elementor-element elementor-element-09f4e6f e-flex e-con-boxed e-con e-parent\" data-id=\"09f4e6f\" data-element_type=\"container\" data-e-type=\"container\">\n\t\t\t\t\t<div class=\"e-con-inner\">\n\t\t\t\t<div class=\"elementor-element elementor-element-c13688d elementor-widget elementor-widget-text-editor\" data-id=\"c13688d\" data-element_type=\"widget\" data-e-type=\"widget\" data-widget_type=\"text-editor.default\">\n\t\t\t\t\t\t\t\t\t<ul><li>Examen f\u00edsico general realizado por un especialista en medicina del deporte.<\/li><li>Creaci\u00f3n de una base de datos del historial m\u00e9dico-deportivo del deportista.<\/li><li>Evaluaci\u00f3n de las condiciones deportivas b\u00e1sicas esenciales para la pr\u00e1ctica deportiva.<\/li><li>Pruebas (Fufier \u2013 Dikson).<\/li><li>Evaluaci\u00f3n del crecimiento y desarrollo morfol\u00f3gico.<\/li><li>Espirometr\u00eda.<\/li><\/ul>\t\t\t\t\t\t\t\t<\/div>\n\t\t\t\t\t<\/div>\n\t\t\t\t<\/div>\n\t\t\t\t<\/div>\n\t\t","protected":false},"excerpt":{"rendered":"<p>Evaluaci\u00f3n m\u00e9dica deportiva Examen f\u00edsico general realizado por un especialista en medicina del deporte. Creaci\u00f3n de una base de datos del historial m\u00e9dico-deportivo del deportista. Evaluaci\u00f3n de las condiciones deportivas b\u00e1sicas esenciales para la pr\u00e1ctica deportiva. Pruebas (Fufier \u2013 Dikson). Evaluaci\u00f3n del crecimiento y desarrollo morfol\u00f3gico. Espirometr\u00eda.<\/p>\n","protected":false},"author":1,"featured_media":0,"parent":8454,"menu_order":0,"comment_status":"closed","ping_status":"closed","template":"","meta":{"_acf_changed":false,"footnotes":""},"class_list":["post-9527","page","type-page","status-publish","hentry"],"acf":[],"yoast_head":"<!-- This site is optimized with the Yoast SEO Premium plugin v24.4 (Yoast SEO v27.2) - https:\/\/yoast.com\/product\/yoast-seo-premium-wordpress\/ -->\n<title>Evaluaci\u00f3n m\u00e9dica deportiva - Fundacion CEMEDAR Centro Medico Deportivo Aruba<\/title>\n<meta name=\"robots\" content=\"index, follow, max-snippet:-1, max-image-preview:large, max-video-preview:-1\" \/>\n<link rel=\"canonical\" href=\"https:\/\/arubasportsmedicine.org\/es\/servicios\/medicina-deportiva\/evaluacion-medica-deportiva\/\" \/>\n<meta property=\"og:locale\" content=\"es_ES\" \/>\n<meta property=\"og:type\" content=\"article\" \/>\n<meta property=\"og:title\" content=\"Evaluaci\u00f3n m\u00e9dica deportiva\" \/>\n<meta property=\"og:description\" content=\"Evaluaci\u00f3n m\u00e9dica deportiva Examen f\u00edsico general realizado por un especialista en medicina del deporte. Creaci\u00f3n de una base de datos del historial m\u00e9dico-deportivo del deportista. Evaluaci\u00f3n de las condiciones deportivas b\u00e1sicas esenciales para la pr\u00e1ctica deportiva. Pruebas (Fufier \u2013 Dikson). Evaluaci\u00f3n del crecimiento y desarrollo morfol\u00f3gico. Espirometr\u00eda.\" \/>\n<meta property=\"og:url\" content=\"https:\/\/arubasportsmedicine.org\/es\/servicios\/medicina-deportiva\/evaluacion-medica-deportiva\/\" \/>\n<meta property=\"og:site_name\" content=\"Fundacion CEMEDAR Centro Medico Deportivo Aruba\" \/>\n<meta property=\"article:publisher\" content=\"https:\/\/www.facebook.com\/CEMEDARCentroMedicoDeportivoAruba\" \/>\n<meta property=\"article:modified_time\" content=\"2025-04-24T19:22:40+00:00\" \/>\n<meta name=\"twitter:card\" content=\"summary_large_image\" \/>\n<meta name=\"twitter:site\" content=\"@CEMEDAR\" \/>\n<script type=\"application\/ld+json\" class=\"yoast-schema-graph\">{\"@context\":\"https:\/\/schema.org\",\"@graph\":[{\"@type\":\"WebPage\",\"@id\":\"https:\/\/arubasportsmedicine.org\/es\/servicios\/medicina-deportiva\/evaluacion-medica-deportiva\/\",\"url\":\"https:\/\/arubasportsmedicine.org\/es\/servicios\/medicina-deportiva\/evaluacion-medica-deportiva\/\",\"name\":\"Evaluaci\u00f3n m\u00e9dica deportiva - Fundacion CEMEDAR Centro Medico Deportivo Aruba\",\"isPartOf\":{\"@id\":\"https:\/\/arubasportsmedicine.org\/es\/#website\"},\"datePublished\":\"2025-04-24T19:17:57+00:00\",\"dateModified\":\"2025-04-24T19:22:40+00:00\",\"breadcrumb\":{\"@id\":\"https:\/\/arubasportsmedicine.org\/es\/servicios\/medicina-deportiva\/evaluacion-medica-deportiva\/#breadcrumb\"},\"inLanguage\":\"es\",\"potentialAction\":[{\"@type\":\"ReadAction\",\"target\":[\"https:\/\/arubasportsmedicine.org\/es\/servicios\/medicina-deportiva\/evaluacion-medica-deportiva\/\"]}]},{\"@type\":\"BreadcrumbList\",\"@id\":\"https:\/\/arubasportsmedicine.org\/es\/servicios\/medicina-deportiva\/evaluacion-medica-deportiva\/#breadcrumb\",\"itemListElement\":[{\"@type\":\"ListItem\",\"position\":1,\"name\":\"Home\",\"item\":\"https:\/\/arubasportsmedicine.org\/es\/\"},{\"@type\":\"ListItem\",\"position\":2,\"name\":\"Servicios\",\"item\":\"https:\/\/arubasportsmedicine.org\/es\/servicios\/\"},{\"@type\":\"ListItem\",\"position\":3,\"name\":\"Medicina deportiva\",\"item\":\"https:\/\/arubasportsmedicine.org\/es\/services\/sports-medicine\/\"},{\"@type\":\"ListItem\",\"position\":4,\"name\":\"Evaluaci\u00f3n m\u00e9dica deportiva\"}]},{\"@type\":\"WebSite\",\"@id\":\"https:\/\/arubasportsmedicine.org\/es\/#website\",\"url\":\"https:\/\/arubasportsmedicine.org\/es\/\",\"name\":\"Fundacion CEMEDAR Centro Medico Deportivo Aruba\",\"description\":\"Medicina Deportiva, Fisioterapia y Masajes Aruba\",\"publisher\":{\"@id\":\"https:\/\/arubasportsmedicine.org\/es\/#organization\"},\"potentialAction\":[{\"@type\":\"SearchAction\",\"target\":{\"@type\":\"EntryPoint\",\"urlTemplate\":\"https:\/\/arubasportsmedicine.org\/es\/?s={search_term_string}\"},\"query-input\":{\"@type\":\"PropertyValueSpecification\",\"valueRequired\":true,\"valueName\":\"search_term_string\"}}],\"inLanguage\":\"es\"},{\"@type\":\"Organization\",\"@id\":\"https:\/\/arubasportsmedicine.org\/es\/#organization\",\"name\":\"Fundacion Cemedar Centro Medico Deportivo Aruba\",\"url\":\"https:\/\/arubasportsmedicine.org\/es\/\",\"logo\":{\"@type\":\"ImageObject\",\"inLanguage\":\"es\",\"@id\":\"https:\/\/arubasportsmedicine.org\/es\/#\/schema\/logo\/image\/\",\"url\":\"https:\/\/arubasportsmedicine.org\/wp-content\/uploads\/2020\/09\/cemedar_logo_wp.png\",\"contentUrl\":\"https:\/\/arubasportsmedicine.org\/wp-content\/uploads\/2020\/09\/cemedar_logo_wp.png\",\"width\":332,\"height\":90,\"caption\":\"Fundacion Cemedar Centro Medico Deportivo Aruba\"},\"image\":{\"@id\":\"https:\/\/arubasportsmedicine.org\/es\/#\/schema\/logo\/image\/\"},\"sameAs\":[\"https:\/\/www.facebook.com\/CEMEDARCentroMedicoDeportivoAruba\",\"https:\/\/x.com\/CEMEDAR\",\"https:\/\/www.instagram.com\/cemedaruba\"]}]}<\/script>\n<!-- \/ Yoast SEO Premium plugin. -->","yoast_head_json":{"title":"Evaluaci\u00f3n m\u00e9dica deportiva - Fundacion CEMEDAR Centro Medico Deportivo Aruba","robots":{"index":"index","follow":"follow","max-snippet":"max-snippet:-1","max-image-preview":"max-image-preview:large","max-video-preview":"max-video-preview:-1"},"canonical":"https:\/\/arubasportsmedicine.org\/es\/servicios\/medicina-deportiva\/evaluacion-medica-deportiva\/","og_locale":"es_ES","og_type":"article","og_title":"Evaluaci\u00f3n m\u00e9dica deportiva","og_description":"Evaluaci\u00f3n m\u00e9dica deportiva Examen f\u00edsico general realizado por un especialista en medicina del deporte. Creaci\u00f3n de una base de datos del historial m\u00e9dico-deportivo del deportista. Evaluaci\u00f3n de las condiciones deportivas b\u00e1sicas esenciales para la pr\u00e1ctica deportiva. Pruebas (Fufier \u2013 Dikson). Evaluaci\u00f3n del crecimiento y desarrollo morfol\u00f3gico. Espirometr\u00eda.","og_url":"https:\/\/arubasportsmedicine.org\/es\/servicios\/medicina-deportiva\/evaluacion-medica-deportiva\/","og_site_name":"Fundacion CEMEDAR Centro Medico Deportivo Aruba","article_publisher":"https:\/\/www.facebook.com\/CEMEDARCentroMedicoDeportivoAruba","article_modified_time":"2025-04-24T19:22:40+00:00","twitter_card":"summary_large_image","twitter_site":"@CEMEDAR","schema":{"@context":"https:\/\/schema.org","@graph":[{"@type":"WebPage","@id":"https:\/\/arubasportsmedicine.org\/es\/servicios\/medicina-deportiva\/evaluacion-medica-deportiva\/","url":"https:\/\/arubasportsmedicine.org\/es\/servicios\/medicina-deportiva\/evaluacion-medica-deportiva\/","name":"Evaluaci\u00f3n m\u00e9dica deportiva - Fundacion CEMEDAR Centro Medico Deportivo Aruba","isPartOf":{"@id":"https:\/\/arubasportsmedicine.org\/es\/#website"},"datePublished":"2025-04-24T19:17:57+00:00","dateModified":"2025-04-24T19:22:40+00:00","breadcrumb":{"@id":"https:\/\/arubasportsmedicine.org\/es\/servicios\/medicina-deportiva\/evaluacion-medica-deportiva\/#breadcrumb"},"inLanguage":"es","potentialAction":[{"@type":"ReadAction","target":["https:\/\/arubasportsmedicine.org\/es\/servicios\/medicina-deportiva\/evaluacion-medica-deportiva\/"]}]},{"@type":"BreadcrumbList","@id":"https:\/\/arubasportsmedicine.org\/es\/servicios\/medicina-deportiva\/evaluacion-medica-deportiva\/#breadcrumb","itemListElement":[{"@type":"ListItem","position":1,"name":"Home","item":"https:\/\/arubasportsmedicine.org\/es\/"},{"@type":"ListItem","position":2,"name":"Servicios","item":"https:\/\/arubasportsmedicine.org\/es\/servicios\/"},{"@type":"ListItem","position":3,"name":"Medicina deportiva","item":"https:\/\/arubasportsmedicine.org\/es\/services\/sports-medicine\/"},{"@type":"ListItem","position":4,"name":"Evaluaci\u00f3n m\u00e9dica deportiva"}]},{"@type":"WebSite","@id":"https:\/\/arubasportsmedicine.org\/es\/#website","url":"https:\/\/arubasportsmedicine.org\/es\/","name":"Fundacion CEMEDAR Centro Medico Deportivo Aruba","description":"Medicina Deportiva, Fisioterapia y Masajes Aruba","publisher":{"@id":"https:\/\/arubasportsmedicine.org\/es\/#organization"},"potentialAction":[{"@type":"SearchAction","target":{"@type":"EntryPoint","urlTemplate":"https:\/\/arubasportsmedicine.org\/es\/?s={search_term_string}"},"query-input":{"@type":"PropertyValueSpecification","valueRequired":true,"valueName":"search_term_string"}}],"inLanguage":"es"},{"@type":"Organization","@id":"https:\/\/arubasportsmedicine.org\/es\/#organization","name":"Fundacion Cemedar Centro Medico Deportivo Aruba","url":"https:\/\/arubasportsmedicine.org\/es\/","logo":{"@type":"ImageObject","inLanguage":"es","@id":"https:\/\/arubasportsmedicine.org\/es\/#\/schema\/logo\/image\/","url":"https:\/\/arubasportsmedicine.org\/wp-content\/uploads\/2020\/09\/cemedar_logo_wp.png","contentUrl":"https:\/\/arubasportsmedicine.org\/wp-content\/uploads\/2020\/09\/cemedar_logo_wp.png","width":332,"height":90,"caption":"Fundacion Cemedar Centro Medico Deportivo Aruba"},"image":{"@id":"https:\/\/arubasportsmedicine.org\/es\/#\/schema\/logo\/image\/"},"sameAs":["https:\/\/www.facebook.com\/CEMEDARCentroMedicoDeportivoAruba","https:\/\/x.com\/CEMEDAR","https:\/\/www.instagram.com\/cemedaruba"]}]}},"_links":{"self":[{"href":"https:\/\/arubasportsmedicine.org\/es\/wp-json\/wp\/v2\/pages\/9527","targetHints":{"allow":["GET"]}}],"collection":[{"href":"https:\/\/arubasportsmedicine.org\/es\/wp-json\/wp\/v2\/pages"}],"about":[{"href":"https:\/\/arubasportsmedicine.org\/es\/wp-json\/wp\/v2\/types\/page"}],"author":[{"embeddable":true,"href":"https:\/\/arubasportsmedicine.org\/es\/wp-json\/wp\/v2\/users\/1"}],"replies":[{"embeddable":true,"href":"https:\/\/arubasportsmedicine.org\/es\/wp-json\/wp\/v2\/comments?post=9527"}],"version-history":[{"count":2,"href":"https:\/\/arubasportsmedicine.org\/es\/wp-json\/wp\/v2\/pages\/9527\/revisions"}],"predecessor-version":[{"id":9533,"href":"https:\/\/arubasportsmedicine.org\/es\/wp-json\/wp\/v2\/pages\/9527\/revisions\/9533"}],"up":[{"embeddable":true,"href":"https:\/\/arubasportsmedicine.org\/es\/wp-json\/wp\/v2\/pages\/8454"}],"wp:attachment":[{"href":"https:\/\/arubasportsmedicine.org\/es\/wp-json\/wp\/v2\/media?parent=9527"}],"curies":[{"name":"wp","href":"https:\/\/api.w.org\/{rel}","templated":true}]}}