{"id":9536,"date":"2025-04-24T15:28:17","date_gmt":"2025-04-24T19:28:17","guid":{"rendered":"https:\/\/arubasportsmedicine.org\/servicios\/evaluaciones-funcionales\/evaluaciones-de-la-condicion-y-el-rendimiento-deportivo\/"},"modified":"2025-04-24T15:30:22","modified_gmt":"2025-04-24T19:30:22","slug":"evaluaciones-de-la-condicion-y-el-rendimiento-deportivo","status":"publish","type":"page","link":"https:\/\/arubasportsmedicine.org\/es\/servicios\/evaluaciones-funcionales\/evaluaciones-de-la-condicion-y-el-rendimiento-deportivo\/","title":{"rendered":"Evaluaciones de la condici\u00f3n y el rendimiento deportivo"},"content":{"rendered":"\t\t<div data-elementor-type=\"wp-page\" data-elementor-id=\"9536\" class=\"elementor elementor-9536 elementor-9534\" data-elementor-post-type=\"page\">\n\t\t\t\t<div class=\"elementor-element elementor-element-73f02a1 e-flex e-con-boxed e-con e-parent\" data-id=\"73f02a1\" data-element_type=\"container\" data-e-type=\"container\">\n\t\t\t\t\t<div class=\"e-con-inner\">\n\t\t\t\t<div class=\"elementor-element elementor-element-0d521b4 elementor-widget elementor-widget-text-editor\" data-id=\"0d521b4\" data-element_type=\"widget\" data-e-type=\"widget\" data-widget_type=\"text-editor.default\">\n\t\t\t\t\t\t\t\t\t<ul><li>Evaluaci\u00f3n de las capacidades f\u00edsicas y niveles de rendimiento deportivo (flexibilidad, coordinaci\u00f3n, fuerza, resistencia y velocidad).<\/li><li><strong>Fortaleza<\/strong> :<ul><li>Dinamometr\u00eda digital.<\/li><li>Dinamometr\u00eda lumbar.<\/li><li>Ergosalto (potencia y coordinaci\u00f3n de miembros inferiores).<\/li><li>Determinaci\u00f3n de la velocidad media propulsiva (VMP) utilizando Velowin.<\/li><\/ul><\/li><li><strong>Flexibilidad y equilibrio muscular<\/strong> :<ul><li>Evaluaci\u00f3n del movimiento funcional (FMS).<\/li><li>Prueba de sentarse y alcanzar.<\/li><\/ul><\/li><li><strong>Resistencia<\/strong> :<ul><li>Determinaci\u00f3n directa e indirecta del VO2m\u00e1x.<\/li><li>An\u00e1lisis del umbral anaer\u00f3bico.<\/li><li>Evaluaci\u00f3n de la capacidad de trabajo f\u00edsico mediante cicloergometr\u00eda.<\/li><li>Evaluaci\u00f3n del metabolismo anaer\u00f3bico mediante lactacidemia.<\/li><\/ul><\/li><\/ul><p><strong>Composici\u00f3n corporal<\/strong><\/p><ul><li>Evaluaci\u00f3n morfol\u00f3gica mediante bioimpedancia.<\/li><li>Medidas de peso y altura.<\/li><li>Medidas antropom\u00e9tricas (di\u00e1metros, longitudes, circunferencias corporales).<\/li><\/ul><p><strong>Evaluaci\u00f3n cardiovascular<\/strong><\/p><ul><li>ECG en reposo.<\/li><\/ul><p><strong>Evaluaci\u00f3n metab\u00f3lica<\/strong><\/p><ul><li>Determinaci\u00f3n del metabolismo basal.<\/li><\/ul><p><strong>Evaluaciones de campo con pruebas espec\u00edficas del deporte<\/strong><\/p><ul><li>Evaluaci\u00f3n de la respuesta cardiovascular y metab\u00f3lica durante cargas de entrenamiento utilizando controles de variables fisiol\u00f3gicas y bioqu\u00edmicas:<ul><li>Lactato.<\/li><li>Frecuencia card\u00edaca.<\/li><li>An\u00e1lisis de orina.<\/li><li>Variables sangu\u00edneas.<\/li><\/ul><\/li><\/ul>\t\t\t\t\t\t\t\t<\/div>\n\t\t\t\t\t<\/div>\n\t\t\t\t<\/div>\n\t\t\t\t<\/div>\n\t\t","protected":false},"excerpt":{"rendered":"<p>Evaluaci\u00f3n de las capacidades f\u00edsicas y niveles de rendimiento deportivo (flexibilidad, coordinaci\u00f3n, fuerza, resistencia y velocidad). Fortaleza : Dinamometr\u00eda digital. Dinamometr\u00eda lumbar. Ergosalto (potencia y coordinaci\u00f3n de miembros inferiores). Determinaci\u00f3n de la velocidad media propulsiva (VMP) utilizando Velowin. Flexibilidad y equilibrio muscular : Evaluaci\u00f3n del movimiento funcional (FMS). Prueba de sentarse y alcanzar. Resistencia : [&hellip;]<\/p>\n","protected":false},"author":1,"featured_media":0,"parent":8411,"menu_order":0,"comment_status":"closed","ping_status":"closed","template":"","meta":{"_acf_changed":false,"footnotes":""},"class_list":["post-9536","page","type-page","status-publish","hentry"],"acf":[],"yoast_head":"<!-- This site is optimized with the Yoast SEO Premium plugin v24.4 (Yoast SEO v27.2) - https:\/\/yoast.com\/product\/yoast-seo-premium-wordpress\/ -->\n<title>Evaluaciones de la condici\u00f3n y el rendimiento deportivo - Fundacion CEMEDAR Centro Medico Deportivo Aruba<\/title>\n<meta name=\"robots\" content=\"index, follow, max-snippet:-1, max-image-preview:large, max-video-preview:-1\" \/>\n<link rel=\"canonical\" href=\"https:\/\/arubasportsmedicine.org\/es\/servicios\/evaluaciones-funcionales\/evaluaciones-de-la-condicion-y-el-rendimiento-deportivo\/\" \/>\n<meta property=\"og:locale\" content=\"es_ES\" \/>\n<meta property=\"og:type\" content=\"article\" \/>\n<meta property=\"og:title\" content=\"Evaluaciones de la condici\u00f3n y el rendimiento deportivo\" \/>\n<meta property=\"og:description\" content=\"Evaluaci\u00f3n de las capacidades f\u00edsicas y niveles de rendimiento deportivo (flexibilidad, coordinaci\u00f3n, fuerza, resistencia y velocidad). Fortaleza : Dinamometr\u00eda digital. Dinamometr\u00eda lumbar. Ergosalto (potencia y coordinaci\u00f3n de miembros inferiores). Determinaci\u00f3n de la velocidad media propulsiva (VMP) utilizando Velowin. Flexibilidad y equilibrio muscular : Evaluaci\u00f3n del movimiento funcional (FMS). Prueba de sentarse y alcanzar. Resistencia : [&hellip;]\" \/>\n<meta property=\"og:url\" content=\"https:\/\/arubasportsmedicine.org\/es\/servicios\/evaluaciones-funcionales\/evaluaciones-de-la-condicion-y-el-rendimiento-deportivo\/\" \/>\n<meta property=\"og:site_name\" content=\"Fundacion CEMEDAR Centro Medico Deportivo Aruba\" \/>\n<meta property=\"article:publisher\" content=\"https:\/\/www.facebook.com\/CEMEDARCentroMedicoDeportivoAruba\" \/>\n<meta property=\"article:modified_time\" content=\"2025-04-24T19:30:22+00:00\" \/>\n<meta name=\"twitter:card\" content=\"summary_large_image\" \/>\n<meta name=\"twitter:site\" content=\"@CEMEDAR\" \/>\n<meta name=\"twitter:label1\" content=\"Tiempo de lectura\" \/>\n\t<meta name=\"twitter:data1\" content=\"1 minuto\" \/>\n<script type=\"application\/ld+json\" class=\"yoast-schema-graph\">{\"@context\":\"https:\/\/schema.org\",\"@graph\":[{\"@type\":\"WebPage\",\"@id\":\"https:\/\/arubasportsmedicine.org\/es\/servicios\/evaluaciones-funcionales\/evaluaciones-de-la-condicion-y-el-rendimiento-deportivo\/\",\"url\":\"https:\/\/arubasportsmedicine.org\/es\/servicios\/evaluaciones-funcionales\/evaluaciones-de-la-condicion-y-el-rendimiento-deportivo\/\",\"name\":\"Evaluaciones de la condici\u00f3n y el rendimiento deportivo - Fundacion CEMEDAR Centro Medico Deportivo Aruba\",\"isPartOf\":{\"@id\":\"https:\/\/arubasportsmedicine.org\/es\/#website\"},\"datePublished\":\"2025-04-24T19:28:17+00:00\",\"dateModified\":\"2025-04-24T19:30:22+00:00\",\"breadcrumb\":{\"@id\":\"https:\/\/arubasportsmedicine.org\/es\/servicios\/evaluaciones-funcionales\/evaluaciones-de-la-condicion-y-el-rendimiento-deportivo\/#breadcrumb\"},\"inLanguage\":\"es\",\"potentialAction\":[{\"@type\":\"ReadAction\",\"target\":[\"https:\/\/arubasportsmedicine.org\/es\/servicios\/evaluaciones-funcionales\/evaluaciones-de-la-condicion-y-el-rendimiento-deportivo\/\"]}]},{\"@type\":\"BreadcrumbList\",\"@id\":\"https:\/\/arubasportsmedicine.org\/es\/servicios\/evaluaciones-funcionales\/evaluaciones-de-la-condicion-y-el-rendimiento-deportivo\/#breadcrumb\",\"itemListElement\":[{\"@type\":\"ListItem\",\"position\":1,\"name\":\"Home\",\"item\":\"https:\/\/arubasportsmedicine.org\/es\/\"},{\"@type\":\"ListItem\",\"position\":2,\"name\":\"Servicios\",\"item\":\"https:\/\/arubasportsmedicine.org\/es\/servicios\/\"},{\"@type\":\"ListItem\",\"position\":3,\"name\":\"Evaluaciones funcionales\",\"item\":\"https:\/\/arubasportsmedicine.org\/es\/services\/functional-evaluations\/\"},{\"@type\":\"ListItem\",\"position\":4,\"name\":\"Evaluaciones de la condici\u00f3n y el rendimiento deportivo\"}]},{\"@type\":\"WebSite\",\"@id\":\"https:\/\/arubasportsmedicine.org\/es\/#website\",\"url\":\"https:\/\/arubasportsmedicine.org\/es\/\",\"name\":\"Fundacion CEMEDAR Centro Medico Deportivo Aruba\",\"description\":\"Medicina Deportiva, Fisioterapia y Masajes Aruba\",\"publisher\":{\"@id\":\"https:\/\/arubasportsmedicine.org\/es\/#organization\"},\"potentialAction\":[{\"@type\":\"SearchAction\",\"target\":{\"@type\":\"EntryPoint\",\"urlTemplate\":\"https:\/\/arubasportsmedicine.org\/es\/?s={search_term_string}\"},\"query-input\":{\"@type\":\"PropertyValueSpecification\",\"valueRequired\":true,\"valueName\":\"search_term_string\"}}],\"inLanguage\":\"es\"},{\"@type\":\"Organization\",\"@id\":\"https:\/\/arubasportsmedicine.org\/es\/#organization\",\"name\":\"Fundacion Cemedar Centro Medico Deportivo Aruba\",\"url\":\"https:\/\/arubasportsmedicine.org\/es\/\",\"logo\":{\"@type\":\"ImageObject\",\"inLanguage\":\"es\",\"@id\":\"https:\/\/arubasportsmedicine.org\/es\/#\/schema\/logo\/image\/\",\"url\":\"https:\/\/arubasportsmedicine.org\/wp-content\/uploads\/2020\/09\/cemedar_logo_wp.png\",\"contentUrl\":\"https:\/\/arubasportsmedicine.org\/wp-content\/uploads\/2020\/09\/cemedar_logo_wp.png\",\"width\":332,\"height\":90,\"caption\":\"Fundacion Cemedar Centro Medico Deportivo Aruba\"},\"image\":{\"@id\":\"https:\/\/arubasportsmedicine.org\/es\/#\/schema\/logo\/image\/\"},\"sameAs\":[\"https:\/\/www.facebook.com\/CEMEDARCentroMedicoDeportivoAruba\",\"https:\/\/x.com\/CEMEDAR\",\"https:\/\/www.instagram.com\/cemedaruba\"]}]}<\/script>\n<!-- \/ Yoast SEO Premium plugin. -->","yoast_head_json":{"title":"Evaluaciones de la condici\u00f3n y el rendimiento deportivo - Fundacion CEMEDAR Centro Medico Deportivo Aruba","robots":{"index":"index","follow":"follow","max-snippet":"max-snippet:-1","max-image-preview":"max-image-preview:large","max-video-preview":"max-video-preview:-1"},"canonical":"https:\/\/arubasportsmedicine.org\/es\/servicios\/evaluaciones-funcionales\/evaluaciones-de-la-condicion-y-el-rendimiento-deportivo\/","og_locale":"es_ES","og_type":"article","og_title":"Evaluaciones de la condici\u00f3n y el rendimiento deportivo","og_description":"Evaluaci\u00f3n de las capacidades f\u00edsicas y niveles de rendimiento deportivo (flexibilidad, coordinaci\u00f3n, fuerza, resistencia y velocidad). Fortaleza : Dinamometr\u00eda digital. Dinamometr\u00eda lumbar. Ergosalto (potencia y coordinaci\u00f3n de miembros inferiores). Determinaci\u00f3n de la velocidad media propulsiva (VMP) utilizando Velowin. Flexibilidad y equilibrio muscular : Evaluaci\u00f3n del movimiento funcional (FMS). Prueba de sentarse y alcanzar. Resistencia : [&hellip;]","og_url":"https:\/\/arubasportsmedicine.org\/es\/servicios\/evaluaciones-funcionales\/evaluaciones-de-la-condicion-y-el-rendimiento-deportivo\/","og_site_name":"Fundacion CEMEDAR Centro Medico Deportivo Aruba","article_publisher":"https:\/\/www.facebook.com\/CEMEDARCentroMedicoDeportivoAruba","article_modified_time":"2025-04-24T19:30:22+00:00","twitter_card":"summary_large_image","twitter_site":"@CEMEDAR","twitter_misc":{"Tiempo de lectura":"1 minuto"},"schema":{"@context":"https:\/\/schema.org","@graph":[{"@type":"WebPage","@id":"https:\/\/arubasportsmedicine.org\/es\/servicios\/evaluaciones-funcionales\/evaluaciones-de-la-condicion-y-el-rendimiento-deportivo\/","url":"https:\/\/arubasportsmedicine.org\/es\/servicios\/evaluaciones-funcionales\/evaluaciones-de-la-condicion-y-el-rendimiento-deportivo\/","name":"Evaluaciones de la condici\u00f3n y el rendimiento deportivo - Fundacion CEMEDAR Centro Medico Deportivo Aruba","isPartOf":{"@id":"https:\/\/arubasportsmedicine.org\/es\/#website"},"datePublished":"2025-04-24T19:28:17+00:00","dateModified":"2025-04-24T19:30:22+00:00","breadcrumb":{"@id":"https:\/\/arubasportsmedicine.org\/es\/servicios\/evaluaciones-funcionales\/evaluaciones-de-la-condicion-y-el-rendimiento-deportivo\/#breadcrumb"},"inLanguage":"es","potentialAction":[{"@type":"ReadAction","target":["https:\/\/arubasportsmedicine.org\/es\/servicios\/evaluaciones-funcionales\/evaluaciones-de-la-condicion-y-el-rendimiento-deportivo\/"]}]},{"@type":"BreadcrumbList","@id":"https:\/\/arubasportsmedicine.org\/es\/servicios\/evaluaciones-funcionales\/evaluaciones-de-la-condicion-y-el-rendimiento-deportivo\/#breadcrumb","itemListElement":[{"@type":"ListItem","position":1,"name":"Home","item":"https:\/\/arubasportsmedicine.org\/es\/"},{"@type":"ListItem","position":2,"name":"Servicios","item":"https:\/\/arubasportsmedicine.org\/es\/servicios\/"},{"@type":"ListItem","position":3,"name":"Evaluaciones funcionales","item":"https:\/\/arubasportsmedicine.org\/es\/services\/functional-evaluations\/"},{"@type":"ListItem","position":4,"name":"Evaluaciones de la condici\u00f3n y el rendimiento deportivo"}]},{"@type":"WebSite","@id":"https:\/\/arubasportsmedicine.org\/es\/#website","url":"https:\/\/arubasportsmedicine.org\/es\/","name":"Fundacion CEMEDAR Centro Medico Deportivo Aruba","description":"Medicina Deportiva, Fisioterapia y Masajes Aruba","publisher":{"@id":"https:\/\/arubasportsmedicine.org\/es\/#organization"},"potentialAction":[{"@type":"SearchAction","target":{"@type":"EntryPoint","urlTemplate":"https:\/\/arubasportsmedicine.org\/es\/?s={search_term_string}"},"query-input":{"@type":"PropertyValueSpecification","valueRequired":true,"valueName":"search_term_string"}}],"inLanguage":"es"},{"@type":"Organization","@id":"https:\/\/arubasportsmedicine.org\/es\/#organization","name":"Fundacion Cemedar Centro Medico Deportivo Aruba","url":"https:\/\/arubasportsmedicine.org\/es\/","logo":{"@type":"ImageObject","inLanguage":"es","@id":"https:\/\/arubasportsmedicine.org\/es\/#\/schema\/logo\/image\/","url":"https:\/\/arubasportsmedicine.org\/wp-content\/uploads\/2020\/09\/cemedar_logo_wp.png","contentUrl":"https:\/\/arubasportsmedicine.org\/wp-content\/uploads\/2020\/09\/cemedar_logo_wp.png","width":332,"height":90,"caption":"Fundacion Cemedar Centro Medico Deportivo Aruba"},"image":{"@id":"https:\/\/arubasportsmedicine.org\/es\/#\/schema\/logo\/image\/"},"sameAs":["https:\/\/www.facebook.com\/CEMEDARCentroMedicoDeportivoAruba","https:\/\/x.com\/CEMEDAR","https:\/\/www.instagram.com\/cemedaruba"]}]}},"_links":{"self":[{"href":"https:\/\/arubasportsmedicine.org\/es\/wp-json\/wp\/v2\/pages\/9536","targetHints":{"allow":["GET"]}}],"collection":[{"href":"https:\/\/arubasportsmedicine.org\/es\/wp-json\/wp\/v2\/pages"}],"about":[{"href":"https:\/\/arubasportsmedicine.org\/es\/wp-json\/wp\/v2\/types\/page"}],"author":[{"embeddable":true,"href":"https:\/\/arubasportsmedicine.org\/es\/wp-json\/wp\/v2\/users\/1"}],"replies":[{"embeddable":true,"href":"https:\/\/arubasportsmedicine.org\/es\/wp-json\/wp\/v2\/comments?post=9536"}],"version-history":[{"count":2,"href":"https:\/\/arubasportsmedicine.org\/es\/wp-json\/wp\/v2\/pages\/9536\/revisions"}],"predecessor-version":[{"id":9541,"href":"https:\/\/arubasportsmedicine.org\/es\/wp-json\/wp\/v2\/pages\/9536\/revisions\/9541"}],"up":[{"embeddable":true,"href":"https:\/\/arubasportsmedicine.org\/es\/wp-json\/wp\/v2\/pages\/8411"}],"wp:attachment":[{"href":"https:\/\/arubasportsmedicine.org\/es\/wp-json\/wp\/v2\/media?parent=9536"}],"curies":[{"name":"wp","href":"https:\/\/api.w.org\/{rel}","templated":true}]}}